{"id":6344,"date":"2025-09-02T06:03:59","date_gmt":"2025-09-02T06:03:59","guid":{"rendered":"https:\/\/equivalenzaprofumi.com\/the-one-parfuem-von-dolce-gabbana-und-seine-besten-aequivalenzen"},"modified":"2025-11-03T07:11:18","modified_gmt":"2025-11-03T07:11:18","slug":"fragranza-numero-15","status":"publish","type":"page","link":"https:\/\/equivalenzaprofumi.com\/de\/fragranza-numero-15\/","title":{"rendered":"The One Parf\u00fcm von Dolce &amp; Gabbana und seine besten \u00c4quivalenzen"},"content":{"rendered":"\n<div style=\"height:40px\" aria-hidden=\"true\" class=\"wp-block-spacer\"><\/div>\n\n\n\n<p><strong>The One von Dolce &amp; Gabbana<\/strong> ist ein ikonischer Duft, der orientalische und blumige Noten zu einer warmen, sinnlichen und raffinierten Komposition vereint. Perfekt f\u00fcr elegante Abende und besondere Anl\u00e4sse, ist <strong>The One<\/strong> f\u00fcr seine zeitlose Eleganz bekannt. Wenn Sie g\u00fcnstigere Alternativen oder andere Farbt\u00f6ne suchen, finden Sie hier die besten <strong>\u00c4quivalente zu The One von D&amp;G<\/strong>.  <\/p>\n\n\n\n<p><\/p>\n\n\n\n<div style=\"height:50px\" aria-hidden=\"true\" class=\"wp-block-spacer\"><\/div>\n\n\n\n<p><\/p>\n\n\n\n<h2 class=\"wp-block-heading\">Die besten Alternativen zu The One von Dolce &amp; Gabbana<\/h2>\n\n\n\n<p>Hier sind vier D\u00fcfte, die die Essenz von <strong>The One<\/strong> wiedergeben und eine Kombination aus Eleganz und Intensit\u00e4t bieten, jedoch zu erschwinglicheren Preisen.<\/p>\n\n\n\n<p><\/p>\n\n\n\n<div style=\"height:20px\" aria-hidden=\"true\" class=\"wp-block-spacer\"><\/div>\n\n\n\n<p><\/p>\n\n\n\n<h3 class=\"wp-block-heading\">Saphir Select One: Eleganz und Raffinesse<\/h3>\n\n\n\n<p><strong>Saphir Select One<\/strong> ist ein Duft, der die Eleganz von <strong>The One<\/strong> mit einer Kombination aus Noten von wei\u00dfen Blumen, Bergamotte und frischen Fr\u00fcchten mit einer warmen Basis aus Moschus und Vanille nachahmt. Seine Zusammensetzung wird als elegant und raffiniert beschrieben, perfekt f\u00fcr diejenigen, die einen \u00e4hnlichen Duft wie <strong>The One<\/strong> suchen, aber sparsamer sind. <\/p>\n\n\n\n<div style=\"height:20px\" aria-hidden=\"true\" class=\"wp-block-spacer\"><\/div>\n\n\n\n<p><strong>Wichtigste Hinweise:<\/strong><\/p>\n\n\n\n<ul class=\"wp-block-list\">\n<li>Kopfnoten: Bergamotte, frische Fr\u00fcchte.<\/li>\n<\/ul>\n\n\n\n<p><\/p>\n\n\n\n<ul class=\"wp-block-list\">\n<li>Herznote: Wei\u00dfe Blumen.<\/li>\n<\/ul>\n\n\n\n<p><\/p>\n\n\n\n<ul class=\"wp-block-list\">\n<li>Basisnoten: Moschus, Vanille.<\/li>\n<\/ul>\n\n\n\n<p><\/p>\n\n\n\n<p><a href=\"https:\/\/equivalenzaprofumi.com\/equivalenza-saphir-select-one\/\">Mehr \u00fcber <strong>Saphir Select One<\/strong> erfahren Sie hier.<\/a><\/p>\n\n\n\n<p><\/p>\n\n\n\n<div style=\"height:20px\" aria-hidden=\"true\" class=\"wp-block-spacer\"><\/div>\n\n\n\n<p><\/p>\n\n\n\n<div class=\"aawp\">\n\n            \n            \n<div class=\"aawp-product aawp-product--horizontal aawp-product--css-adjust-image-large\"  data-aawp-product-asin=\"B00V88M2C2\" data-aawp-product-id=\"11756\" data-aawp-tracking-id=\"equivalenzapr-21\" data-aawp-product-title=\"PARFUMS SAPHIR Select One Eau de Parfum con Vaporizzatore da Donna 200 Ml\" data-aawp-geotargeting=\"true\" data-aawp-local-click-tracking=\"1\">\n\n    \n    <div class=\"aawp-product__thumb\">\n        <a class=\"aawp-product__image-link\" href=\"https:\/\/www.amazon.it\/dp\/B00V88M2C2?tag=equivalenzapr-21&#038;linkCode=ogi&#038;th=1&#038;psc=1\" title=\"PARFUMS SAPHIR Select One Eau de Parfum con Vaporizzatore da Donna, 200 Ml\" rel=\"nofollow noopener sponsored\" target=\"_blank\">\n            <img decoding=\"async\" class=\"aawp-product__image\" src=\"https:\/\/m.media-amazon.com\/images\/I\/31ZuWztk9OL.jpg\" alt=\"PARFUMS SAPHIR Select One Eau de Parfum con Vaporizzatore da Donna, 200 Ml\"  \/>\n        <\/a>\n\n            <\/div>\n\n    <div class=\"aawp-product__content\">\n        <a class=\"aawp-product__title\" href=\"https:\/\/www.amazon.it\/dp\/B00V88M2C2?tag=equivalenzapr-21&#038;linkCode=ogi&#038;th=1&#038;psc=1\" title=\"PARFUMS SAPHIR Select One Eau de Parfum con Vaporizzatore da Donna, 200 Ml\" rel=\"nofollow noopener sponsored\" target=\"_blank\">\n            PARFUMS SAPHIR Select One Eau de Parfum con Vaporizzatore da Donna, 200 Ml        <\/a>\n        <div class=\"aawp-product__description\">\n            <ul><li>Profumo fresco e floreale<\/li><li>La sua piramide olfattiva inizia con note di bergamotto, per continuare con dettagli di gelsomino che ci trasportano in un ambiente naturale.<\/li><li>Le eau de parfums SAPHIR Parfums sono ideali per le donne che vogliono prendersi cura di se stesse quotidianamente, perch\u00e9 sono fragranze piacevoli e di lunga durata.<\/li><li>Con pochi tocchi sui polsi e sul collo, otterrete la fragranza che vi accompagner\u00e0 tutto il giorno.<\/li><li>Inoltre, il suo flacone spray da 200 ml lo rende un profumo conveniente per l&#8217;uso quotidiano.<\/li><\/ul>        <\/div>\n    <\/div>\n\n    <div class=\"aawp-product__footer\">\n\n        <div class=\"aawp-product__pricing\">\n            \n                            <span class=\"aawp-product__price aawp-product__price--current\"><\/span>\n            \n                    <\/div>\n\n                <a class=\"aawp-button aawp-button--buy aawp-button aawp-button--amazon\" href=\"https:\/\/www.amazon.it\/dp\/B00V88M2C2?tag=equivalenzapr-21&#038;linkCode=ogi&#038;th=1&#038;psc=1\" title=\"AUF AMAZON ANSEHEN\" target=\"_blank\" rel=\"nofollow noopener sponsored\">AUF AMAZON ANSEHEN<\/a>\n            <\/div>\n\n<\/div>\n\n    \n<\/div>\n<p class=\"aawp-disclaimer\"><span style=\"vertical-align: inherit;\"><span style=\"vertical-align: inherit;\">Preise und Verf\u00fcgbarkeit aktualisiert am 1.05.2026 (\u00c4nderungen vorbehalten). Als Amazon-Partner verdienen wir an qualifizierten Verk\u00e4ufen \u2013 ohne Mehrkosten f\u00fcr dich.<\/span><\/span><\/p>\n\n\n<p><\/p>\n\n\n\n<div style=\"height:50px\" aria-hidden=\"true\" class=\"wp-block-spacer\"><\/div>\n\n\n\n<p><\/p>\n\n\n\n<h3 class=\"wp-block-heading\">iAP Pharma Nr. 14: Eine s\u00fc\u00dfe und warme Alternative<\/h3>\n\n\n\n<p><strong>iAP Pharma N\u00ba 14<\/strong> ist eineAlternative , die die Essenz von <strong>The One<\/strong> mit orientalischen und blumigen Noten widerspiegelt. Dieses Parf\u00fcm zeichnet sich durch seine Weichheit und W\u00e4rme aus, mit einer Kombination aus Vanille, Moschus und frischen Blumen. <strong>iAP Pharma N\u00ba 14<\/strong> ist ideal f\u00fcr alle, die warme und umh\u00fcllende D\u00fcfte m\u00f6gen, \u00e4hnlich wie <strong>The One<\/strong>, aber zu einem erschwinglichen Preis. <\/p>\n\n\n\n<p><strong>Wichtigste Hinweise:<\/strong><\/p>\n\n\n\n<ul class=\"wp-block-list\">\n<li>Kopfnoten: Bergamotte.<\/li>\n<\/ul>\n\n\n\n<p><\/p>\n\n\n\n<ul class=\"wp-block-list\">\n<li>Herznote: Frische Blumen, Amber.<\/li>\n<\/ul>\n\n\n\n<p><\/p>\n\n\n\n<ul class=\"wp-block-list\">\n<li>Basisnoten: Vanille, Moschus.<\/li>\n<\/ul>\n\n\n\n<p><\/p>\n\n\n\n<p><a href=\"https:\/\/equivalenzaprofumi.com\/de\/aquivalenz-iap-pharma-nr-14\/\">Mehr \u00fcber <strong>iAP Pharma Nr. 14<\/strong> erfahren Sie hier.<\/a><\/p>\n\n\n\n<p><\/p>\n\n\n\n<div style=\"height:20px\" aria-hidden=\"true\" class=\"wp-block-spacer\"><\/div>\n\n\n\n<p><\/p>\n\n\n\n<div class=\"aawp\">\n\n            \n            \n<div class=\"aawp-product aawp-product--horizontal aawp-product--css-adjust-image-large\"  data-aawp-product-asin=\"B00W79WMQC\" data-aawp-product-id=\"11634\" data-aawp-tracking-id=\"equivalenzapr-21\" data-aawp-product-title=\"iap PHARMA PARFUMS N\u00ba 14 - Profumo Floreale da Donna Legnosa 150 Millilitri\" data-aawp-geotargeting=\"true\" data-aawp-local-click-tracking=\"1\">\n\n    \n    <div class=\"aawp-product__thumb\">\n        <a class=\"aawp-product__image-link\" href=\"https:\/\/www.amazon.it\/dp\/B00W79WMQC?tag=equivalenzapr-21&#038;linkCode=ogi&#038;th=1&#038;psc=1\" title=\"iap PHARMA PARFUMS N\u00ba 14 - Profumo Floreale da Donna, Legnosa, 150 Millilitri\" rel=\"nofollow noopener sponsored\" target=\"_blank\">\n            <img decoding=\"async\" class=\"aawp-product__image\" src=\"https:\/\/m.media-amazon.com\/images\/I\/31nTEjKJ4yL.jpg\" alt=\"iap PHARMA PARFUMS N\u00ba 14 - Profumo Floreale da Donna, Legnosa, 150 Millilitri\"  \/>\n        <\/a>\n\n            <\/div>\n\n    <div class=\"aawp-product__content\">\n        <a class=\"aawp-product__title\" href=\"https:\/\/www.amazon.it\/dp\/B00W79WMQC?tag=equivalenzapr-21&#038;linkCode=ogi&#038;th=1&#038;psc=1\" title=\"iap PHARMA PARFUMS N\u00ba 14 - Profumo Floreale da Donna, Legnosa, 150 Millilitri\" rel=\"nofollow noopener sponsored\" target=\"_blank\">\n            iap PHARMA PARFUMS N\u00ba 14 &#8211; Profumo Floreale da Donna, Legnosa, 150 Millilitri        <\/a>\n        <div class=\"aawp-product__description\">\n            <ul><li>Eau de parfum la donna di lunga durata che rimangono a lungo sulla pelle<\/li><li>Goditi il suo aroma legnoso e dolce<\/li><li>Con note di sandalo e patchouli<\/li><li>Profumo 150 ml con vaporizzatore da donna<\/li><li>Ottimo per l&#8217;uso quotidiano<\/li><\/ul>        <\/div>\n    <\/div>\n\n    <div class=\"aawp-product__footer\">\n\n        <div class=\"aawp-product__pricing\">\n            \n                            <span class=\"aawp-product__price aawp-product__price--current\"><\/span>\n            \n                    <\/div>\n\n                <a class=\"aawp-button aawp-button--buy aawp-button aawp-button--amazon\" href=\"https:\/\/www.amazon.it\/dp\/B00W79WMQC?tag=equivalenzapr-21&#038;linkCode=ogi&#038;th=1&#038;psc=1\" title=\"AUF AMAZON ANSEHEN\" target=\"_blank\" rel=\"nofollow noopener sponsored\">AUF AMAZON ANSEHEN<\/a>\n            <\/div>\n\n<\/div>\n\n    \n<\/div>\n<p class=\"aawp-disclaimer\"><span style=\"vertical-align: inherit;\"><span style=\"vertical-align: inherit;\">Preise und Verf\u00fcgbarkeit aktualisiert am 30.04.2026 (\u00c4nderungen vorbehalten). Als Amazon-Partner verdienen wir an qualifizierten Verk\u00e4ufen \u2013 ohne Mehrkosten f\u00fcr dich.<\/span><\/span><\/p>\n\n\n<p><\/p>\n\n\n\n<div style=\"height:50px\" aria-hidden=\"true\" class=\"wp-block-spacer\"><\/div>\n\n\n\n<p><\/p>\n\n\n\n<h3 class=\"wp-block-heading\">Yodeyma Sophisticate: Warme florale Eleganz<\/h3>\n\n\n\n<p><strong>Yodeyma Sophisticate<\/strong> ist ein Duft, der die Sinnlichkeit von <strong>The One<\/strong> widerspiegelt, jedoch mit einer st\u00e4rkeren Betonung auf blumigen und orientalischen Noten. Mit einer blumigen Herznote und einer warmen Basis aus Moschus und Amber ist <strong>Yodeyma Sophisticate<\/strong> ideal f\u00fcr alle, die eine elegante und raffinierte Alternative suchen, aber zu einem niedrigeren Preis als das Original. <\/p>\n\n\n\n<p><strong>Wichtigste Hinweise:<\/strong><\/p>\n\n\n\n<ul class=\"wp-block-list\">\n<li>Kopfnoten: Frische Blumen.<\/li>\n<\/ul>\n\n\n\n<p><\/p>\n\n\n\n<ul class=\"wp-block-list\">\n<li>Herznote: Jasmin, wei\u00dfe Bl\u00fcten.<\/li>\n<\/ul>\n\n\n\n<p><\/p>\n\n\n\n<ul class=\"wp-block-list\">\n<li>Basisnoten: Moschus, Amber.<\/li>\n<\/ul>\n\n\n\n<p><\/p>\n\n\n\n<p><a href=\"https:\/\/equivalenzaprofumi.com\/aequivalenz-yodeyma-sophisticate\/\">Mehr \u00fcber <strong>Yodeyma Sophisticate<\/strong> erfahren Sie hier.<\/a><\/p>\n\n\n\n<p><\/p>\n\n\n\n<div style=\"height:20px\" aria-hidden=\"true\" class=\"wp-block-spacer\"><\/div>\n\n\n\n<p><\/p>\n\n\n\n<div class=\"aawp\">\n\n            \n            \n<div class=\"aawp-product aawp-product--horizontal aawp-product--css-adjust-image-large\"  data-aawp-product-asin=\"B0CCMTG8FV\" data-aawp-product-id=\"11795\" data-aawp-tracking-id=\"equivalenzapr-21\" data-aawp-product-title=\"Sophisticates Eau de Parfum 100ml Profumo Donna\" data-aawp-geotargeting=\"true\" data-aawp-local-click-tracking=\"1\">\n\n    \n    <div class=\"aawp-product__thumb\">\n        <a class=\"aawp-product__image-link\" href=\"https:\/\/www.amazon.it\/dp\/B0CCMTG8FV?tag=equivalenzapr-21&#038;linkCode=ogi&#038;th=1&#038;psc=1\" title=\"Sophisticates Eau de Parfum 100ml. Profumo Donna\" rel=\"nofollow noopener sponsored\" target=\"_blank\">\n            <img decoding=\"async\" class=\"aawp-product__image\" src=\"https:\/\/m.media-amazon.com\/images\/I\/41OH3YqX3wL.jpg\" alt=\"Sophisticates Eau de Parfum 100ml. Profumo Donna\"  \/>\n        <\/a>\n\n            <\/div>\n\n    <div class=\"aawp-product__content\">\n        <a class=\"aawp-product__title\" href=\"https:\/\/www.amazon.it\/dp\/B0CCMTG8FV?tag=equivalenzapr-21&#038;linkCode=ogi&#038;th=1&#038;psc=1\" title=\"Sophisticates Eau de Parfum 100ml. Profumo Donna\" rel=\"nofollow noopener sponsored\" target=\"_blank\">\n            Sophisticates Eau de Parfum 100ml. Profumo Donna        <\/a>\n        <div class=\"aawp-product__description\">\n                    <\/div>\n    <\/div>\n\n    <div class=\"aawp-product__footer\">\n\n        <div class=\"aawp-product__pricing\">\n            \n                            <span class=\"aawp-product__price aawp-product__price--current\"><\/span>\n            \n                    <\/div>\n\n                <a class=\"aawp-button aawp-button--buy aawp-button aawp-button--amazon\" href=\"https:\/\/www.amazon.it\/dp\/B0CCMTG8FV?tag=equivalenzapr-21&#038;linkCode=ogi&#038;th=1&#038;psc=1\" title=\"AUF AMAZON ANSEHEN\" target=\"_blank\" rel=\"nofollow noopener sponsored\">AUF AMAZON ANSEHEN<\/a>\n            <\/div>\n\n<\/div>\n\n    \n<\/div>\n<p class=\"aawp-disclaimer\"><span style=\"vertical-align: inherit;\"><span style=\"vertical-align: inherit;\">Preise und Verf\u00fcgbarkeit aktualisiert am 30.04.2026 (\u00c4nderungen vorbehalten). Als Amazon-Partner verdienen wir an qualifizierten Verk\u00e4ufen \u2013 ohne Mehrkosten f\u00fcr dich.<\/span><\/span><\/p>\n\n\n<p><\/p>\n\n\n\n<div style=\"height:50px\" aria-hidden=\"true\" class=\"wp-block-spacer\"><\/div>\n\n\n\n<p><\/p>\n\n\n\n<h3 class=\"wp-block-heading\">Verset Claudia: Eine s\u00fc\u00dfe und sinnliche Alternative<\/h3>\n\n\n\n<p><strong>Verset Claudia<\/strong> ist ein Duft, der mit seiner s\u00fc\u00dfen, blumigen Basis und Noten von Vanille und Moschus, die ihn warm und sinnlich machen, an <strong>The One<\/strong> erinnert. <strong>Verset Claudia<\/strong> ist die ideale Wahl f\u00fcr alle, die einen Duft mit einem umh\u00fcllenden und anhaltenden Duft w\u00fcnschen, \u00e4hnlich dem von <strong>The One<\/strong>, aber zu einem g\u00fcnstigeren Preis.<\/p>\n\n\n\n<p><strong>Wichtigste Hinweise:<\/strong><\/p>\n\n\n\n<ul class=\"wp-block-list\">\n<li>Kopfnoten: frische Fr\u00fcchte, Bergamotte.<\/li>\n\n\n\n<li>Herznote: Wei\u00dfe Blumen.<\/li>\n\n\n\n<li>Basisnoten: Vanille, Moschus.<\/li>\n<\/ul>\n\n\n\n<p><a href=\"https:\/\/equivalenzaprofumi.com\/verset-claudia\/\" data-type=\"page\" data-id=\"3185\">Mehr \u00fcber <strong>Verset Claudia<\/strong> erfahren Sie hier.<\/a><\/p>\n\n\n\n<p><\/p>\n\n\n\n<div style=\"height:20px\" aria-hidden=\"true\" class=\"wp-block-spacer\"><\/div>\n\n\n\n<p><\/p>\n\n\n\n<div class=\"aawp\">\n\n            \n            \n<div class=\"aawp-product aawp-product--horizontal aawp-product--css-adjust-image-large\"  data-aawp-product-asin=\"B07GDNGLQS\" data-aawp-product-id=\"11728\" data-aawp-tracking-id=\"equivalenzapr-21\" data-aawp-product-title=\"VERSET JANA EDT 15ML\" data-aawp-geotargeting=\"true\" data-aawp-local-click-tracking=\"1\">\n\n    \n    <div class=\"aawp-product__thumb\">\n        <a class=\"aawp-product__image-link\" href=\"https:\/\/www.amazon.it\/dp\/B07GDNGLQS?tag=equivalenzapr-21&#038;linkCode=ogi&#038;th=1&#038;psc=1\" title=\"VERSET JANA EDT 15ML\" rel=\"nofollow noopener sponsored\" target=\"_blank\">\n            <img decoding=\"async\" class=\"aawp-product__image\" src=\"https:\/\/m.media-amazon.com\/images\/I\/31hEHkFlP2L.jpg\" alt=\"VERSET JANA EDT 15ML\"  \/>\n        <\/a>\n\n            <\/div>\n\n    <div class=\"aawp-product__content\">\n        <a class=\"aawp-product__title\" href=\"https:\/\/www.amazon.it\/dp\/B07GDNGLQS?tag=equivalenzapr-21&#038;linkCode=ogi&#038;th=1&#038;psc=1\" title=\"VERSET JANA EDT 15ML\" rel=\"nofollow noopener sponsored\" target=\"_blank\">\n            VERSET JANA EDT 15ML        <\/a>\n        <div class=\"aawp-product__description\">\n            <ul><li>note floreali<\/li><li>Orientale legnoso, fiori di zenzero, gelsomino d&#8217;acqua, vaniglia<\/li><li>toni speziati<\/li><\/ul>        <\/div>\n    <\/div>\n\n    <div class=\"aawp-product__footer\">\n\n        <div class=\"aawp-product__pricing\">\n            \n                            <span class=\"aawp-product__price aawp-product__price--current\"><\/span>\n            \n                    <\/div>\n\n                <a class=\"aawp-button aawp-button--buy aawp-button aawp-button--amazon\" href=\"https:\/\/www.amazon.it\/dp\/B07GDNGLQS?tag=equivalenzapr-21&#038;linkCode=ogi&#038;th=1&#038;psc=1\" title=\"AUF AMAZON ANSEHEN\" target=\"_blank\" rel=\"nofollow noopener sponsored\">AUF AMAZON ANSEHEN<\/a>\n            <\/div>\n\n<\/div>\n\n    \n<\/div>\n<p class=\"aawp-disclaimer\"><span style=\"vertical-align: inherit;\"><span style=\"vertical-align: inherit;\">Preise und Verf\u00fcgbarkeit aktualisiert am 30.04.2026 (\u00c4nderungen vorbehalten). Als Amazon-Partner verdienen wir an qualifizierten Verk\u00e4ufen \u2013 ohne Mehrkosten f\u00fcr dich.<\/span><\/span><\/p>\n\n\n<p><\/p>\n\n\n\n<div style=\"height:50px\" aria-hidden=\"true\" class=\"wp-block-spacer\"><\/div>\n\n\n\n<p><\/p>\n\n\n\n<h2 class=\"wp-block-heading\">Was ist die beste Alternative zu The One von Dolce &amp; Gabbana?<\/h2>\n\n\n\n<p>Alle oben genannten D\u00fcfte sind eine hervorragende Alternative zu <strong>The One von Dolce &amp; Gabbana<\/strong>. Wenn Sie auf der Suche nach einem eleganten Parf\u00fcm mit frischen, blumigen Noten sind, k\u00f6nnte <strong>Saphir Select One<\/strong> die richtige Wahl sein.  <\/p>\n\n\n\n<p>Wenn Sie eine w\u00e4rmere, umh\u00fcllende Alternative bevorzugen, ist <strong>iAP Pharma N\u00ba 14<\/strong> eine ideale Wahl. Wenn Sie einen raffinierten Duft mit blumigen und holzigen Noten w\u00fcnschen, ist <strong>Yodeyma Sophisticate<\/strong> eine perfekte Wahl. Und wenn Sie einen s\u00fc\u00dfen und sinnlichen Duft bevorzugen, ist <strong>Verset Claudia<\/strong> eine ausgezeichnete Alternative.  <\/p>\n\n\n\n<p><\/p>\n\n\n\n<div style=\"height:50px\" aria-hidden=\"true\" class=\"wp-block-spacer\"><\/div>\n\n\n\n<p><\/p>\n\n\n\n<div style=\"height:50px\" aria-hidden=\"true\" class=\"wp-block-spacer\"><\/div>\n","protected":false},"excerpt":{"rendered":"<p>The One von Dolce &amp; Gabbana ist ein ikonischer Duft, der orientalische und blumige Noten zu einer warmen, sinnlichen und raffinierten Komposition vereint. Perfekt f\u00fcr elegante Abende und besondere Anl\u00e4sse, ist The One f\u00fcr seine zeitlose Eleganz bekannt. Wenn Sie g\u00fcnstigere Alternativen oder andere Farbt\u00f6ne [&hellip;]<\/p>\n","protected":false},"author":1,"featured_media":6345,"parent":0,"menu_order":0,"comment_status":"closed","ping_status":"closed","template":"","meta":{"site-sidebar-layout":"default","site-content-layout":"","ast-site-content-layout":"default","site-content-style":"default","site-sidebar-style":"default","ast-global-header-display":"","ast-banner-title-visibility":"","ast-main-header-display":"","ast-hfb-above-header-display":"","ast-hfb-below-header-display":"","ast-hfb-mobile-header-display":"","site-post-title":"","ast-breadcrumbs-content":"","ast-featured-img":"disabled","footer-sml-layout":"","theme-transparent-header-meta":"","adv-header-id-meta":"","stick-header-meta":"","header-above-stick-meta":"","header-main-stick-meta":"","header-below-stick-meta":"","astra-migrate-meta-layouts":"set","ast-page-background-enabled":"default","ast-page-background-meta":{"desktop":{"background-color":"var(--ast-global-color-4)","background-image":"","background-repeat":"repeat","background-position":"center center","background-size":"auto","background-attachment":"scroll","background-type":"","background-media":"","overlay-type":"","overlay-color":"","overlay-opacity":"","overlay-gradient":""},"tablet":{"background-color":"","background-image":"","background-repeat":"repeat","background-position":"center center","background-size":"auto","background-attachment":"scroll","background-type":"","background-media":"","overlay-type":"","overlay-color":"","overlay-opacity":"","overlay-gradient":""},"mobile":{"background-color":"","background-image":"","background-repeat":"repeat","background-position":"center center","background-size":"auto","background-attachment":"scroll","background-type":"","background-media":"","overlay-type":"","overlay-color":"","overlay-opacity":"","overlay-gradient":""}},"ast-content-background-meta":{"desktop":{"background-color":"var(--ast-global-color-5)","background-image":"","background-repeat":"repeat","background-position":"center center","background-size":"auto","background-attachment":"scroll","background-type":"","background-media":"","overlay-type":"","overlay-color":"","overlay-opacity":"","overlay-gradient":""},"tablet":{"background-color":"var(--ast-global-color-5)","background-image":"","background-repeat":"repeat","background-position":"center center","background-size":"auto","background-attachment":"scroll","background-type":"","background-media":"","overlay-type":"","overlay-color":"","overlay-opacity":"","overlay-gradient":""},"mobile":{"background-color":"var(--ast-global-color-5)","background-image":"","background-repeat":"repeat","background-position":"center center","background-size":"auto","background-attachment":"scroll","background-type":"","background-media":"","overlay-type":"","overlay-color":"","overlay-opacity":"","overlay-gradient":""}},"footnotes":""},"class_list":["post-6344","page","type-page","status-publish","has-post-thumbnail","hentry"],"_links":{"self":[{"href":"https:\/\/equivalenzaprofumi.com\/de\/wp-json\/wp\/v2\/pages\/6344","targetHints":{"allow":["GET"]}}],"collection":[{"href":"https:\/\/equivalenzaprofumi.com\/de\/wp-json\/wp\/v2\/pages"}],"about":[{"href":"https:\/\/equivalenzaprofumi.com\/de\/wp-json\/wp\/v2\/types\/page"}],"author":[{"embeddable":true,"href":"https:\/\/equivalenzaprofumi.com\/de\/wp-json\/wp\/v2\/users\/1"}],"replies":[{"embeddable":true,"href":"https:\/\/equivalenzaprofumi.com\/de\/wp-json\/wp\/v2\/comments?post=6344"}],"version-history":[{"count":3,"href":"https:\/\/equivalenzaprofumi.com\/de\/wp-json\/wp\/v2\/pages\/6344\/revisions"}],"predecessor-version":[{"id":14283,"href":"https:\/\/equivalenzaprofumi.com\/de\/wp-json\/wp\/v2\/pages\/6344\/revisions\/14283"}],"wp:featuredmedia":[{"embeddable":true,"href":"https:\/\/equivalenzaprofumi.com\/de\/wp-json\/wp\/v2\/media\/6345"}],"wp:attachment":[{"href":"https:\/\/equivalenzaprofumi.com\/de\/wp-json\/wp\/v2\/media?parent=6344"}],"curies":[{"name":"wp","href":"https:\/\/api.w.org\/{rel}","templated":true}]}}