{"id":6347,"date":"2025-09-02T06:06:30","date_gmt":"2025-09-02T06:06:30","guid":{"rendered":"https:\/\/equivalenzaprofumi.com\/parfuem-ralph-lauren-blue-und-seine-besten-aequivalenzen"},"modified":"2025-11-07T20:02:32","modified_gmt":"2025-11-07T20:02:32","slug":"fragranza-numero-10","status":"publish","type":"page","link":"https:\/\/equivalenzaprofumi.com\/de\/fragranza-numero-10\/","title":{"rendered":"Parf\u00fcm Ralph Lauren Blue und seine besten \u00c4quivalenzen"},"content":{"rendered":"\n<div style=\"height:40px\" aria-hidden=\"true\" class=\"wp-block-spacer\"><\/div>\n\n\n\n<p><strong>Ralph Lauren Blue<\/strong> ist ein frischer, fruchtiger Duft, der mit Noten von Zitrusfr\u00fcchten und wei\u00dfen Blumen die Essenz eines Tages am Strand einf\u00e4ngt. <\/p>\n\n\n\n<p>Wenn Sie <strong>Ralph Lauren Blue<\/strong> m\u00f6gen, aber nach Alternativen suchen, die ein \u00e4hnliches Parf\u00fcm zu einem g\u00fcnstigeren Preis anbieten, finden Sie hier einige der besten <strong>Ralph Lauren Blue-\u00c4quivalente<\/strong>.<\/p>\n\n\n\n<p><\/p>\n\n\n\n<div style=\"height:50px\" aria-hidden=\"true\" class=\"wp-block-spacer\"><\/div>\n\n\n\n<p><\/p>\n\n\n\n<h2 class=\"wp-block-heading\">Die besten Alternativen zu Ralph Lauren Blue<\/h2>\n\n\n\n<p>Hier sind zwei Parfums, die die frische, blumige Essenz von <strong>Ralph Lauren Blue<\/strong> wiedergeben, aber zu einem guten Preis-Leistungs-Verh\u00e4ltnis.<\/p>\n\n\n\n<div style=\"height:20px\" aria-hidden=\"true\" class=\"wp-block-spacer\"><\/div>\n\n\n\n<p><\/p>\n\n\n\n<h3 class=\"wp-block-heading\">Saphir Oceanyc Woman: Frische und Leichtigkeit<\/h3>\n\n\n\n<p><strong>Saphir Oceanyc Woman<\/strong> ist eine der beliebtesten Alternativen zu <strong>Ralph Lauren Blue<\/strong>. Dieser Duft erinnert an den Geruch des Meeres und der Sommerbrise, mit Noten von frischen Zitrusfr\u00fcchten und einer blumigen Herznote, die ihn leicht und anspruchsvoll macht. Er ist perfekt f\u00fcr diejenigen, die einen \u00e4hnlichen Duft wie <strong>Ralph Lauren Blue<\/strong> suchen, aber zu einem g\u00fcnstigeren Preis.  <\/p>\n\n\n\n<p><strong>Wichtigste Hinweise:<\/strong><\/p>\n\n\n\n<ul class=\"wp-block-list\">\n<li>Kopfnoten: frische Zitrusfr\u00fcchte, rote Fr\u00fcchte.<\/li>\n<\/ul>\n\n\n\n<p><\/p>\n\n\n\n<ul class=\"wp-block-list\">\n<li>Herznote: Wei\u00dfe Bl\u00fcten, Jasmin.<\/li>\n<\/ul>\n\n\n\n<p><\/p>\n\n\n\n<ul class=\"wp-block-list\">\n<li>Basisnoten: Moschus, weiche H\u00f6lzer.<\/li>\n<\/ul>\n\n\n\n<p><\/p>\n\n\n\n<p class=\"has-text-align-left\"><a href=\"https:\/\/equivalenzaprofumi.com\/equivalenza-saphir-oceanyc-woman\/\"><strong>Mehr \u00fcber Saphir Oceanyc Woman erfahren Sie hier.<\/strong><\/a><\/p>\n\n\n\n<p><\/p>\n\n\n\n<div style=\"height:20px\" aria-hidden=\"true\" class=\"wp-block-spacer\"><\/div>\n\n\n\n<p><\/p>\n\n\n\n<div class=\"aawp\">\n\n            \n            \n<div class=\"aawp-product aawp-product--horizontal aawp-product--css-adjust-image-large\"  data-aawp-product-asin=\"B00H3KOF0G\" data-aawp-product-id=\"11400\" data-aawp-tracking-id=\"equivalenzapr-21\" data-aawp-product-title=\"PARFUMS SAPHIR Oceanyc Woman Eau de Parfum con Vaporizzatore da Donna 200 Ml\" data-aawp-geotargeting=\"true\" data-aawp-local-click-tracking=\"1\">\n\n    \n    <div class=\"aawp-product__thumb\">\n        <a class=\"aawp-product__image-link\" href=\"https:\/\/www.amazon.it\/dp\/B00H3KOF0G?tag=equivalenzapr-21&#038;linkCode=ogi&#038;th=1&#038;psc=1\" title=\"PARFUMS SAPHIR Oceanyc Woman, Eau de Parfum con Vaporizzatore da Donna, 200 Ml\" rel=\"nofollow noopener sponsored\" target=\"_blank\">\n            <img decoding=\"async\" class=\"aawp-product__image\" src=\"https:\/\/m.media-amazon.com\/images\/I\/312fiMx3BnS.jpg\" alt=\"PARFUMS SAPHIR Oceanyc Woman, Eau de Parfum con Vaporizzatore da Donna, 200 Ml\"  \/>\n        <\/a>\n\n            <\/div>\n\n    <div class=\"aawp-product__content\">\n        <a class=\"aawp-product__title\" href=\"https:\/\/www.amazon.it\/dp\/B00H3KOF0G?tag=equivalenzapr-21&#038;linkCode=ogi&#038;th=1&#038;psc=1\" title=\"PARFUMS SAPHIR Oceanyc Woman, Eau de Parfum con Vaporizzatore da Donna, 200 Ml\" rel=\"nofollow noopener sponsored\" target=\"_blank\">\n            PARFUMS SAPHIR Oceanyc Woman, Eau de Parfum con Vaporizzatore da Donna, 200 Ml        <\/a>\n        <div class=\"aawp-product__description\">\n            <ul class=\"a-unordered-list a-vertical a-spacing-mini\"> <li><span class=\"a-list-item\">Profumo femminile e sofisticato che risveglia tutti i sensi<\/span><\/li> <li><span class=\"a-list-item\">La sua piramide olfattiva inizia con note di mela, per continuare con dettagli di gelsomino che ci trasportano in un ambiente naturale.<\/span><\/li> <li><span class=\"a-list-item\">Le eau de parfums SAPHIR Parfums sono ideali per le donne che vogliono prendersi cura di se stesse quotidianamente, perch&eacute; sono fragranze piacevoli e di lunga durata.<\/span><\/li> <li><span class=\"a-list-item\">Con pochi tocchi sui polsi e sul collo, otterrete la fragranza che vi accompagner&agrave; tutto il giorno.<\/span><\/li> <li><span class=\"a-list-item\">Inoltre, il suo flacone spray da 200 ml lo rende un profumo conveniente per l&#8217;uso quotidiano.<\/span><\/li> <\/ul>        <\/div>\n    <\/div>\n\n    <div class=\"aawp-product__footer\">\n\n        <div class=\"aawp-product__pricing\">\n            \n                            <span class=\"aawp-product__price aawp-product__price--current\"><\/span>\n            \n                    <\/div>\n\n                <a class=\"aawp-button aawp-button--buy aawp-button aawp-button--amazon\" href=\"https:\/\/www.amazon.it\/dp\/B00H3KOF0G?tag=equivalenzapr-21&#038;linkCode=ogi&#038;th=1&#038;psc=1\" title=\"AUF AMAZON ANSEHEN\" target=\"_blank\" rel=\"nofollow noopener sponsored\">AUF AMAZON ANSEHEN<\/a>\n            <\/div>\n\n<\/div>\n\n    \n<\/div>\n<p class=\"aawp-disclaimer\"><span style=\"vertical-align: inherit;\"><span style=\"vertical-align: inherit;\">Preise und Verf\u00fcgbarkeit aktualisiert am 18.04.2026 (\u00c4nderungen vorbehalten). Als Amazon-Partner verdienen wir an qualifizierten Verk\u00e4ufen \u2013 ohne Mehrkosten f\u00fcr dich.<\/span><\/span><\/p>\n\n\n<p><\/p>\n\n\n\n<div style=\"height:50px\" aria-hidden=\"true\" class=\"wp-block-spacer\"><\/div>\n\n\n\n<p><\/p>\n\n\n\n<h3 class=\"wp-block-heading\">iAP Pharma No. 2: Ein frischer und femininer Duft<\/h3>\n\n\n\n<p><strong>iAP Pharma N\u00ba 2<\/strong> ist eine weitere Alternative zu <strong>Ralph Lauren Blue<\/strong>. Mit einer Mischung aus frischen Zitrusfr\u00fcchten, zarten Blumen und einem Hauch von Vanille bietet <strong>iAP Pharma N\u00ba 2<\/strong> einen frischen und femininen Duft, der an das Original <strong>Ralph Lauren Blue<\/strong> erinnert. Es ist perfekt f\u00fcr den t\u00e4glichen Gebrauch und f\u00fcr diejenigen, die einen Duft suchen, der Frische und Zartheit hervorruft.  <\/p>\n\n\n\n<p><strong>Wichtigste Hinweise:<\/strong><\/p>\n\n\n\n<ul class=\"wp-block-list\">\n<li>Kopfnoten: Zitrone, Zitrusfr\u00fcchte.<\/li>\n<\/ul>\n\n\n\n<p><\/p>\n\n\n\n<ul class=\"wp-block-list\">\n<li>Herznote: Frische Blumen, Jasmin.<\/li>\n<\/ul>\n\n\n\n<p><\/p>\n\n\n\n<ul class=\"wp-block-list\">\n<li>Basisnoten: Vanille, Moschus.<\/li>\n<\/ul>\n\n\n\n<p><\/p>\n\n\n\n<p class=\"has-text-align-left\"><a href=\"https:\/\/equivalenzaprofumi.com\/de\/iap-pharma-aequivalenz-nr-2\/\"><strong>Mehr \u00fcber iAP Pharma No. 2 erfahren Sie hier.<\/strong><\/a><\/p>\n\n\n\n<p><\/p>\n\n\n\n<div style=\"height:20px\" aria-hidden=\"true\" class=\"wp-block-spacer\"><\/div>\n\n\n\n<p><\/p>\n\n\n\n<div class=\"aawp\">\n\n            \n            \n<div class=\"aawp-product aawp-product--horizontal aawp-product--css-adjust-image-large\"  data-aawp-product-asin=\"B00VITRZ7I\" data-aawp-product-id=\"11399\" data-aawp-tracking-id=\"equivalenzapr-21\" data-aawp-product-title=\"iap PHARMA PARFUMS N\u00ba 2 - Profumo Floreale da Donna Fresca 150 Millilitri\" data-aawp-geotargeting=\"true\" data-aawp-local-click-tracking=\"1\">\n\n    \n    <div class=\"aawp-product__thumb\">\n        <a class=\"aawp-product__image-link\" href=\"https:\/\/www.amazon.it\/dp\/B00VITRZ7I?tag=equivalenzapr-21&#038;linkCode=ogi&#038;th=1&#038;psc=1\" title=\"iap PHARMA PARFUMS N\u00ba 2 - Profumo Floreale da Donna, Fresca, 150 Millilitri\" rel=\"nofollow noopener sponsored\" target=\"_blank\">\n            <img decoding=\"async\" class=\"aawp-product__image\" src=\"https:\/\/m.media-amazon.com\/images\/I\/31FtjbnpQQL.jpg\" alt=\"iap PHARMA PARFUMS N\u00ba 2 - Profumo Floreale da Donna, Fresca, 150 Millilitri\"  \/>\n        <\/a>\n\n            <\/div>\n\n    <div class=\"aawp-product__content\">\n        <a class=\"aawp-product__title\" href=\"https:\/\/www.amazon.it\/dp\/B00VITRZ7I?tag=equivalenzapr-21&#038;linkCode=ogi&#038;th=1&#038;psc=1\" title=\"iap PHARMA PARFUMS N\u00ba 2 - Profumo Floreale da Donna, Fresca, 150 Millilitri\" rel=\"nofollow noopener sponsored\" target=\"_blank\">\n            iap PHARMA PARFUMS N\u00ba 2 &#8211; Profumo Floreale da Donna, Fresca, 150 Millilitri        <\/a>\n        <div class=\"aawp-product__description\">\n            <ul class=\"a-unordered-list a-vertical a-spacing-mini\"> <li><span class=\"a-list-item\">Bacinella di plastica di alata resistenza con capacit&agrave; di 20L<\/span><\/li> <li><span class=\"a-list-item\">Tre rulli strizzatori e griglia sulla base per incrementare la capacit&agrave; di strizzatura<\/span><\/li> <li><span class=\"a-list-item\">Base con inclinazione per lo scivolamento dei residui generati dalla pulizia<\/span><\/li> <li><span class=\"a-list-item\">Con ruote e manico per semplificarne uso e trasporto<\/span><\/li> <li><span class=\"a-list-item\">; Unit&agrave;: 150.0; Unit&agrave; di misura: millilitro; Alimentazione: Hand Powered<\/span><\/li> <\/ul>        <\/div>\n    <\/div>\n\n    <div class=\"aawp-product__footer\">\n\n        <div class=\"aawp-product__pricing\">\n            \n                            <span class=\"aawp-product__price aawp-product__price--current\"><\/span>\n            \n                    <\/div>\n\n                <a class=\"aawp-button aawp-button--buy aawp-button aawp-button--amazon\" href=\"https:\/\/www.amazon.it\/dp\/B00VITRZ7I?tag=equivalenzapr-21&#038;linkCode=ogi&#038;th=1&#038;psc=1\" title=\"AUF AMAZON ANSEHEN\" target=\"_blank\" rel=\"nofollow noopener sponsored\">AUF AMAZON ANSEHEN<\/a>\n            <\/div>\n\n<\/div>\n\n    \n<\/div>\n<p class=\"aawp-disclaimer\"><span style=\"vertical-align: inherit;\"><span style=\"vertical-align: inherit;\">Preise und Verf\u00fcgbarkeit aktualisiert am 18.04.2026 (\u00c4nderungen vorbehalten). Als Amazon-Partner verdienen wir an qualifizierten Verk\u00e4ufen \u2013 ohne Mehrkosten f\u00fcr dich.<\/span><\/span><\/p>\n\n\n<p><\/p>\n\n\n\n<div style=\"height:50px\" aria-hidden=\"true\" class=\"wp-block-spacer\"><\/div>\n\n\n\n<p><\/p>\n\n\n\n<h2 class=\"wp-block-heading\">Was ist die beste Alternative zu Ralph Lauren Blue?<\/h2>\n\n\n\n<p>Beide Parfums, <strong>Saphir Oceanyc Woman<\/strong> und <strong>iAP Pharma N\u00ba 2<\/strong>, sind ausgezeichnete Alternativen zu <strong>Ralph Lauren Blue<\/strong>. Wenn Sie einen Duft w\u00fcnschen, der an eine frische Meeresbrise erinnert, ist <strong>Saphir Oceanyc Woman<\/strong> eine ausgezeichnete Wahl.  <\/p>\n\n\n\n<p>Wenn Sie einen Duft mit s\u00fc\u00dferen und frischeren Noten bevorzugen, k\u00f6nnte <strong>iAP Pharma N\u00ba 2<\/strong> die richtige Wahl f\u00fcr Sie sein.<\/p>\n\n\n\n<p><\/p>\n\n\n\n<div style=\"height:50px\" aria-hidden=\"true\" class=\"wp-block-spacer\"><\/div>\n\n\n\n<p><\/p>\n\n\n\n<div style=\"height:50px\" aria-hidden=\"true\" class=\"wp-block-spacer\"><\/div>\n","protected":false},"excerpt":{"rendered":"<p>Ralph Lauren Blue ist ein frischer, fruchtiger Duft, der mit Noten von Zitrusfr\u00fcchten und wei\u00dfen Blumen die Essenz eines Tages am Strand einf\u00e4ngt. Wenn Sie Ralph Lauren Blue m\u00f6gen, aber nach Alternativen suchen, die ein \u00e4hnliches Parf\u00fcm zu einem g\u00fcnstigeren Preis anbieten, finden Sie hier [&hellip;]<\/p>\n","protected":false},"author":1,"featured_media":6348,"parent":0,"menu_order":0,"comment_status":"closed","ping_status":"closed","template":"","meta":{"site-sidebar-layout":"default","site-content-layout":"","ast-site-content-layout":"default","site-content-style":"default","site-sidebar-style":"default","ast-global-header-display":"","ast-banner-title-visibility":"","ast-main-header-display":"","ast-hfb-above-header-display":"","ast-hfb-below-header-display":"","ast-hfb-mobile-header-display":"","site-post-title":"","ast-breadcrumbs-content":"","ast-featured-img":"disabled","footer-sml-layout":"","theme-transparent-header-meta":"","adv-header-id-meta":"","stick-header-meta":"","header-above-stick-meta":"","header-main-stick-meta":"","header-below-stick-meta":"","astra-migrate-meta-layouts":"set","ast-page-background-enabled":"default","ast-page-background-meta":{"desktop":{"background-color":"var(--ast-global-color-4)","background-image":"","background-repeat":"repeat","background-position":"center center","background-size":"auto","background-attachment":"scroll","background-type":"","background-media":"","overlay-type":"","overlay-color":"","overlay-opacity":"","overlay-gradient":""},"tablet":{"background-color":"","background-image":"","background-repeat":"repeat","background-position":"center center","background-size":"auto","background-attachment":"scroll","background-type":"","background-media":"","overlay-type":"","overlay-color":"","overlay-opacity":"","overlay-gradient":""},"mobile":{"background-color":"","background-image":"","background-repeat":"repeat","background-position":"center center","background-size":"auto","background-attachment":"scroll","background-type":"","background-media":"","overlay-type":"","overlay-color":"","overlay-opacity":"","overlay-gradient":""}},"ast-content-background-meta":{"desktop":{"background-color":"var(--ast-global-color-5)","background-image":"","background-repeat":"repeat","background-position":"center center","background-size":"auto","background-attachment":"scroll","background-type":"","background-media":"","overlay-type":"","overlay-color":"","overlay-opacity":"","overlay-gradient":""},"tablet":{"background-color":"var(--ast-global-color-5)","background-image":"","background-repeat":"repeat","background-position":"center center","background-size":"auto","background-attachment":"scroll","background-type":"","background-media":"","overlay-type":"","overlay-color":"","overlay-opacity":"","overlay-gradient":""},"mobile":{"background-color":"var(--ast-global-color-5)","background-image":"","background-repeat":"repeat","background-position":"center center","background-size":"auto","background-attachment":"scroll","background-type":"","background-media":"","overlay-type":"","overlay-color":"","overlay-opacity":"","overlay-gradient":""}},"footnotes":""},"class_list":["post-6347","page","type-page","status-publish","has-post-thumbnail","hentry"],"_links":{"self":[{"href":"https:\/\/equivalenzaprofumi.com\/de\/wp-json\/wp\/v2\/pages\/6347","targetHints":{"allow":["GET"]}}],"collection":[{"href":"https:\/\/equivalenzaprofumi.com\/de\/wp-json\/wp\/v2\/pages"}],"about":[{"href":"https:\/\/equivalenzaprofumi.com\/de\/wp-json\/wp\/v2\/types\/page"}],"author":[{"embeddable":true,"href":"https:\/\/equivalenzaprofumi.com\/de\/wp-json\/wp\/v2\/users\/1"}],"replies":[{"embeddable":true,"href":"https:\/\/equivalenzaprofumi.com\/de\/wp-json\/wp\/v2\/comments?post=6347"}],"version-history":[{"count":5,"href":"https:\/\/equivalenzaprofumi.com\/de\/wp-json\/wp\/v2\/pages\/6347\/revisions"}],"predecessor-version":[{"id":14470,"href":"https:\/\/equivalenzaprofumi.com\/de\/wp-json\/wp\/v2\/pages\/6347\/revisions\/14470"}],"wp:featuredmedia":[{"embeddable":true,"href":"https:\/\/equivalenzaprofumi.com\/de\/wp-json\/wp\/v2\/media\/6348"}],"wp:attachment":[{"href":"https:\/\/equivalenzaprofumi.com\/de\/wp-json\/wp\/v2\/media?parent=6347"}],"curies":[{"name":"wp","href":"https:\/\/api.w.org\/{rel}","templated":true}]}}