{"id":6358,"date":"2022-10-13T09:41:56","date_gmt":"2022-10-13T09:41:56","guid":{"rendered":"https:\/\/equivalenzaprofumi.com\/chanel-parfuem-nr-5-und-seine-besten-alternativen"},"modified":"2025-11-19T06:55:32","modified_gmt":"2025-11-19T06:55:32","slug":"fragranza-numero-8","status":"publish","type":"page","link":"https:\/\/equivalenzaprofumi.com\/de\/fragranza-numero-8\/","title":{"rendered":"Chanel No. 5 und seine besten Alternativen"},"content":{"rendered":"\n<div style=\"height:40px\" aria-hidden=\"true\" class=\"wp-block-spacer\"><\/div>\n\n\n\n<p><strong>Chanel N\u00ba 5<\/strong> ist zweifellos eines der ikonischsten und bekanntesten Parfums der Welt. Mit seiner raffinierten Mischung aus Blumen und Aldehyden ist es der Inbegriff von Eleganz und Raffinesse. Wenn Sie diesen Duft lieben, aber nach einer Alternative suchen, die Ihnen den gleichen Stil zu einem g\u00fcnstigeren Preis bietet, finden Sie hier die besten Optionen.  <\/p>\n\n\n\n<p><\/p>\n\n\n\n<div style=\"height:50px\" aria-hidden=\"true\" class=\"wp-block-spacer\"><\/div>\n\n\n\n<p><\/p>\n\n\n\n<p><\/p>\n\n\n\n<div style=\"height:50px\" aria-hidden=\"true\" class=\"wp-block-spacer\"><\/div>\n\n\n\n<p><\/p>\n\n\n\n<h2 class=\"wp-block-heading\"><strong>Die besten Alternativen zu Chanel No. 5<\/strong><\/h2>\n\n\n\n<p>Hier sind einige D\u00fcfte, die die Eleganz und Raffinesse von <strong>Chanel No. 5<\/strong> nachahmen, aber zu einem viel g\u00fcnstigeren Preis.<\/p>\n\n\n\n<p><\/p>\n\n\n\n<div style=\"height:20px\" aria-hidden=\"true\" class=\"wp-block-spacer\"><\/div>\n\n\n\n<h3 class=\"wp-block-heading\"><strong>Saphir 29: Klassische und raffinierte Eleganz<\/strong><\/h3>\n\n\n\n<p><strong>Saphir 29<\/strong> ist eine der charmantesten Alternativen zu <strong>Chanel N\u00ba 5<\/strong> und bietet einen blumigen und raffinierten Duft , angereichert mit frischen Aldehydnoten. Dieser Duft dr\u00fcckt in jeder Nuance Eleganz und Klasse aus und ist perfekt f\u00fcr alle, die einen nachhaltigen Duft mit Charakter suchen. <\/p>\n\n\n\n<p><strong>Wichtigste Hinweise:<\/strong><\/p>\n\n\n\n<ul class=\"wp-block-list\">\n<li><strong> Kopfnoten<\/strong> : Aldehyde, Bergamotte, Zitrone.<\/li>\n\n\n\n<li><strong>Herznoten<\/strong>: Rose, Jasmin, Iris.<\/li>\n\n\n\n<li><strong> Basisnoten :<\/strong> Moschus, Sandelholz, Vanille.<\/li>\n<\/ul>\n\n\n\n<p><\/p>\n\n\n\n<p><strong><a href=\"https:\/\/equivalenzaprofumi.com\/equivalenza-saphir-29\/\">Mehr \u00fcber Saphir 29 erfahren Sie hier.<\/a><\/strong><\/p>\n\n\n\n<p><\/p>\n\n\n\n<div style=\"height:20px\" aria-hidden=\"true\" class=\"wp-block-spacer\"><\/div>\n\n\n\n<p><\/p>\n\n\n\n<div class=\"aawp\">\n\n            \n            \n<div class=\"aawp-product aawp-product--horizontal aawp-product--css-adjust-image-large\"  data-aawp-product-asin=\"B00V88JYG4\" data-aawp-product-id=\"11764\" data-aawp-tracking-id=\"equivalenzapr-21\" data-aawp-product-title=\"PARFUMS SAPHIR Saphir 29 Eau de Parfum con Vaporizzatore da Donna 200 Ml\" data-aawp-geotargeting=\"true\" data-aawp-local-click-tracking=\"1\">\n\n    \n    <div class=\"aawp-product__thumb\">\n        <a class=\"aawp-product__image-link\" href=\"https:\/\/www.amazon.it\/dp\/B00V88JYG4?tag=equivalenzapr-21&#038;linkCode=ogi&#038;th=1&#038;psc=1\" title=\"PARFUMS SAPHIR Saphir 29, Eau de Parfum con Vaporizzatore da Donna, 200 Ml\" rel=\"nofollow noopener sponsored\" target=\"_blank\">\n            <img decoding=\"async\" class=\"aawp-product__image\" src=\"https:\/\/m.media-amazon.com\/images\/I\/31dyk0-blgL.jpg\" alt=\"PARFUMS SAPHIR Saphir 29, Eau de Parfum con Vaporizzatore da Donna, 200 Ml\"  \/>\n        <\/a>\n\n            <\/div>\n\n    <div class=\"aawp-product__content\">\n        <a class=\"aawp-product__title\" href=\"https:\/\/www.amazon.it\/dp\/B00V88JYG4?tag=equivalenzapr-21&#038;linkCode=ogi&#038;th=1&#038;psc=1\" title=\"PARFUMS SAPHIR Saphir 29, Eau de Parfum con Vaporizzatore da Donna, 200 Ml\" rel=\"nofollow noopener sponsored\" target=\"_blank\">\n            PARFUMS SAPHIR Saphir 29, Eau de Parfum con Vaporizzatore da Donna, 200 Ml        <\/a>\n        <div class=\"aawp-product__description\">\n            <ul><li>Profumo elegante e fresco<\/li><li>La sua piramide olfattiva inizia con note di limone, per continuare con dettagli di gelsomino che ci trasportano in un luogo paradisiaco.<\/li><li>Le eau de parfums SAPHIR Parfums sono ideali per le donne che vogliono prendersi cura di se stesse quotidianamente, perch\u00e9 sono fragranze piacevoli e di lunga durata.<\/li><li>Con pochi tocchi sui polsi e sul collo, otterrete la fragranza che vi accompagner\u00e0 tutto il giorno.<\/li><li>Inoltre, il suo flacone spray da 200 ml lo rende un profumo conveniente per l&#8217;uso quotidiano.<\/li><\/ul>        <\/div>\n    <\/div>\n\n    <div class=\"aawp-product__footer\">\n\n        <div class=\"aawp-product__pricing\">\n            \n                            <span class=\"aawp-product__price aawp-product__price--current\"><\/span>\n            \n                    <\/div>\n\n                <a class=\"aawp-button aawp-button--buy aawp-button aawp-button--amazon\" href=\"https:\/\/www.amazon.it\/dp\/B00V88JYG4?tag=equivalenzapr-21&#038;linkCode=ogi&#038;th=1&#038;psc=1\" title=\"AUF AMAZON ANSEHEN\" target=\"_blank\" rel=\"nofollow noopener sponsored\">AUF AMAZON ANSEHEN<\/a>\n            <\/div>\n\n<\/div>\n\n    \n<\/div>\n<p class=\"aawp-disclaimer\"><span style=\"vertical-align: inherit;\"><span style=\"vertical-align: inherit;\">Preise und Verf\u00fcgbarkeit aktualisiert am 1.05.2026 (\u00c4nderungen vorbehalten). Als Amazon-Partner verdienen wir an qualifizierten Verk\u00e4ufen \u2013 ohne Mehrkosten f\u00fcr dich.<\/span><\/span><\/p>\n\n\n<p><\/p>\n\n\n\n<div style=\"height:50px\" aria-hidden=\"true\" class=\"wp-block-spacer\"><\/div>\n\n\n\n<p><\/p>\n\n\n\n<h3 class=\"wp-block-heading\"><strong>Yodeyma Berlue: Eleganz und Tiefgang<\/strong><\/h3>\n\n\n\n<p><strong>Yodeyma Berlue<\/strong> ist ein Duft, der die raffinierte Eleganz von <strong>Chanel N\u00ba 5<\/strong> einf\u00e4ngt, mit einer blumigen und orientalischen Komposition, die ein Gef\u00fchl von Luxus und Intimit\u00e4t vermittelt. Seine Noten von frischen Blumen und kostbaren H\u00f6lzern verschmelzen harmonisch und schaffen einen einzigartigen und unverwechselbaren Duft. <\/p>\n\n\n\n<p><strong>Wichtigste Hinweise:<\/strong><\/p>\n\n\n\n<ul class=\"wp-block-list\">\n<li><strong> Kopfnoten<\/strong> : Aldehyde, Mandarine.<\/li>\n\n\n\n<li><strong>Herznoten<\/strong>: Jasmin, Rose, Maigl\u00f6ckchen.<\/li>\n\n\n\n<li><strong> Basisnoten :<\/strong> Moschus, Sandelholz.<\/li>\n<\/ul>\n\n\n\n<p><\/p>\n\n\n\n<p><strong><a href=\"https:\/\/equivalenzaprofumi.com\/de\/aequivalenz-yodeyma-berlue\/\">Mehr \u00fcber Yodeyma Berlue erfahren Sie hier.<\/a><\/strong><\/p>\n\n\n\n<p><\/p>\n\n\n\n<div style=\"height:20px\" aria-hidden=\"true\" class=\"wp-block-spacer\"><\/div>\n\n\n\n<p><\/p>\n\n\n\n<div class=\"aawp\">\n\n            \n            \n<div class=\"aawp-product aawp-product--horizontal aawp-product--css-adjust-image-large\"  data-aawp-product-asin=\"B09R6YJ1CY\" data-aawp-product-id=\"11755\" data-aawp-tracking-id=\"equivalenzapr-21\" data-aawp-product-title=\"Yodeyma L EAU BERLUE Profumo  DONNA  Eau de Parfum 100 ml\" data-aawp-geotargeting=\"true\" data-aawp-local-click-tracking=\"1\">\n\n    \n    <div class=\"aawp-product__thumb\">\n        <a class=\"aawp-product__image-link\" href=\"https:\/\/www.amazon.it\/dp\/B09R6YJ1CY?tag=equivalenzapr-21&#038;linkCode=ogi&#038;th=1&#038;psc=1\" title=\"Yodeyma L&#039;EAU BERLUE Profumo (DONNA) Eau de Parfum 100 ml\" rel=\"nofollow noopener sponsored\" target=\"_blank\">\n            <img decoding=\"async\" class=\"aawp-product__image\" src=\"https:\/\/m.media-amazon.com\/images\/I\/311rjvp9zCL.jpg\" alt=\"Yodeyma L'EAU BERLUE Profumo (DONNA) Eau de Parfum 100 ml\"  \/>\n        <\/a>\n\n            <\/div>\n\n    <div class=\"aawp-product__content\">\n        <a class=\"aawp-product__title\" href=\"https:\/\/www.amazon.it\/dp\/B09R6YJ1CY?tag=equivalenzapr-21&#038;linkCode=ogi&#038;th=1&#038;psc=1\" title=\"Yodeyma L&#039;EAU BERLUE Profumo (DONNA) Eau de Parfum 100 ml\" rel=\"nofollow noopener sponsored\" target=\"_blank\">\n            Yodeyma L&#8217;EAU BERLUE Profumo (DONNA) Eau de Parfum 100 ml        <\/a>\n        <div class=\"aawp-product__description\">\n            <ul><li>Un profumo vibrante per una donna moderna.<\/li><li>Note di testa: Modellano le prime impressioni della fragranza.<\/li><li>Note di cuore: Formano il nucleo della fragranza.<\/li><li>Note di fondo: donano profondit\u00e0 alla fragranza.<\/li><\/ul>        <\/div>\n    <\/div>\n\n    <div class=\"aawp-product__footer\">\n\n        <div class=\"aawp-product__pricing\">\n            \n                            <span class=\"aawp-product__price aawp-product__price--current\"><\/span>\n            \n                    <\/div>\n\n                <a class=\"aawp-button aawp-button--buy aawp-button aawp-button--amazon\" href=\"https:\/\/www.amazon.it\/dp\/B09R6YJ1CY?tag=equivalenzapr-21&#038;linkCode=ogi&#038;th=1&#038;psc=1\" title=\"AUF AMAZON ANSEHEN\" target=\"_blank\" rel=\"nofollow noopener sponsored\">AUF AMAZON ANSEHEN<\/a>\n            <\/div>\n\n<\/div>\n\n    \n<\/div>\n<p class=\"aawp-disclaimer\"><span style=\"vertical-align: inherit;\"><span style=\"vertical-align: inherit;\">Preise und Verf\u00fcgbarkeit aktualisiert am 1.05.2026 (\u00c4nderungen vorbehalten). Als Amazon-Partner verdienen wir an qualifizierten Verk\u00e4ufen \u2013 ohne Mehrkosten f\u00fcr dich.<\/span><\/span><\/p>\n\n\n<p><\/p>\n\n\n\n<div style=\"height:50px\" aria-hidden=\"true\" class=\"wp-block-spacer\"><\/div>\n\n\n\n<p><\/p>\n\n\n\n<h2 class=\"wp-block-heading\"><strong>Was ist die beste Alternative zu Chanel No. 5?<\/strong><\/h2>\n\n\n\n<p>Beide Alternativen, <strong>Saphir 29<\/strong> und <strong>Yodeyma Berlue<\/strong>, sind eine ausgezeichnete Wahl, aber Ihre Wahl h\u00e4ngt von dem Stil ab, den Sie suchen. Wenn Sie einen frischen, blumigen Duft mit einer klassischen Note w\u00fcnschen, k\u00f6nnte <strong>Saphir 29<\/strong> die ideale L\u00f6sung sein.  <\/p>\n\n\n\n<p>Wenn Sie hingegen einen w\u00e4rmeren, sinnlicheren Duft suchen, k\u00f6nnte <strong>Yodeyma Berlue<\/strong> die richtige Wahl f\u00fcr Sie sein.<\/p>\n\n\n\n<p><\/p>\n\n\n\n<div style=\"height:50px\" aria-hidden=\"true\" class=\"wp-block-spacer\"><\/div>\n\n\n\n<p><\/p>\n","protected":false},"excerpt":{"rendered":"<p>Chanel N\u00ba 5 ist zweifellos eines der ikonischsten und bekanntesten Parfums der Welt. Mit seiner raffinierten Mischung aus Blumen und Aldehyden ist es der Inbegriff von Eleganz und Raffinesse. Wenn Sie diesen Duft lieben, aber nach einer Alternative suchen, die Ihnen den gleichen Stil zu [&hellip;]<\/p>\n","protected":false},"author":1,"featured_media":6359,"parent":0,"menu_order":0,"comment_status":"closed","ping_status":"closed","template":"","meta":{"site-sidebar-layout":"default","site-content-layout":"","ast-site-content-layout":"default","site-content-style":"default","site-sidebar-style":"default","ast-global-header-display":"","ast-banner-title-visibility":"","ast-main-header-display":"","ast-hfb-above-header-display":"","ast-hfb-below-header-display":"","ast-hfb-mobile-header-display":"","site-post-title":"","ast-breadcrumbs-content":"","ast-featured-img":"disabled","footer-sml-layout":"","theme-transparent-header-meta":"","adv-header-id-meta":"","stick-header-meta":"","header-above-stick-meta":"","header-main-stick-meta":"","header-below-stick-meta":"","astra-migrate-meta-layouts":"set","ast-page-background-enabled":"default","ast-page-background-meta":{"desktop":{"background-color":"var(--ast-global-color-4)","background-image":"","background-repeat":"repeat","background-position":"center center","background-size":"auto","background-attachment":"scroll","background-type":"","background-media":"","overlay-type":"","overlay-color":"","overlay-opacity":"","overlay-gradient":""},"tablet":{"background-color":"","background-image":"","background-repeat":"repeat","background-position":"center center","background-size":"auto","background-attachment":"scroll","background-type":"","background-media":"","overlay-type":"","overlay-color":"","overlay-opacity":"","overlay-gradient":""},"mobile":{"background-color":"","background-image":"","background-repeat":"repeat","background-position":"center center","background-size":"auto","background-attachment":"scroll","background-type":"","background-media":"","overlay-type":"","overlay-color":"","overlay-opacity":"","overlay-gradient":""}},"ast-content-background-meta":{"desktop":{"background-color":"var(--ast-global-color-5)","background-image":"","background-repeat":"repeat","background-position":"center center","background-size":"auto","background-attachment":"scroll","background-type":"","background-media":"","overlay-type":"","overlay-color":"","overlay-opacity":"","overlay-gradient":""},"tablet":{"background-color":"var(--ast-global-color-5)","background-image":"","background-repeat":"repeat","background-position":"center center","background-size":"auto","background-attachment":"scroll","background-type":"","background-media":"","overlay-type":"","overlay-color":"","overlay-opacity":"","overlay-gradient":""},"mobile":{"background-color":"var(--ast-global-color-5)","background-image":"","background-repeat":"repeat","background-position":"center center","background-size":"auto","background-attachment":"scroll","background-type":"","background-media":"","overlay-type":"","overlay-color":"","overlay-opacity":"","overlay-gradient":""}},"footnotes":""},"class_list":["post-6358","page","type-page","status-publish","has-post-thumbnail","hentry"],"_links":{"self":[{"href":"https:\/\/equivalenzaprofumi.com\/de\/wp-json\/wp\/v2\/pages\/6358","targetHints":{"allow":["GET"]}}],"collection":[{"href":"https:\/\/equivalenzaprofumi.com\/de\/wp-json\/wp\/v2\/pages"}],"about":[{"href":"https:\/\/equivalenzaprofumi.com\/de\/wp-json\/wp\/v2\/types\/page"}],"author":[{"embeddable":true,"href":"https:\/\/equivalenzaprofumi.com\/de\/wp-json\/wp\/v2\/users\/1"}],"replies":[{"embeddable":true,"href":"https:\/\/equivalenzaprofumi.com\/de\/wp-json\/wp\/v2\/comments?post=6358"}],"version-history":[{"count":3,"href":"https:\/\/equivalenzaprofumi.com\/de\/wp-json\/wp\/v2\/pages\/6358\/revisions"}],"predecessor-version":[{"id":15488,"href":"https:\/\/equivalenzaprofumi.com\/de\/wp-json\/wp\/v2\/pages\/6358\/revisions\/15488"}],"wp:featuredmedia":[{"embeddable":true,"href":"https:\/\/equivalenzaprofumi.com\/de\/wp-json\/wp\/v2\/media\/6359"}],"wp:attachment":[{"href":"https:\/\/equivalenzaprofumi.com\/de\/wp-json\/wp\/v2\/media?parent=6358"}],"curies":[{"name":"wp","href":"https:\/\/api.w.org\/{rel}","templated":true}]}}