{"id":6387,"date":"2022-10-11T10:20:30","date_gmt":"2022-10-11T10:20:30","guid":{"rendered":"https:\/\/equivalenzaprofumi.com\/halloween-parfuem-von-jesus-del-pozo-und-seine-besten-aequivalenzen"},"modified":"2025-11-09T21:11:16","modified_gmt":"2025-11-09T21:11:16","slug":"halloween-parfuem-von-jesus-del-pozo-und-seine-besten-aequivalenzen","status":"publish","type":"page","link":"https:\/\/equivalenzaprofumi.com\/de\/halloween-parfuem-von-jesus-del-pozo-und-seine-besten-aequivalenzen\/","title":{"rendered":"Halloween-Parf\u00fcm von Jesus del Pozo und seine besten \u00c4quivalenzen"},"content":{"rendered":"\n<div style=\"height:40px\" aria-hidden=\"true\" class=\"wp-block-spacer\"><\/div>\n\n\n\n<p><a href=\"https:\/\/amzn.to\/40P6eZv\" target=\"_blank\" rel=\"noreferrer noopener nofollow\"><strong>Halloween<\/strong> von <strong>Jesus del Pozo<\/strong><\/a> ist ein geheimnisvoller und faszinierender Duft, ber\u00fchmt f\u00fcr seine Mischung aus blumigen, fruchtigen und w\u00fcrzigen Noten. Er ist perfekt f\u00fcr alle, die einen k\u00fchnen und umh\u00fcllenden Duft suchen, ideal f\u00fcr jede Gelegenheit. Wenn Sie eine billigere, aber ebenso einh\u00fcllende Alternative suchen, finden Sie hier die besten <strong>Halloween-Pendants von Jesus del Pozo<\/strong>.  <\/p>\n\n\n\n<p><\/p>\n\n\n\n<div style=\"height:50px\" aria-hidden=\"true\" class=\"wp-block-spacer\"><\/div>\n\n\n\n<p><\/p>\n\n\n\n<h2 class=\"wp-block-heading\"><strong>Die besten Alternativen zu Halloween von Jesus del Pozo<\/strong><\/h2>\n\n\n\n<p>Hier sind zwei D\u00fcfte, die die faszinierende Essenz von <strong>Halloween<\/strong> wiedergeben, aber zu einem g\u00fcnstigeren Preis.<\/p>\n\n\n\n<p><\/p>\n\n\n\n<div style=\"height:20px\" aria-hidden=\"true\" class=\"wp-block-spacer\"><\/div>\n\n\n\n<h3 class=\"wp-block-heading\"><strong>Saphir Happy: S\u00fc\u00df und sorglos<\/strong><\/h3>\n\n\n\n<p><strong>Saphir Happy<\/strong> ist eine ausgezeichnete Alternative zu <strong>Halloween<\/strong> von Jesus del Pozo und bietet eine Kombination aus frischen und fruchtigen Noten. Es ist der perfekte Duft f\u00fcr alle, die einen Duft suchen, der Fr\u00f6hlichkeit und Positivit\u00e4t ausdr\u00fcckt, mit einer S\u00fc\u00dfe, die an das Original erinnert, aber in einer leichteren, frischeren Version. <\/p>\n\n\n\n<p><strong>Wichtigste Hinweise:<\/strong><\/p>\n\n\n\n<ul class=\"wp-block-list\">\n<li><strong>Kopfnoten<\/strong>: Mandarine, Zitrone.<\/li>\n<\/ul>\n\n\n\n<p><\/p>\n\n\n\n<ul class=\"wp-block-list\">\n<li><strong>Herznoten<\/strong>: Pfirsichbl\u00fcte, Iris, Gardenie.<\/li>\n<\/ul>\n\n\n\n<p><\/p>\n\n\n\n<ul class=\"wp-block-list\">\n<li><strong> Basisnoten<\/strong><strong> :<\/strong> Moschus, Zedernholz, Vanille.<\/li>\n<\/ul>\n\n\n\n<p><\/p>\n\n\n\n<p><strong><a href=\"https:\/\/equivalenzaprofumi.com\/equivalenza-saphir-happy\/\">Mehr \u00fcber Saphir Happy erfahren Sie hier.<\/a><\/strong><\/p>\n\n\n\n<p><\/p>\n\n\n\n<div style=\"height:20px\" aria-hidden=\"true\" class=\"wp-block-spacer\"><\/div>\n\n\n\n<p><\/p>\n\n\n\n<div class=\"aawp\">\n\n            \n            \n<div class=\"aawp-product aawp-product--horizontal aawp-product--css-adjust-image-large\"  data-aawp-product-asin=\"B00OUVESPI\" data-aawp-product-id=\"12020\" data-aawp-tracking-id=\"equivalenzapr-21\" data-aawp-product-title=\"PARFUMS SAPHIR Happy - Eau de Parfum con Vaporizzatore da Donna - 200 ml\" data-aawp-geotargeting=\"true\" data-aawp-local-click-tracking=\"1\">\n\n    \n    <div class=\"aawp-product__thumb\">\n        <a class=\"aawp-product__image-link\" href=\"https:\/\/www.amazon.it\/dp\/B00OUVESPI?tag=equivalenzapr-21&#038;linkCode=ogi&#038;th=1&#038;psc=1\" title=\"PARFUMS SAPHIR Happy - Eau de Parfum con Vaporizzatore da Donna - 200 ml\" rel=\"nofollow noopener sponsored\" target=\"_blank\">\n            <img decoding=\"async\" class=\"aawp-product__image\" src=\"https:\/\/m.media-amazon.com\/images\/I\/31LeZDkXiqL.jpg\" alt=\"PARFUMS SAPHIR Happy - Eau de Parfum con Vaporizzatore da Donna - 200 ml\"  \/>\n        <\/a>\n\n            <\/div>\n\n    <div class=\"aawp-product__content\">\n        <a class=\"aawp-product__title\" href=\"https:\/\/www.amazon.it\/dp\/B00OUVESPI?tag=equivalenzapr-21&#038;linkCode=ogi&#038;th=1&#038;psc=1\" title=\"PARFUMS SAPHIR Happy - Eau de Parfum con Vaporizzatore da Donna - 200 ml\" rel=\"nofollow noopener sponsored\" target=\"_blank\">\n            PARFUMS SAPHIR Happy &#8211; Eau de Parfum con Vaporizzatore da Donna &#8211; 200 ml        <\/a>\n        <div class=\"aawp-product__description\">\n            <ul><li>Profumo floreale<\/li><li>La sua piramide olfattiva inizia con note di ribes, per continuare con dettagli di rosa che risvegliano un aroma fresco e dolce<\/li><li>Le eau de parfums SAPHIR Parfums sono ideali per le donne che vogliono prendersi cura di se stesse quotidianamente, perch\u00e9 sono fragranze piacevoli e di lunga durata<\/li><li>Con pochi tocchi sui polsi e sul collo, otterrete la fragranza che vi accompagner\u00e0 tutto il giorno<\/li><li>Inoltre, il suo flacone spray da 200 ml lo rende un profumo conveniente per l&#8217;uso quotidiano<\/li><\/ul>        <\/div>\n    <\/div>\n\n    <div class=\"aawp-product__footer\">\n\n        <div class=\"aawp-product__pricing\">\n            \n                            <span class=\"aawp-product__price aawp-product__price--current\"><\/span>\n            \n                    <\/div>\n\n                <a class=\"aawp-button aawp-button--buy aawp-button aawp-button--amazon\" href=\"https:\/\/www.amazon.it\/dp\/B00OUVESPI?tag=equivalenzapr-21&#038;linkCode=ogi&#038;th=1&#038;psc=1\" title=\"AUF AMAZON ANSEHEN\" target=\"_blank\" rel=\"nofollow noopener sponsored\">AUF AMAZON ANSEHEN<\/a>\n            <\/div>\n\n<\/div>\n\n    \n<\/div>\n<p class=\"aawp-disclaimer\"><span style=\"vertical-align: inherit;\"><span style=\"vertical-align: inherit;\">Preise und Verf\u00fcgbarkeit aktualisiert am 30.04.2026 (\u00c4nderungen vorbehalten). Als Amazon-Partner verdienen wir an qualifizierten Verk\u00e4ufen \u2013 ohne Mehrkosten f\u00fcr dich.<\/span><\/span><\/p>\n\n\n<p><\/p>\n\n\n\n<div style=\"height:50px\" aria-hidden=\"true\" class=\"wp-block-spacer\"><\/div>\n\n\n\n<p><\/p>\n\n\n\n<h3 class=\"wp-block-heading\"><strong>iAP Pharma Nr. 27: Eleganz und Frische<\/strong><\/h3>\n\n\n\n<p><strong>iAP Pharma N\u00ba 27<\/strong> ist ein Duft, der von der S\u00fc\u00dfe und Frische von <strong>Halloween<\/strong> inspiriert ist, aber mit einer raffinierten und modernen Note. Mit einer Mischung aus fruchtigen und blumigen Noten bietet iAP Pharma N\u00ba 27 einen umh\u00fcllenden und zarten Duft, der das gleiche Gef\u00fchl von Geheimnis und Frische wie das Original hervorruft. <\/p>\n\n\n\n<p><strong>Wichtigste Hinweise:<\/strong><\/p>\n\n\n\n<ul class=\"wp-block-list\">\n<li><strong>Kopfnoten<\/strong>: Bergamotte, gr\u00fcner Apfel.<\/li>\n<\/ul>\n\n\n\n<p><\/p>\n\n\n\n<ul class=\"wp-block-list\">\n<li><strong>Herznoten<\/strong>: Jasmin, Rose, wei\u00dfe Blumen.<\/li>\n<\/ul>\n\n\n\n<p><\/p>\n\n\n\n<ul class=\"wp-block-list\">\n<li><strong>Basisnoten<\/strong>: Moschus, Amber, Sandelholz.<\/li>\n<\/ul>\n\n\n\n<p><\/p>\n\n\n\n<p><strong><a href=\"https:\/\/equivalenzaprofumi.com\/?p=110\">Mehr \u00fcber iAP Pharma Nr. 27 erfahren Sie hier.<\/a><\/strong><\/p>\n\n\n\n<p><\/p>\n\n\n\n<div style=\"height:20px\" aria-hidden=\"true\" class=\"wp-block-spacer\"><\/div>\n\n\n\n<p><\/p>\n\n\n\n<div class=\"aawp\">\n\n            \n            \n<div class=\"aawp-product aawp-product--horizontal aawp-product--css-adjust-image-large\"  data-aawp-product-asin=\"B01DZ3BJKI\" data-aawp-product-id=\"11753\" data-aawp-tracking-id=\"equivalenzapr-21\" data-aawp-product-title=\"iap PHARMA PARFUMS N\u00ba 27 Profumo Floreale da Donna 150 Ml\" data-aawp-geotargeting=\"true\" data-aawp-local-click-tracking=\"1\">\n\n    \n    <div class=\"aawp-product__thumb\">\n        <a class=\"aawp-product__image-link\" href=\"https:\/\/www.amazon.it\/dp\/B01DZ3BJKI?tag=equivalenzapr-21&#038;linkCode=ogi&#038;th=1&#038;psc=1\" title=\"iap PHARMA PARFUMS N\u00ba 27, Profumo Floreale da Donna, 150 Ml\" rel=\"nofollow noopener sponsored\" target=\"_blank\">\n            <img decoding=\"async\" class=\"aawp-product__image\" src=\"https:\/\/m.media-amazon.com\/images\/I\/311c1bqJKtL.jpg\" alt=\"iap PHARMA PARFUMS N\u00ba 27, Profumo Floreale da Donna, 150 Ml\"  \/>\n        <\/a>\n\n            <\/div>\n\n    <div class=\"aawp-product__content\">\n        <a class=\"aawp-product__title\" href=\"https:\/\/www.amazon.it\/dp\/B01DZ3BJKI?tag=equivalenzapr-21&#038;linkCode=ogi&#038;th=1&#038;psc=1\" title=\"iap PHARMA PARFUMS N\u00ba 27, Profumo Floreale da Donna, 150 Ml\" rel=\"nofollow noopener sponsored\" target=\"_blank\">\n            iap PHARMA PARFUMS N\u00ba 27, Profumo Floreale da Donna, 150 Ml        <\/a>\n        <div class=\"aawp-product__description\">\n            <ul><li>Eau de parfum la donna di lunga durata che rimangono a lungo sulla pelle<\/li><li>Goditi il suo aroma fruttato<\/li><li>Profumo dolce e fresco<\/li><li>Profumo 150 ml con vaporizzatore da donna<\/li><li>Ottimo per l&#8217;uso quotidiano<\/li><\/ul>        <\/div>\n    <\/div>\n\n    <div class=\"aawp-product__footer\">\n\n        <div class=\"aawp-product__pricing\">\n            \n                            <span class=\"aawp-product__price aawp-product__price--current\"><\/span>\n            \n                    <\/div>\n\n                <a class=\"aawp-button aawp-button--buy aawp-button aawp-button--amazon\" href=\"https:\/\/www.amazon.it\/dp\/B01DZ3BJKI?tag=equivalenzapr-21&#038;linkCode=ogi&#038;th=1&#038;psc=1\" title=\"AUF AMAZON ANSEHEN\" target=\"_blank\" rel=\"nofollow noopener sponsored\">AUF AMAZON ANSEHEN<\/a>\n            <\/div>\n\n<\/div>\n\n    \n<\/div>\n<p class=\"aawp-disclaimer\"><span style=\"vertical-align: inherit;\"><span style=\"vertical-align: inherit;\">Preise und Verf\u00fcgbarkeit aktualisiert am 30.04.2026 (\u00c4nderungen vorbehalten). Als Amazon-Partner verdienen wir an qualifizierten Verk\u00e4ufen \u2013 ohne Mehrkosten f\u00fcr dich.<\/span><\/span><\/p>\n\n\n<p><\/p>\n\n\n\n<div style=\"height:50px\" aria-hidden=\"true\" class=\"wp-block-spacer\"><\/div>\n\n\n\n<p><\/p>\n\n\n\n<h2 class=\"wp-block-heading\"><strong>Was ist die beste Alternative zu Halloween von Jesus del Pozo?<\/strong><\/h2>\n\n\n\n<p><strong>Saphir Happy<\/strong> und <strong>iAP Pharma N\u00ba 27<\/strong> sind beide ausgezeichnete Alternativen zu Jesus del Pozo&#8217;s <strong>Halloween<\/strong>. Wenn Sie einen eher fruchtigen und frischen Duft bevorzugen, ist <strong>Saphir Happy<\/strong> die beste Wahl. Wenn Sie hingegen einen Duft mit einer anspruchsvolleren, moschusartigen Basis w\u00fcnschen, k\u00f6nnte <strong>iAP Pharma No 27<\/strong> die perfekte Wahl sein.  <\/p>\n\n\n\n<p><\/p>\n\n\n\n<div style=\"height:50px\" aria-hidden=\"true\" class=\"wp-block-spacer\"><\/div>\n\n\n\n<p><\/p>\n\n\n\n<p><\/p>\n\n\n\n<div style=\"height:50px\" aria-hidden=\"true\" class=\"wp-block-spacer\"><\/div>\n","protected":false},"excerpt":{"rendered":"<p>Halloween von Jesus del Pozo ist ein geheimnisvoller und faszinierender Duft, ber\u00fchmt f\u00fcr seine Mischung aus blumigen, fruchtigen und w\u00fcrzigen Noten. Er ist perfekt f\u00fcr alle, die einen k\u00fchnen und umh\u00fcllenden Duft suchen, ideal f\u00fcr jede Gelegenheit. Wenn Sie eine billigere, aber ebenso einh\u00fcllende Alternative [&hellip;]<\/p>\n","protected":false},"author":1,"featured_media":6388,"parent":0,"menu_order":0,"comment_status":"closed","ping_status":"closed","template":"","meta":{"site-sidebar-layout":"default","site-content-layout":"","ast-site-content-layout":"default","site-content-style":"default","site-sidebar-style":"default","ast-global-header-display":"","ast-banner-title-visibility":"","ast-main-header-display":"","ast-hfb-above-header-display":"","ast-hfb-below-header-display":"","ast-hfb-mobile-header-display":"","site-post-title":"","ast-breadcrumbs-content":"","ast-featured-img":"disabled","footer-sml-layout":"","theme-transparent-header-meta":"","adv-header-id-meta":"","stick-header-meta":"","header-above-stick-meta":"","header-main-stick-meta":"","header-below-stick-meta":"","astra-migrate-meta-layouts":"set","ast-page-background-enabled":"default","ast-page-background-meta":{"desktop":{"background-color":"var(--ast-global-color-4)","background-image":"","background-repeat":"repeat","background-position":"center center","background-size":"auto","background-attachment":"scroll","background-type":"","background-media":"","overlay-type":"","overlay-color":"","overlay-opacity":"","overlay-gradient":""},"tablet":{"background-color":"","background-image":"","background-repeat":"repeat","background-position":"center center","background-size":"auto","background-attachment":"scroll","background-type":"","background-media":"","overlay-type":"","overlay-color":"","overlay-opacity":"","overlay-gradient":""},"mobile":{"background-color":"","background-image":"","background-repeat":"repeat","background-position":"center center","background-size":"auto","background-attachment":"scroll","background-type":"","background-media":"","overlay-type":"","overlay-color":"","overlay-opacity":"","overlay-gradient":""}},"ast-content-background-meta":{"desktop":{"background-color":"var(--ast-global-color-5)","background-image":"","background-repeat":"repeat","background-position":"center center","background-size":"auto","background-attachment":"scroll","background-type":"","background-media":"","overlay-type":"","overlay-color":"","overlay-opacity":"","overlay-gradient":""},"tablet":{"background-color":"var(--ast-global-color-5)","background-image":"","background-repeat":"repeat","background-position":"center center","background-size":"auto","background-attachment":"scroll","background-type":"","background-media":"","overlay-type":"","overlay-color":"","overlay-opacity":"","overlay-gradient":""},"mobile":{"background-color":"var(--ast-global-color-5)","background-image":"","background-repeat":"repeat","background-position":"center center","background-size":"auto","background-attachment":"scroll","background-type":"","background-media":"","overlay-type":"","overlay-color":"","overlay-opacity":"","overlay-gradient":""}},"footnotes":""},"class_list":["post-6387","page","type-page","status-publish","has-post-thumbnail","hentry"],"_links":{"self":[{"href":"https:\/\/equivalenzaprofumi.com\/de\/wp-json\/wp\/v2\/pages\/6387","targetHints":{"allow":["GET"]}}],"collection":[{"href":"https:\/\/equivalenzaprofumi.com\/de\/wp-json\/wp\/v2\/pages"}],"about":[{"href":"https:\/\/equivalenzaprofumi.com\/de\/wp-json\/wp\/v2\/types\/page"}],"author":[{"embeddable":true,"href":"https:\/\/equivalenzaprofumi.com\/de\/wp-json\/wp\/v2\/users\/1"}],"replies":[{"embeddable":true,"href":"https:\/\/equivalenzaprofumi.com\/de\/wp-json\/wp\/v2\/comments?post=6387"}],"version-history":[{"count":2,"href":"https:\/\/equivalenzaprofumi.com\/de\/wp-json\/wp\/v2\/pages\/6387\/revisions"}],"predecessor-version":[{"id":14542,"href":"https:\/\/equivalenzaprofumi.com\/de\/wp-json\/wp\/v2\/pages\/6387\/revisions\/14542"}],"wp:featuredmedia":[{"embeddable":true,"href":"https:\/\/equivalenzaprofumi.com\/de\/wp-json\/wp\/v2\/media\/6388"}],"wp:attachment":[{"href":"https:\/\/equivalenzaprofumi.com\/de\/wp-json\/wp\/v2\/media?parent=6387"}],"curies":[{"name":"wp","href":"https:\/\/api.w.org\/{rel}","templated":true}]}}