{"id":6438,"date":"2025-09-02T15:25:13","date_gmt":"2025-09-02T15:25:13","guid":{"rendered":"https:\/\/equivalenzaprofumi.com\/light-blue-parfuem-von-dolce-gabanna-und-seine-besten-aequivalenzen"},"modified":"2025-11-09T21:14:19","modified_gmt":"2025-11-09T21:14:19","slug":"fragranza-numero-12","status":"publish","type":"page","link":"https:\/\/equivalenzaprofumi.com\/de\/fragranza-numero-12\/","title":{"rendered":"Light Blue Parf\u00fcm von Dolce &amp; Gabanna und seine besten \u00c4quivalenzen"},"content":{"rendered":"\n<div style=\"height:40px\" aria-hidden=\"true\" class=\"wp-block-spacer\"><\/div>\n\n\n\n<p>Suchen Sie nach einem Dupe f\u00fcr <strong>Hellblau von Dolce &amp; Gabbana<\/strong>? Dieser ikonische Duft ist weltweit beliebt \u2013 aber es gibt preiswerte Alternativen mit derselben frischen Eleganz. In diesem Artikel entdecken Sie die besten Dupes f\u00fcr 2025.<\/p>\n\n\n\n<p><strong>Light Blue von D&amp;G<\/strong> ist ein ikonischer Duft, der mit seinen frischen, fruchtigen Noten von Zitrone, Apfel und Zedernholz an den Sommer erinnert. <\/p>\n\n\n\n<p>Er ist perfekt f\u00fcr alle, die einen lebendigen und frischen Duft suchen. Wenn Sie \u00e4hnliche Alternativen suchen, aber zu einem g\u00fcnstigeren Preis, hier sind die besten \u00c4quivalente zu <strong>Light Blue von Dolce &amp; Gabanna<\/strong>.<\/p>\n\n\n\n<p><\/p>\n\n\n\n<div style=\"height:50px\" aria-hidden=\"true\" class=\"wp-block-spacer\"><\/div>\n\n\n\n<p><\/p>\n\n\n\n<h2 class=\"wp-block-heading\"><strong>Die besten Alternativen zu Hellblau von D&amp;G<\/strong><\/h2>\n\n\n\n<p>Entdecken Sie D\u00fcfte, die die Essenz von <strong>Light Blue by D&amp;G<\/strong> einfangen, mit einer Mischung aus Frische, Frucht und Holz, aber zu einem g\u00fcnstigeren Preis.<\/p>\n\n\n\n<p><\/p>\n\n\n\n<div style=\"height:20px\" aria-hidden=\"true\" class=\"wp-block-spacer\"><\/div>\n\n\n\n<h3 class=\"wp-block-heading\"><strong>Saphir Select Blue: Frische und Eleganz<\/strong><\/h3>\n\n\n\n<p><strong>Saphir Select Blue<\/strong> ist eine der besten Alternativen zu <strong>Light Blue von D&amp;G<\/strong>. Mit seinen frischen, fruchtigen Noten, darunter Zitrone und Apfel, und einer holzigen, moschusartigen Basis bietet <strong>Saphir Select Blue<\/strong> einen Duft, der an die Essenz von <strong>Light Blue<\/strong> erinnert, aber mit einem zus\u00e4tzlichen Hauch von Eleganz und Raffinesse. <\/p>\n\n\n\n<p><strong>Wichtigste Hinweise:<\/strong><\/p>\n\n\n\n<ul class=\"wp-block-list\">\n<li><strong> Kopfnoten :<\/strong> Zitrone, gr\u00fcner Apfel.<\/li>\n<\/ul>\n\n\n\n<p><\/p>\n\n\n\n<ul class=\"wp-block-list\">\n<li><strong> Herznoten :<\/strong> Jasmin, Zeder.<\/li>\n<\/ul>\n\n\n\n<p><\/p>\n\n\n\n<ul class=\"wp-block-list\">\n<li><strong> Basisnoten :<\/strong> Moschus, Sandelholz.<\/li>\n<\/ul>\n\n\n\n<p><\/p>\n\n\n\n<p><strong><a href=\"https:\/\/equivalenzaprofumi.com\/equivalenza-saphir-select-blue\/\">Mehr \u00fcber Saphir Select Blue erfahren Sie hier.<\/a><\/strong><\/p>\n\n\n\n<p><\/p>\n\n\n\n<div style=\"height:20px\" aria-hidden=\"true\" class=\"wp-block-spacer\"><\/div>\n\n\n\n<p><\/p>\n\n\n\n<div class=\"aawp\">\n\n            \n            \n<div class=\"aawp-product aawp-product--horizontal aawp-product--css-adjust-image-large\"  data-aawp-product-asin=\"B00V88L45I\" data-aawp-product-id=\"11917\" data-aawp-tracking-id=\"equivalenzapr-21\" data-aawp-product-title=\"PARFUMS SAPHIR Select Blue Eau de Parfum con Vaporizzatore da Donna 200 Ml\" data-aawp-geotargeting=\"true\" data-aawp-local-click-tracking=\"1\">\n\n    \n    <div class=\"aawp-product__thumb\">\n        <a class=\"aawp-product__image-link\" href=\"https:\/\/www.amazon.it\/dp\/B00V88L45I?tag=equivalenzapr-21&#038;linkCode=ogi&#038;th=1&#038;psc=1\" title=\"PARFUMS SAPHIR Select Blue, Eau de Parfum con Vaporizzatore da Donna, 200 Ml\" rel=\"nofollow noopener sponsored\" target=\"_blank\">\n            <img decoding=\"async\" class=\"aawp-product__image\" src=\"https:\/\/m.media-amazon.com\/images\/I\/31BWf+8ZD1L.jpg\" alt=\"PARFUMS SAPHIR Select Blue, Eau de Parfum con Vaporizzatore da Donna, 200 Ml\"  \/>\n        <\/a>\n\n            <\/div>\n\n    <div class=\"aawp-product__content\">\n        <a class=\"aawp-product__title\" href=\"https:\/\/www.amazon.it\/dp\/B00V88L45I?tag=equivalenzapr-21&#038;linkCode=ogi&#038;th=1&#038;psc=1\" title=\"PARFUMS SAPHIR Select Blue, Eau de Parfum con Vaporizzatore da Donna, 200 Ml\" rel=\"nofollow noopener sponsored\" target=\"_blank\">\n            PARFUMS SAPHIR Select Blue, Eau de Parfum con Vaporizzatore da Donna, 200 Ml        <\/a>\n        <div class=\"aawp-product__description\">\n            <ul><li>Profumo fresco e acquoso che vi trasporter\u00e0 in luoghi paradisiaci.<\/li><li>La sua piramide olfattiva inizia con note di mandarino, per continuare con dettagli di cardamomo che risvegliano un aroma agrumato e floreale.<\/li><li>Le eau de parfums SAPHIR Parfums sono ideali per le donne che vogliono prendersi cura di se stesse quotidianamente, perch\u00e9 sono fragranze piacevoli e di lunga durata.<\/li><li>Con pochi tocchi sui polsi e sul collo, otterrete la fragranza che vi accompagner\u00e0 tutto il giorno.<\/li><li>Inoltre, il suo flacone spray da 200 ml lo rende un profumo conveniente per l&#8217;uso quotidiano.<\/li><\/ul>        <\/div>\n    <\/div>\n\n    <div class=\"aawp-product__footer\">\n\n        <div class=\"aawp-product__pricing\">\n            \n                            <span class=\"aawp-product__price aawp-product__price--current\"><\/span>\n            \n                    <\/div>\n\n                <a class=\"aawp-button aawp-button--buy aawp-button aawp-button--amazon\" href=\"https:\/\/www.amazon.it\/dp\/B00V88L45I?tag=equivalenzapr-21&#038;linkCode=ogi&#038;th=1&#038;psc=1\" title=\"AUF AMAZON ANSEHEN\" target=\"_blank\" rel=\"nofollow noopener sponsored\">AUF AMAZON ANSEHEN<\/a>\n            <\/div>\n\n<\/div>\n\n    \n<\/div>\n<p class=\"aawp-disclaimer\"><span style=\"vertical-align: inherit;\"><span style=\"vertical-align: inherit;\">Preise und Verf\u00fcgbarkeit aktualisiert am 30.04.2026 (\u00c4nderungen vorbehalten). Als Amazon-Partner verdienen wir an qualifizierten Verk\u00e4ufen \u2013 ohne Mehrkosten f\u00fcr dich.<\/span><\/span><\/p>\n\n\n<p><\/p>\n\n\n\n<div style=\"height:50px\" aria-hidden=\"true\" class=\"wp-block-spacer\"><\/div>\n\n\n\n<p><\/p>\n\n\n\n<h3 class=\"wp-block-heading\"><strong>iAP Pharma Nr. 9: Fruchtige und elegante Frische<\/strong><\/h3>\n\n\n\n<p><strong>iAP Pharma N\u00ba 9<\/strong> ist ein Duft, der die Frische von <strong>D&amp;G&#8217;s Light Blue<\/strong> widerspiegelt, jedoch mit einer blumigeren und fruchtigeren Note. Perfekt f\u00fcr diejenigen, die einen \u00e4hnlichen Duft suchen, aber mit einer zarteren und weniger intensiven Interpretation, w\u00e4hrend der frische und sonnige Charakter erhalten bleibt. <\/p>\n\n\n\n<p><strong>Wichtigste Hinweise:<\/strong><\/p>\n\n\n\n<ul class=\"wp-block-list\">\n<li><strong> Kopfnoten :<\/strong> Zitrone, Orange.<\/li>\n<\/ul>\n\n\n\n<p><\/p>\n\n\n\n<ul class=\"wp-block-list\">\n<li><strong> Herznoten :<\/strong> Jasmin, gr\u00fcner Apfel.<\/li>\n<\/ul>\n\n\n\n<p><\/p>\n\n\n\n<ul class=\"wp-block-list\">\n<li><strong>Basisnoten:<\/strong> Moschus, Amber.<\/li>\n<\/ul>\n\n\n\n<p><\/p>\n\n\n\n<p><strong><a href=\"https:\/\/equivalenzaprofumi.com\/equivalenza-iap-pharma-nr-9\/\">Mehr \u00fcber iAP Pharma No. 9 erfahren Sie hier.<\/a><\/strong><\/p>\n\n\n\n<p><\/p>\n\n\n\n<div style=\"height:20px\" aria-hidden=\"true\" class=\"wp-block-spacer\"><\/div>\n\n\n\n<p><\/p>\n\n\n\n<div class=\"aawp\">\n\n            \n            \n<div class=\"aawp-product aawp-product--horizontal aawp-product--css-adjust-image-large\"  data-aawp-product-asin=\"B00VVKQHKU\" data-aawp-product-id=\"12032\" data-aawp-tracking-id=\"equivalenzapr-21\" data-aawp-product-title=\"iap PHARMA PARFUMS N\u00ba 9 - Profumo da Donna 150 Ml\" data-aawp-geotargeting=\"true\" data-aawp-local-click-tracking=\"1\">\n\n    \n    <div class=\"aawp-product__thumb\">\n        <a class=\"aawp-product__image-link\" href=\"https:\/\/www.amazon.it\/dp\/B00VVKQHKU?tag=equivalenzapr-21&#038;linkCode=ogi&#038;th=1&#038;psc=1\" title=\"iap PHARMA PARFUMS N\u00ba 9, - Profumo da Donna, 150 Ml\" rel=\"nofollow noopener sponsored\" target=\"_blank\">\n            <img decoding=\"async\" class=\"aawp-product__image\" src=\"https:\/\/m.media-amazon.com\/images\/I\/31KEfxq3orL.jpg\" alt=\"iap PHARMA PARFUMS N\u00ba 9, - Profumo da Donna, 150 Ml\"  \/>\n        <\/a>\n\n            <\/div>\n\n    <div class=\"aawp-product__content\">\n        <a class=\"aawp-product__title\" href=\"https:\/\/www.amazon.it\/dp\/B00VVKQHKU?tag=equivalenzapr-21&#038;linkCode=ogi&#038;th=1&#038;psc=1\" title=\"iap PHARMA PARFUMS N\u00ba 9, - Profumo da Donna, 150 Ml\" rel=\"nofollow noopener sponsored\" target=\"_blank\">\n            iap PHARMA PARFUMS N\u00ba 9, &#8211; Profumo da Donna, 150 Ml        <\/a>\n        <div class=\"aawp-product__description\">\n            <ul><li>Eau de parfum la donna di lunga durata che rimangono a lungo sulla pelle<\/li><li>Goditi il suo aroma fruttato<\/li><li>Profumo dolce e fresco<\/li><li>Profumo 150 ml con vaporizzatore da donna<\/li><li>Ottimo per l&#8217;uso quotidiano<\/li><\/ul>        <\/div>\n    <\/div>\n\n    <div class=\"aawp-product__footer\">\n\n        <div class=\"aawp-product__pricing\">\n            \n                            <span class=\"aawp-product__price aawp-product__price--current\"><\/span>\n            \n                    <\/div>\n\n                <a class=\"aawp-button aawp-button--buy aawp-button aawp-button--amazon\" href=\"https:\/\/www.amazon.it\/dp\/B00VVKQHKU?tag=equivalenzapr-21&#038;linkCode=ogi&#038;th=1&#038;psc=1\" title=\"AUF AMAZON ANSEHEN\" target=\"_blank\" rel=\"nofollow noopener sponsored\">AUF AMAZON ANSEHEN<\/a>\n            <\/div>\n\n<\/div>\n\n    \n<\/div>\n<p class=\"aawp-disclaimer\"><span style=\"vertical-align: inherit;\"><span style=\"vertical-align: inherit;\">Preise und Verf\u00fcgbarkeit aktualisiert am 30.04.2026 (\u00c4nderungen vorbehalten). Als Amazon-Partner verdienen wir an qualifizierten Verk\u00e4ufen \u2013 ohne Mehrkosten f\u00fcr dich.<\/span><\/span><\/p>\n\n\n<p><\/p>\n\n\n\n<div style=\"height:50px\" aria-hidden=\"true\" class=\"wp-block-spacer\"><\/div>\n\n\n\n<p><\/p>\n\n\n\n<h3 class=\"wp-block-heading\"><strong>Yodeyma Kara: Frische und exotische Fr\u00fcchte<\/strong><\/h3>\n\n\n\n<p><strong>Yodeyma Kara<\/strong> ist ein Duft, der die Frische und Fruchtigkeit von <strong>D&amp;G&#8217;s Light Blue<\/strong> einf\u00e4ngt, mit einem exotischen Akzent dank der Pr\u00e4senz von tropischen Fr\u00fcchten. Diese Alternative ist perfekt f\u00fcr alle, die eine \u00e4hnliche, aber fruchtigere und lebendigere Version suchen. <\/p>\n\n\n\n<p><strong>Wichtigste Hinweise:<\/strong><\/p>\n\n\n\n<ul class=\"wp-block-list\">\n<li><strong> Kopfnoten :<\/strong> Zitrone, gr\u00fcner Apfel.<\/li>\n<\/ul>\n\n\n\n<p><\/p>\n\n\n\n<ul class=\"wp-block-list\">\n<li><strong> Herznoten :<\/strong> Jasmin, Rose.<\/li>\n<\/ul>\n\n\n\n<p><\/p>\n\n\n\n<ul class=\"wp-block-list\">\n<li><strong>Basisnoten<\/strong>: Moschus, Zedernholz.<\/li>\n<\/ul>\n\n\n\n<p><\/p>\n\n\n\n<p><strong><a href=\"https:\/\/equivalenzaprofumi.com\/aequivalenz-yodeyma-kara\/\">Mehr \u00fcber Yodeyma Kara erfahren Sie hier.<\/a><\/strong><\/p>\n\n\n\n<p><\/p>\n\n\n\n<div style=\"height:20px\" aria-hidden=\"true\" class=\"wp-block-spacer\"><\/div>\n\n\n\n<p><\/p>\n\n\n\n<div class=\"aawp\">\n\n            \n            \n<div class=\"aawp-product aawp-product--horizontal aawp-product--css-adjust-image-large\"  data-aawp-product-asin=\"B09P1RPJ51\" data-aawp-product-id=\"11720\" data-aawp-tracking-id=\"equivalenzapr-21\" data-aawp-product-title=\"Yodeyma - Kara acqua di profumo da donna  100 ml\" data-aawp-geotargeting=\"true\" data-aawp-local-click-tracking=\"1\">\n\n    \n    <div class=\"aawp-product__thumb\">\n        <a class=\"aawp-product__image-link\" href=\"https:\/\/www.amazon.it\/dp\/B09P1RPJ51?tag=equivalenzapr-21&#038;linkCode=ogi&#038;th=1&#038;psc=1\" title=\"Yodeyma - Kara, acqua di profumo da donna (100 ml)\" rel=\"nofollow noopener sponsored\" target=\"_blank\">\n            <img decoding=\"async\" class=\"aawp-product__image\" src=\"https:\/\/m.media-amazon.com\/images\/I\/31t4hNUNjHL.jpg\" alt=\"Yodeyma - Kara, acqua di profumo da donna (100 ml)\"  \/>\n        <\/a>\n\n            <\/div>\n\n    <div class=\"aawp-product__content\">\n        <a class=\"aawp-product__title\" href=\"https:\/\/www.amazon.it\/dp\/B09P1RPJ51?tag=equivalenzapr-21&#038;linkCode=ogi&#038;th=1&#038;psc=1\" title=\"Yodeyma - Kara, acqua di profumo da donna (100 ml)\" rel=\"nofollow noopener sponsored\" target=\"_blank\">\n            Yodeyma &#8211; Kara, acqua di profumo da donna (100 ml)        <\/a>\n        <div class=\"aawp-product__description\">\n            <ul><li>Nota di testa: mela<\/li><li>Nota di cuore: bamb\u00f9<\/li><li>Nota di fondo: muschio bianco<\/li><\/ul>        <\/div>\n    <\/div>\n\n    <div class=\"aawp-product__footer\">\n\n        <div class=\"aawp-product__pricing\">\n            \n                            <span class=\"aawp-product__price aawp-product__price--current\"><\/span>\n            \n                    <\/div>\n\n                <a class=\"aawp-button aawp-button--buy aawp-button aawp-button--amazon\" href=\"https:\/\/www.amazon.it\/dp\/B09P1RPJ51?tag=equivalenzapr-21&#038;linkCode=ogi&#038;th=1&#038;psc=1\" title=\"AUF AMAZON ANSEHEN\" target=\"_blank\" rel=\"nofollow noopener sponsored\">AUF AMAZON ANSEHEN<\/a>\n            <\/div>\n\n<\/div>\n\n    \n<\/div>\n<p class=\"aawp-disclaimer\"><span style=\"vertical-align: inherit;\"><span style=\"vertical-align: inherit;\">Preise und Verf\u00fcgbarkeit aktualisiert am 30.04.2026 (\u00c4nderungen vorbehalten). Als Amazon-Partner verdienen wir an qualifizierten Verk\u00e4ufen \u2013 ohne Mehrkosten f\u00fcr dich.<\/span><\/span><\/p>\n\n\n<p><\/p>\n\n\n\n<div style=\"height:50px\" aria-hidden=\"true\" class=\"wp-block-spacer\"><\/div>\n\n\n\n<p><\/p>\n\n\n\n<h3 class=\"wp-block-heading\"><strong>Verset Sensi Pi\u00f9: Blumige und holzige Frische<\/strong><\/h3>\n\n\n\n<p><strong>Verset Sensi Pi\u00f9<\/strong> ist ein Duft, der die Essenz von <strong>Light Blue von D&amp;G<\/strong> mit einer blumigeren und holzigen Note aufgreift. Seine Frische wird mit einer blumigen Herznote kombiniert, w\u00e4hrend die holzige, moschusartige Basis eine ausgezeichnete Alternative f\u00fcr diejenigen ist, die einen \u00e4hnlichen, aber raffinierteren Duft suchen. <\/p>\n\n\n\n<p><strong>Wichtigste Hinweise:<\/strong><\/p>\n\n\n\n<ul class=\"wp-block-list\">\n<li><strong> Kopfnoten :<\/strong> Zitrone, Bergamotte.<\/li>\n<\/ul>\n\n\n\n<p><\/p>\n\n\n\n<ul class=\"wp-block-list\">\n<li><strong>Herznote<\/strong>: Jasmin, wei\u00dfe Bl\u00fcten.<\/li>\n<\/ul>\n\n\n\n<p><\/p>\n\n\n\n<ul class=\"wp-block-list\">\n<li><strong> Basisnoten :<\/strong> Moschus, Sandelholz.<\/li>\n<\/ul>\n\n\n\n<p><\/p>\n\n\n\n<p><strong><a href=\"https:\/\/equivalenzaprofumi.com\/verset-sensi-piu\/\">Mehr \u00fcber Verset Sensi Pi\u00f9 erfahren Sie hier.<\/a><\/strong><\/p>\n\n\n\n<p><\/p>\n\n\n\n<div style=\"height:20px\" aria-hidden=\"true\" class=\"wp-block-spacer\"><\/div>\n\n\n\n<p><\/p>\n\n\n\n<div class=\"aawp\">\n\n            \n            \n<div class=\"aawp-product aawp-product--horizontal aawp-product--css-adjust-image-large\"  data-aawp-product-asin=\"B07HCTJ8J4\" data-aawp-product-id=\"11870\" data-aawp-tracking-id=\"equivalenzapr-21\" data-aawp-product-title=\"Verset Parfums Sensi Pi\u00fa Eau de Parfum 100 ml\" data-aawp-geotargeting=\"true\" data-aawp-local-click-tracking=\"1\">\n\n    \n    <div class=\"aawp-product__thumb\">\n        <a class=\"aawp-product__image-link\" href=\"https:\/\/www.amazon.it\/dp\/B07HCTJ8J4?tag=equivalenzapr-21&#038;linkCode=ogi&#038;th=1&#038;psc=1\" title=\"Verset Parfums, Sensi Pi\u00fa Eau de Parfum, 100 ml\" rel=\"nofollow noopener sponsored\" target=\"_blank\">\n            <img decoding=\"async\" class=\"aawp-product__image\" src=\"https:\/\/m.media-amazon.com\/images\/I\/31G3XiB+BVL.jpg\" alt=\"Verset Parfums, Sensi Pi\u00fa Eau de Parfum, 100 ml\"  \/>\n        <\/a>\n\n            <\/div>\n\n    <div class=\"aawp-product__content\">\n        <a class=\"aawp-product__title\" href=\"https:\/\/www.amazon.it\/dp\/B07HCTJ8J4?tag=equivalenzapr-21&#038;linkCode=ogi&#038;th=1&#038;psc=1\" title=\"Verset Parfums, Sensi Pi\u00fa Eau de Parfum, 100 ml\" rel=\"nofollow noopener sponsored\" target=\"_blank\">\n            Verset Parfums, Sensi Pi\u00fa Eau de Parfum, 100 ml        <\/a>\n        <div class=\"aawp-product__description\">\n            <ul><li>Sensi Pi\u00fa \u00e8 un profumo stimolante per una donna felice e vivace.<\/li><li>Fragranza floreale e fruttata.<\/li><li>Con le sue note verdi e acquatiche, questo profumo denota sensualit\u00e0. La delicatezza della mela combinata con il bamb\u00f9 dona una sottile freschezza alle note legnose.<\/li><li>Eau de parfum.<\/li><li>Spray da 100 ml.<\/li><\/ul>        <\/div>\n    <\/div>\n\n    <div class=\"aawp-product__footer\">\n\n        <div class=\"aawp-product__pricing\">\n            \n                            <span class=\"aawp-product__price aawp-product__price--current\"><\/span>\n            \n                    <\/div>\n\n                <a class=\"aawp-button aawp-button--buy aawp-button aawp-button--amazon\" href=\"https:\/\/www.amazon.it\/dp\/B07HCTJ8J4?tag=equivalenzapr-21&#038;linkCode=ogi&#038;th=1&#038;psc=1\" title=\"AUF AMAZON ANSEHEN\" target=\"_blank\" rel=\"nofollow noopener sponsored\">AUF AMAZON ANSEHEN<\/a>\n            <\/div>\n\n<\/div>\n\n    \n<\/div>\n<p class=\"aawp-disclaimer\"><span style=\"vertical-align: inherit;\"><span style=\"vertical-align: inherit;\">Preise und Verf\u00fcgbarkeit aktualisiert am 1.05.2026 (\u00c4nderungen vorbehalten). Als Amazon-Partner verdienen wir an qualifizierten Verk\u00e4ufen \u2013 ohne Mehrkosten f\u00fcr dich.<\/span><\/span><\/p>\n\n\n<p><\/p>\n\n\n\n<div style=\"height:50px\" aria-hidden=\"true\" class=\"wp-block-spacer\"><\/div>\n\n\n\n<p><\/p>\n\n\n\n<h2 class=\"wp-block-heading\"><strong>Was ist die beste Alternative zu Hellblau von Dolce &amp; Gabanna?<\/strong><\/h2>\n\n\n\n<p>Alle vorgestellten Alternativen bieten eine \u00e4hnliche Frische wie <strong>D&amp;G&#8217;s Light Blue<\/strong>, jedoch mit leichten Unterschieden im Duftprofil. Wenn Sie einen fruchtig-frischen Duft mit einer eleganten Note bevorzugen, ist <strong>Saphir Select Blue<\/strong> die ideale Wahl.  <\/p>\n\n\n\n<p>Wenn Sie etwas Zarteres und Blumigeres suchen, ist <strong>iAP Pharma N\u00ba 9<\/strong> die perfekte Wahl. <strong>Yodeyma Kara<\/strong> ist perfekt f\u00fcr diejenigen, die exotische D\u00fcfte m\u00f6gen, w\u00e4hrend <strong>Verset Sensi Pi\u00f9<\/strong> die ideale Wahl f\u00fcr diejenigen ist, die blumige und holzige Frische suchen.<\/p>\n\n\n\n<p><\/p>\n\n\n\n<div style=\"height:50px\" aria-hidden=\"true\" class=\"wp-block-spacer\"><\/div>\n\n\n\n<p><\/p>\n","protected":false},"excerpt":{"rendered":"<p>Suchen Sie nach einem Dupe f\u00fcr Hellblau von Dolce &amp; Gabbana? Dieser ikonische Duft ist weltweit beliebt \u2013 aber es gibt preiswerte Alternativen mit derselben frischen Eleganz. In diesem Artikel entdecken Sie die besten Dupes f\u00fcr 2025. Light Blue von D&amp;G ist ein ikonischer Duft, [&hellip;]<\/p>\n","protected":false},"author":1,"featured_media":6439,"parent":0,"menu_order":0,"comment_status":"closed","ping_status":"closed","template":"","meta":{"site-sidebar-layout":"default","site-content-layout":"","ast-site-content-layout":"default","site-content-style":"default","site-sidebar-style":"default","ast-global-header-display":"","ast-banner-title-visibility":"","ast-main-header-display":"","ast-hfb-above-header-display":"","ast-hfb-below-header-display":"","ast-hfb-mobile-header-display":"","site-post-title":"","ast-breadcrumbs-content":"","ast-featured-img":"disabled","footer-sml-layout":"","theme-transparent-header-meta":"","adv-header-id-meta":"","stick-header-meta":"","header-above-stick-meta":"","header-main-stick-meta":"","header-below-stick-meta":"","astra-migrate-meta-layouts":"set","ast-page-background-enabled":"default","ast-page-background-meta":{"desktop":{"background-color":"var(--ast-global-color-4)","background-image":"","background-repeat":"repeat","background-position":"center center","background-size":"auto","background-attachment":"scroll","background-type":"","background-media":"","overlay-type":"","overlay-color":"","overlay-opacity":"","overlay-gradient":""},"tablet":{"background-color":"","background-image":"","background-repeat":"repeat","background-position":"center center","background-size":"auto","background-attachment":"scroll","background-type":"","background-media":"","overlay-type":"","overlay-color":"","overlay-opacity":"","overlay-gradient":""},"mobile":{"background-color":"","background-image":"","background-repeat":"repeat","background-position":"center center","background-size":"auto","background-attachment":"scroll","background-type":"","background-media":"","overlay-type":"","overlay-color":"","overlay-opacity":"","overlay-gradient":""}},"ast-content-background-meta":{"desktop":{"background-color":"var(--ast-global-color-5)","background-image":"","background-repeat":"repeat","background-position":"center center","background-size":"auto","background-attachment":"scroll","background-type":"","background-media":"","overlay-type":"","overlay-color":"","overlay-opacity":"","overlay-gradient":""},"tablet":{"background-color":"var(--ast-global-color-5)","background-image":"","background-repeat":"repeat","background-position":"center center","background-size":"auto","background-attachment":"scroll","background-type":"","background-media":"","overlay-type":"","overlay-color":"","overlay-opacity":"","overlay-gradient":""},"mobile":{"background-color":"var(--ast-global-color-5)","background-image":"","background-repeat":"repeat","background-position":"center center","background-size":"auto","background-attachment":"scroll","background-type":"","background-media":"","overlay-type":"","overlay-color":"","overlay-opacity":"","overlay-gradient":""}},"footnotes":""},"class_list":["post-6438","page","type-page","status-publish","has-post-thumbnail","hentry"],"_links":{"self":[{"href":"https:\/\/equivalenzaprofumi.com\/de\/wp-json\/wp\/v2\/pages\/6438","targetHints":{"allow":["GET"]}}],"collection":[{"href":"https:\/\/equivalenzaprofumi.com\/de\/wp-json\/wp\/v2\/pages"}],"about":[{"href":"https:\/\/equivalenzaprofumi.com\/de\/wp-json\/wp\/v2\/types\/page"}],"author":[{"embeddable":true,"href":"https:\/\/equivalenzaprofumi.com\/de\/wp-json\/wp\/v2\/users\/1"}],"replies":[{"embeddable":true,"href":"https:\/\/equivalenzaprofumi.com\/de\/wp-json\/wp\/v2\/comments?post=6438"}],"version-history":[{"count":3,"href":"https:\/\/equivalenzaprofumi.com\/de\/wp-json\/wp\/v2\/pages\/6438\/revisions"}],"predecessor-version":[{"id":14549,"href":"https:\/\/equivalenzaprofumi.com\/de\/wp-json\/wp\/v2\/pages\/6438\/revisions\/14549"}],"wp:featuredmedia":[{"embeddable":true,"href":"https:\/\/equivalenzaprofumi.com\/de\/wp-json\/wp\/v2\/media\/6439"}],"wp:attachment":[{"href":"https:\/\/equivalenzaprofumi.com\/de\/wp-json\/wp\/v2\/media?parent=6438"}],"curies":[{"name":"wp","href":"https:\/\/api.w.org\/{rel}","templated":true}]}}