{"id":6444,"date":"2023-12-26T11:51:26","date_gmt":"2023-12-26T11:51:26","guid":{"rendered":"https:\/\/equivalenzaprofumi.com\/eternity-parfuem-von-calvin-klein-beste-aequivalente-und-guenstige-alternativen"},"modified":"2025-11-30T19:17:28","modified_gmt":"2025-11-30T19:17:28","slug":"fragranza-numero-41","status":"publish","type":"page","link":"https:\/\/equivalenzaprofumi.com\/de\/fragranza-numero-41\/","title":{"rendered":"Eternity Parf\u00fcm von Calvin Klein: Beste \u00c4quivalente und g\u00fcnstige Alternativen"},"content":{"rendered":"\n<div style=\"height:20px\" aria-hidden=\"true\" class=\"wp-block-spacer\"><\/div>\n\n\n\n<p><\/p>\n\n\n\n<p>Wenn Sie das Parf\u00fcm <strong>Eternity von Calvin Klein<\/strong> lieben, werden Sie wahrscheinlich auch zwei g\u00fcnstigere, aber \u00fcberraschend \u00e4hnliche Varianten m\u00f6gen: <strong>Saphir New Mazurca<\/strong> und <strong>Yodeyma Prosa<\/strong>. <\/p>\n\n\n\n<p>Beide bieten ein elegantes und zeitloses Dufterlebnis zu einem wesentlich g\u00fcnstigeren Preis.<\/p>\n\n\n\n<p><\/p>\n\n\n\n<div style=\"height:20px\" aria-hidden=\"true\" class=\"wp-block-spacer\"><\/div>\n\n\n\n<p><\/p>\n\n\n\n<h2 class=\"wp-block-heading\">\ud83c\udf3f Saphir New Mazurca &#8211; blumige und frische Eleganz<\/h2>\n\n\n\n<div style=\"height:20px\" aria-hidden=\"true\" class=\"wp-block-spacer\"><\/div>\n\n\n\n<p>Dieser Duft zeichnet sich durch seine nat\u00fcrliche Frische aus, dank einer Mischung aus <strong>Bergamotte, Zitrusfr\u00fcchten und gr\u00fcnen Noten<\/strong>. Er ist ideal f\u00fcr den t\u00e4glichen Gebrauch, dank seiner guten Haltbarkeit und dem gro\u00dfz\u00fcgigen Format von 200 ml. <\/p>\n\n\n\n<div style=\"height:20px\" aria-hidden=\"true\" class=\"wp-block-spacer\"><\/div>\n\n\n\n<p><\/p>\n\n\n\n<div class=\"aawp\">\n\n            \n            \n<div class=\"aawp-product aawp-product--horizontal aawp-product--css-adjust-image-large\"  data-aawp-product-asin=\"B00XAMCOB8\" data-aawp-product-id=\"12033\" data-aawp-tracking-id=\"equivalenzapr-21\" data-aawp-product-title=\"PARFUMS SAPHIR New Mazurca - Eau de Parfum con Vaporizzatore da Donna - 200 ml\" data-aawp-geotargeting=\"true\" data-aawp-local-click-tracking=\"1\">\n\n    \n    <div class=\"aawp-product__thumb\">\n        <a class=\"aawp-product__image-link\" href=\"https:\/\/www.amazon.it\/dp\/B00XAMCOB8?tag=equivalenzapr-21&#038;linkCode=ogi&#038;th=1&#038;psc=1\" title=\"PARFUMS SAPHIR New Mazurca - Eau de Parfum con Vaporizzatore da Donna - 200 ml\" rel=\"nofollow noopener sponsored\" target=\"_blank\">\n            <img decoding=\"async\" class=\"aawp-product__image\" src=\"https:\/\/m.media-amazon.com\/images\/I\/318efFmjUGS.jpg\" alt=\"PARFUMS SAPHIR New Mazurca - Eau de Parfum con Vaporizzatore da Donna - 200 ml\"  \/>\n        <\/a>\n\n            <\/div>\n\n    <div class=\"aawp-product__content\">\n        <a class=\"aawp-product__title\" href=\"https:\/\/www.amazon.it\/dp\/B00XAMCOB8?tag=equivalenzapr-21&#038;linkCode=ogi&#038;th=1&#038;psc=1\" title=\"PARFUMS SAPHIR New Mazurca - Eau de Parfum con Vaporizzatore da Donna - 200 ml\" rel=\"nofollow noopener sponsored\" target=\"_blank\">\n            PARFUMS SAPHIR New Mazurca &#8211; Eau de Parfum con Vaporizzatore da Donna &#8211; 200 ml        <\/a>\n        <div class=\"aawp-product__description\">\n            <ul><li>Profumo floreale<\/li><li>La sua piramide olfattiva inizia con note di bergamotto, per continuare con dettagli di calce che ci trasportano in un ambiente naturale<\/li><li>Le eau de parfums SAPHIR Parfums sono adatti per le donne che vogliono prendersi cura di se stesse quotidianamente, perch\u00e9 sono fragranze piacevoli e di lunga durata<\/li><li>Con pochi tocchi sui polsi e sul collo, otterrete la fragranza che vi accompagner\u00e0 tutto il giorno<\/li><li>Inoltre, il suo flacone spray da 200 ml lo rende un profumo per l&#8217;uso quotidiano.<\/li><\/ul>        <\/div>\n    <\/div>\n\n    <div class=\"aawp-product__footer\">\n\n        <div class=\"aawp-product__pricing\">\n            \n                            <span class=\"aawp-product__price aawp-product__price--current\"><\/span>\n            \n                    <\/div>\n\n                <a class=\"aawp-button aawp-button--buy aawp-button aawp-button--amazon\" href=\"https:\/\/www.amazon.it\/dp\/B00XAMCOB8?tag=equivalenzapr-21&#038;linkCode=ogi&#038;th=1&#038;psc=1\" title=\"AUF AMAZON ANSEHEN\" target=\"_blank\" rel=\"nofollow noopener sponsored\">AUF AMAZON ANSEHEN<\/a>\n            <\/div>\n\n<\/div>\n\n    \n<\/div>\n<p class=\"aawp-disclaimer\"><span style=\"vertical-align: inherit;\"><span style=\"vertical-align: inherit;\">Preise und Verf\u00fcgbarkeit aktualisiert am 2.05.2026 (\u00c4nderungen vorbehalten). Als Amazon-Partner verdienen wir an qualifizierten Verk\u00e4ufen \u2013 ohne Mehrkosten f\u00fcr dich.<\/span><\/span><\/p>\n\n\n<p><\/p>\n\n\n\n<div style=\"height:60px\" aria-hidden=\"true\" class=\"wp-block-spacer\"><\/div>\n\n\n\n<p><\/p>\n\n\n\n<h2 class=\"wp-block-heading\">\ud83c\udf38 Yodeyma Prosa &#8211; Romantisch und beharrlich<\/h2>\n\n\n\n<div style=\"height:20px\" aria-hidden=\"true\" class=\"wp-block-spacer\"><\/div>\n\n\n\n<p><strong>Yodeyma Prosa<\/strong> ist ein intensiver und raffinierter Damenduft mit einem Auftakt aus <strong>Damaszener Rose<\/strong>, einem Herz aus <strong>Veilchen<\/strong> und einer Basis aus <strong>Nelke<\/strong>. Perfekt f\u00fcr alle, die klassische Blumend\u00fcfte lieben, aber mit einer pers\u00f6nlichen Note. <\/p>\n\n\n\n<div style=\"height:20px\" aria-hidden=\"true\" class=\"wp-block-spacer\"><\/div>\n\n\n\n<p><\/p>\n\n\n\n<div class=\"aawp\">\n\n            \n            \n<div class=\"aawp-product aawp-product--horizontal aawp-product--css-adjust-image-large\"  data-aawp-product-asin=\"B09P4752WM\" data-aawp-product-id=\"11640\" data-aawp-tracking-id=\"equivalenzapr-21\" data-aawp-product-title=\"Yodeyma Prosa Eau de Parfum  100 Mililitre\" data-aawp-geotargeting=\"true\" data-aawp-local-click-tracking=\"1\">\n\n    \n    <div class=\"aawp-product__thumb\">\n        <a class=\"aawp-product__image-link\" href=\"https:\/\/www.amazon.it\/dp\/B09P4752WM?tag=equivalenzapr-21&#038;linkCode=ogi&#038;th=1&#038;psc=1\" title=\"Yodeyma Prosa Eau de Parfum (100 Mililitre)\" rel=\"nofollow noopener sponsored\" target=\"_blank\">\n            <img decoding=\"async\" class=\"aawp-product__image\" src=\"https:\/\/m.media-amazon.com\/images\/I\/410u26VjJ0L.jpg\" alt=\"Yodeyma Prosa Eau de Parfum (100 Mililitre)\"  \/>\n        <\/a>\n\n            <\/div>\n\n    <div class=\"aawp-product__content\">\n        <a class=\"aawp-product__title\" href=\"https:\/\/www.amazon.it\/dp\/B09P4752WM?tag=equivalenzapr-21&#038;linkCode=ogi&#038;th=1&#038;psc=1\" title=\"Yodeyma Prosa Eau de Parfum (100 Mililitre)\" rel=\"nofollow noopener sponsored\" target=\"_blank\">\n            Yodeyma Prosa Eau de Parfum (100 Mililitre)        <\/a>\n        <div class=\"aawp-product__description\">\n            <ul><li>Note di testa Damasco Rose<\/li><li>Note di cuore Viola<\/li><li>Note di fondo Garofano<\/li><\/ul>        <\/div>\n    <\/div>\n\n    <div class=\"aawp-product__footer\">\n\n        <div class=\"aawp-product__pricing\">\n            \n                            <span class=\"aawp-product__price aawp-product__price--current\"><\/span>\n            \n                    <\/div>\n\n                <a class=\"aawp-button aawp-button--buy aawp-button aawp-button--amazon\" href=\"https:\/\/www.amazon.it\/dp\/B09P4752WM?tag=equivalenzapr-21&#038;linkCode=ogi&#038;th=1&#038;psc=1\" title=\"AUF AMAZON ANSEHEN\" target=\"_blank\" rel=\"nofollow noopener sponsored\">AUF AMAZON ANSEHEN<\/a>\n            <\/div>\n\n<\/div>\n\n    \n<\/div>\n<p class=\"aawp-disclaimer\"><span style=\"vertical-align: inherit;\"><span style=\"vertical-align: inherit;\">Preise und Verf\u00fcgbarkeit aktualisiert am 2.05.2026 (\u00c4nderungen vorbehalten). Als Amazon-Partner verdienen wir an qualifizierten Verk\u00e4ufen \u2013 ohne Mehrkosten f\u00fcr dich.<\/span><\/span><\/p>\n\n\n<p><\/p>\n\n\n\n<div style=\"height:60px\" aria-hidden=\"true\" class=\"wp-block-spacer\"><\/div>\n\n\n\n<h2 class=\"wp-block-heading\">\ud83d\udd0d Schnellvergleich<\/h2>\n\n\n\n<div style=\"height:20px\" aria-hidden=\"true\" class=\"wp-block-spacer\"><\/div>\n\n\n\n<p><\/p>\n\n\n\n<div class=\"tabella-profumi-container\">\n  <table class=\"tabella-profumi\">\n    <thead>\n      <tr>\n        <th>Besonderheit<\/th>\n<th>Saphir Neu Mazurca<\/th>\n<th>Yodeyma Prosa<\/th>\n      <\/tr>\n    <\/thead>\n    <tbody>\n      <tr>\n        <td> Geruchsfamilie<\/td>\n<td> Frisch blumig<\/td>\n<td> W\u00fcrzigblumig<\/td>\n      <\/tr>\n      <tr>\n        <td> Hauptnoten<\/td>\n<td>Bergamotte, Zitrusfr\u00fcchte, gr\u00fcne Noten<\/td>\n<td>Rose, Veilchen, Nelke<\/td>\n      <\/tr>\n      <tr>\n        <td>Empfohlene Anwendung<\/td>\n<td>T\u00e4glich<\/td>\n<td>Tags\u00fcber und abends, besondere Anl\u00e4sse<\/td>\n      <\/tr>\n      <tr>\n        <td>Persistenz<\/td>\n<td>Gut<\/td>\n<td>Hoch<\/td>\n      <\/tr>\n      <tr>\n        <td>Inspiration<\/td>\n<td>An die Ewigkeiterinnern<\/td>\n<td>An die Ewigkeiterinnern<\/td>\n      <\/tr>\n      <tr>\n        <td><\/td>\n         <td style=\"text-align: center;\">\n<a href=\"https:\/\/amzn.to\/3YqlD0A\" target=\"_blank\" style=\"display: inline-block; background-color: #007BFF; color: #fff; padding: 10px 16px; border-radius: 6px; text-decoration: none; font-size: 14px;\" rel=\"noopener nofollow\">\nVedi su Amazon\n<\/a>\n<\/td>\n<td style=\"text-align: center;\">\n<a href=\"https:\/\/amzn.to\/4cVgbbT\" target=\"_blank\" style=\"display: inline-block; background-color: #007BFF; color: #fff; padding: 10px 16px; border-radius: 6px; text-decoration: none; font-size: 14px;\" rel=\"noopener nofollow\">\nVedi su Amazon\n<\/a>\n<\/td> \n      <\/tr>\n    <\/tbody>\n  <\/table>\n<\/div>\n\n\n\n<p><\/p>\n\n\n\n<div style=\"height:60px\" aria-hidden=\"true\" class=\"wp-block-spacer\"><\/div>\n\n\n\n<p><\/p>\n\n\n\n<h2 class=\"wp-block-heading\">\u2728 Schlussfolgerung<\/h2>\n\n\n\n<div style=\"height:20px\" aria-hidden=\"true\" class=\"wp-block-spacer\"><\/div>\n\n\n\n<p>Wenn Sie eine Alternative zu <strong>Eternity von Calvin Klein<\/strong> suchen, sind sowohl <strong>Saphir New Mazurca<\/strong> als auch <strong>Yodeyma Prosa<\/strong> eine gute Wahl. Ersterer ist leichter und allt\u00e4glicher, letzterer intensiver und romantischer. <\/p>\n\n\n\n<p>Beide beweisen , dass man kein Verm\u00f6gen ausgeben muss, um einen eleganten, femininen Duft mit einem&#8220;ewigen&#8220; Duft zu tragen.<\/p>\n\n\n\n<p><\/p>\n\n\n\n<div style=\"height:20px\" aria-hidden=\"true\" class=\"wp-block-spacer\"><\/div>\n\n\n\n<p><\/p>\n\n\n\n<a href=\"https:\/\/equivalenzaprofumi.com\/de\/parfumaquivalente-fur-frauen\/\" style=\"  display: flex; align-items: center; gap: 12px; background-color: #F7FAFC; padding: 16px; border-radius: 12px; box-shadow: 0 2px 6px rgba(0,0,0,0.05); text-decoration: none; color: #000; transition: transform 0.2s ease, box-shadow 0.2s ease; margin-top: 24px;  \" onmouseover=\"this.style.boxShadow=&#039;0 4px 12px rgba(0,0,0,0.1)&#039;; this.style.transform=&#039;translateY(-2px)&#039;\" onmouseout=\"this.style.boxShadow=&#039;0 2px 6px rgba(0,0,0,0.05)&#039;; this.style.transform=&#039;translateY(0)&#039;\">\n  <img decoding=\"async\" src=\"https:\/\/equivalenzaprofumi.com\/wp-content\/uploads\/2025\/03\/Equivalenti-di-profumo-per-donna.webp\" alt=\"Parf\u00fcm\u00e4quivalente f\u00fcr Frauen\" width=\"80\" height=\"80\" style=\"border-radius: 8px; flex-shrink: 0;\"\/>\n  <div>\n     \n<strong style=\"font-size: 16px; display: block; margin-bottom: 4px;\">\nEntdecken Sie alle \u00c4quivalenzen f\u00fcr Frauen\n<\/strong>\n<span style=\"font-size: 14px; color: #555;\"> \nG\u00fcnstige Alternativen zu beliebten Markenparf\u00fcms.<br\/><\/span> \n  <\/div>\n<\/a>\n\n\n\n<p><\/p>\n\n\n\n<p><\/p>\n\n\n\n<div style=\"height:50px\" aria-hidden=\"true\" class=\"wp-block-spacer\"><\/div>\n\n\n\n<p><\/p>\n","protected":false},"excerpt":{"rendered":"<p>Wenn Sie das Parf\u00fcm Eternity von Calvin Klein lieben, werden Sie wahrscheinlich auch zwei g\u00fcnstigere, aber \u00fcberraschend \u00e4hnliche Varianten m\u00f6gen: Saphir New Mazurca und Yodeyma Prosa. Beide bieten ein elegantes und zeitloses Dufterlebnis zu einem wesentlich g\u00fcnstigeren Preis. \ud83c\udf3f Saphir New Mazurca &#8211; blumige und [&hellip;]<\/p>\n","protected":false},"author":1,"featured_media":0,"parent":0,"menu_order":0,"comment_status":"closed","ping_status":"closed","template":"","meta":{"site-sidebar-layout":"default","site-content-layout":"","ast-site-content-layout":"default","site-content-style":"default","site-sidebar-style":"default","ast-global-header-display":"","ast-banner-title-visibility":"","ast-main-header-display":"","ast-hfb-above-header-display":"","ast-hfb-below-header-display":"","ast-hfb-mobile-header-display":"","site-post-title":"","ast-breadcrumbs-content":"","ast-featured-img":"","footer-sml-layout":"","theme-transparent-header-meta":"","adv-header-id-meta":"","stick-header-meta":"","header-above-stick-meta":"","header-main-stick-meta":"","header-below-stick-meta":"","astra-migrate-meta-layouts":"set","ast-page-background-enabled":"default","ast-page-background-meta":{"desktop":{"background-color":"var(--ast-global-color-4)","background-image":"","background-repeat":"repeat","background-position":"center center","background-size":"auto","background-attachment":"scroll","background-type":"","background-media":"","overlay-type":"","overlay-color":"","overlay-opacity":"","overlay-gradient":""},"tablet":{"background-color":"","background-image":"","background-repeat":"repeat","background-position":"center center","background-size":"auto","background-attachment":"scroll","background-type":"","background-media":"","overlay-type":"","overlay-color":"","overlay-opacity":"","overlay-gradient":""},"mobile":{"background-color":"","background-image":"","background-repeat":"repeat","background-position":"center center","background-size":"auto","background-attachment":"scroll","background-type":"","background-media":"","overlay-type":"","overlay-color":"","overlay-opacity":"","overlay-gradient":""}},"ast-content-background-meta":{"desktop":{"background-color":"var(--ast-global-color-5)","background-image":"","background-repeat":"repeat","background-position":"center center","background-size":"auto","background-attachment":"scroll","background-type":"","background-media":"","overlay-type":"","overlay-color":"","overlay-opacity":"","overlay-gradient":""},"tablet":{"background-color":"var(--ast-global-color-5)","background-image":"","background-repeat":"repeat","background-position":"center center","background-size":"auto","background-attachment":"scroll","background-type":"","background-media":"","overlay-type":"","overlay-color":"","overlay-opacity":"","overlay-gradient":""},"mobile":{"background-color":"var(--ast-global-color-5)","background-image":"","background-repeat":"repeat","background-position":"center center","background-size":"auto","background-attachment":"scroll","background-type":"","background-media":"","overlay-type":"","overlay-color":"","overlay-opacity":"","overlay-gradient":""}},"footnotes":""},"class_list":["post-6444","page","type-page","status-publish","hentry"],"_links":{"self":[{"href":"https:\/\/equivalenzaprofumi.com\/de\/wp-json\/wp\/v2\/pages\/6444","targetHints":{"allow":["GET"]}}],"collection":[{"href":"https:\/\/equivalenzaprofumi.com\/de\/wp-json\/wp\/v2\/pages"}],"about":[{"href":"https:\/\/equivalenzaprofumi.com\/de\/wp-json\/wp\/v2\/types\/page"}],"author":[{"embeddable":true,"href":"https:\/\/equivalenzaprofumi.com\/de\/wp-json\/wp\/v2\/users\/1"}],"replies":[{"embeddable":true,"href":"https:\/\/equivalenzaprofumi.com\/de\/wp-json\/wp\/v2\/comments?post=6444"}],"version-history":[{"count":4,"href":"https:\/\/equivalenzaprofumi.com\/de\/wp-json\/wp\/v2\/pages\/6444\/revisions"}],"predecessor-version":[{"id":16711,"href":"https:\/\/equivalenzaprofumi.com\/de\/wp-json\/wp\/v2\/pages\/6444\/revisions\/16711"}],"wp:attachment":[{"href":"https:\/\/equivalenzaprofumi.com\/de\/wp-json\/wp\/v2\/media?parent=6444"}],"curies":[{"name":"wp","href":"https:\/\/api.w.org\/{rel}","templated":true}]}}