{"id":6446,"date":"2022-10-13T17:39:17","date_gmt":"2022-10-13T17:39:17","guid":{"rendered":"https:\/\/equivalenzaprofumi.com\/donna-karan-parfuem-dkny-beste-aequivalenzen-und-alternativen"},"modified":"2025-11-16T12:20:48","modified_gmt":"2025-11-16T12:20:48","slug":"fragranza-numero-21","status":"publish","type":"page","link":"https:\/\/equivalenzaprofumi.com\/de\/fragranza-numero-21\/","title":{"rendered":"Donna Karan Parf\u00fcm (DKNY): Beste \u00c4quivalenzen und Alternativen"},"content":{"rendered":"\n<div style=\"height:40px\" aria-hidden=\"true\" class=\"wp-block-spacer\"><\/div>\n\n\n\n<p><strong>Donna Karan<\/strong> ist ein Duft , der f\u00fcr elegante und sinnliche Weiblichkeit steht, perfekt f\u00fcr alle, die einen anspruchsvollen und unverwechselbaren Duft suchen. Wenn Sie eine erschwinglichere Alternative suchen , ohne auf Qualit\u00e4t verzichten zu m\u00fcssen, finden Sie hier die besten \u00c4quivalente zu <strong>Donna Karan<\/strong>. <\/p>\n\n\n\n<p><\/p>\n\n\n\n<div style=\"height:50px\" aria-hidden=\"true\" class=\"wp-block-spacer\"><\/div>\n\n\n\n<p><\/p>\n\n\n\n<h2 class=\"wp-block-heading\"><strong>Die besten Alternativen zu Donna Karan<\/strong><\/h2>\n\n\n\n<p>Entdecken Sie zwei D\u00fcfte, die die Eleganz und Sinnlichkeit von <strong>Donna Karan<\/strong> widerspiegeln, aber zu einem erschwinglicheren Preis, ohne dabei die gleiche raffinierte Ausstrahlung zu verlieren.<\/p>\n\n\n\n<p><\/p>\n\n\n\n<div style=\"height:20px\" aria-hidden=\"true\" class=\"wp-block-spacer\"><\/div>\n\n\n\n<h3 class=\"wp-block-heading\"><strong>Saphir Sph Woman: Eleganz und Charakter<\/strong><\/h3>\n\n\n\n<p><strong>Saphir Sph Woman<\/strong> ist eine der raffiniertesten Alternativen zu <strong>Donna Karan<\/strong>. Mit einer Mischung aus holzigen und blumigen Noten bietet dieser Duft eine sinnliche und geheimnisvolle Erfahrung, perfekt f\u00fcr die moderne Frau, die sich gerne profiliert. <\/p>\n\n\n\n<p><strong>Wichtigste Hinweise:<\/strong><\/p>\n\n\n\n<ul class=\"wp-block-list\">\n<li><strong> Kopfnoten :<\/strong> Zitrusfr\u00fcchte, Bergamotte.<\/li>\n<\/ul>\n\n\n\n<p><\/p>\n\n\n\n<ul class=\"wp-block-list\">\n<li><strong> Herznoten<\/strong><strong> :<\/strong> Jasmin, Iris, Rose.<\/li>\n<\/ul>\n\n\n\n<p><\/p>\n\n\n\n<ul class=\"wp-block-list\">\n<li><strong> Basisnoten :<\/strong> Moschus, Sandelholz, Amber.<\/li>\n<\/ul>\n\n\n\n<p><\/p>\n\n\n\n<p><strong><a href=\"https:\/\/equivalenzaprofumi.com\/equivalenza-saphir-sph-woman\/\">Mehr \u00fcber Saphir Sph Woman erfahren Sie hier.<\/a><\/strong><\/p>\n\n\n\n<p><\/p>\n\n\n\n<div style=\"height:20px\" aria-hidden=\"true\" class=\"wp-block-spacer\"><\/div>\n\n\n\n<p><\/p>\n\n\n\n<div class=\"aawp\">\n\n            \n            \n<div class=\"aawp-product aawp-product--horizontal aawp-product--css-adjust-image-large\"  data-aawp-product-asin=\"B00OUV28B4\" data-aawp-product-id=\"11793\" data-aawp-tracking-id=\"equivalenzapr-21\" data-aawp-product-title=\"PARFUMS SAPHIR Sph Woman - Eau de Parfum con Vaporizzatore da Donna - 200 ml\" data-aawp-geotargeting=\"true\" data-aawp-local-click-tracking=\"1\">\n\n    \n    <div class=\"aawp-product__thumb\">\n        <a class=\"aawp-product__image-link\" href=\"https:\/\/www.amazon.it\/dp\/B00OUV28B4?tag=equivalenzapr-21&#038;linkCode=ogi&#038;th=1&#038;psc=1\" title=\"PARFUMS SAPHIR Sph Woman - Eau de Parfum con Vaporizzatore da Donna - 200 ml\" rel=\"nofollow noopener sponsored\" target=\"_blank\">\n            <img decoding=\"async\" class=\"aawp-product__image\" src=\"https:\/\/m.media-amazon.com\/images\/I\/31Hv3dDOtJL.jpg\" alt=\"PARFUMS SAPHIR Sph Woman - Eau de Parfum con Vaporizzatore da Donna - 200 ml\"  \/>\n        <\/a>\n\n            <\/div>\n\n    <div class=\"aawp-product__content\">\n        <a class=\"aawp-product__title\" href=\"https:\/\/www.amazon.it\/dp\/B00OUV28B4?tag=equivalenzapr-21&#038;linkCode=ogi&#038;th=1&#038;psc=1\" title=\"PARFUMS SAPHIR Sph Woman - Eau de Parfum con Vaporizzatore da Donna - 200 ml\" rel=\"nofollow noopener sponsored\" target=\"_blank\">\n            PARFUMS SAPHIR Sph Woman &#8211; Eau de Parfum con Vaporizzatore da Donna &#8211; 200 ml        <\/a>\n        <div class=\"aawp-product__description\">\n            <ul><li>Profumo molto fruttato<\/li><li>La sua piramide olfattiva inizia con note di arancia, per continuare con dettagli di orchidea che ci trasportano in un paradiso naturale.<\/li><li>Le eau de parfums SAPHIR Parfums sono ideali per le donne che vogliono prendersi cura di se stesse quotidianamente, perch\u00e9 sono fragranze piacevoli e di lunga durata.<\/li><li>Con pochi tocchi sui polsi e sul collo, otterrete la fragranza che vi accompagner\u00e0 tutto il giorno.<\/li><li>Inoltre, il suo flacone spray da 200 ml lo rende un profumo conveniente per l&#8217;uso quotidiano.<\/li><\/ul>        <\/div>\n    <\/div>\n\n    <div class=\"aawp-product__footer\">\n\n        <div class=\"aawp-product__pricing\">\n            \n                            <span class=\"aawp-product__price aawp-product__price--current\"><\/span>\n            \n                    <\/div>\n\n                <a class=\"aawp-button aawp-button--buy aawp-button aawp-button--amazon\" href=\"https:\/\/www.amazon.it\/dp\/B00OUV28B4?tag=equivalenzapr-21&#038;linkCode=ogi&#038;th=1&#038;psc=1\" title=\"AUF AMAZON ANSEHEN\" target=\"_blank\" rel=\"nofollow noopener sponsored\">AUF AMAZON ANSEHEN<\/a>\n            <\/div>\n\n<\/div>\n\n    \n<\/div>\n<p class=\"aawp-disclaimer\"><span style=\"vertical-align: inherit;\"><span style=\"vertical-align: inherit;\">Preise und Verf\u00fcgbarkeit aktualisiert am 30.04.2026 (\u00c4nderungen vorbehalten). Als Amazon-Partner verdienen wir an qualifizierten Verk\u00e4ufen \u2013 ohne Mehrkosten f\u00fcr dich.<\/span><\/span><\/p>\n\n\n<p><\/p>\n\n\n\n<div style=\"height:50px\" aria-hidden=\"true\" class=\"wp-block-spacer\"><\/div>\n\n\n\n<p><\/p>\n\n\n\n<h3 class=\"wp-block-heading\"><strong>iAP Pharma Nr. 21: Eleganz und Weiblichkeit<\/strong><\/h3>\n\n\n\n<p><strong>iAP Pharma N\u00ba 21<\/strong> besitzt die gleiche Eleganz wie <strong>Donna Karan<\/strong>, nur mit einer frischeren, blumigeren Note. Perfekt f\u00fcr alle, die einen raffinierten und doch leichten Duft suchen, ideal f\u00fcr den t\u00e4glichen Gebrauch. <\/p>\n\n\n\n<p><strong>Wichtigste Hinweise:<\/strong><\/p>\n\n\n\n<ul class=\"wp-block-list\">\n<li><strong> Kopfnoten :<\/strong> Bergamotte, Zitrone.<\/li>\n<\/ul>\n\n\n\n<p><\/p>\n\n\n\n<ul class=\"wp-block-list\">\n<li><strong> Herznoten :<\/strong> Jasmin, Lavendel, wei\u00dfe Blumen.<\/li>\n<\/ul>\n\n\n\n<p><\/p>\n\n\n\n<ul class=\"wp-block-list\">\n<li><strong> Basisnoten :<\/strong> Moschus, Zedernholz, Amber.<\/li>\n<\/ul>\n\n\n\n<p><\/p>\n\n\n\n<p><strong><a href=\"https:\/\/equivalenzaprofumi.com\/de\/aequivalenz-iap-pharma-nr-21\/\">Mehr \u00fcber iAP Pharma No. 21 erfahren Sie hier.<\/a><\/strong><\/p>\n\n\n\n<p><\/p>\n\n\n\n<div style=\"height:20px\" aria-hidden=\"true\" class=\"wp-block-spacer\"><\/div>\n\n\n\n<p><\/p>\n\n\n\n<div class=\"aawp\">\n\n            \n            \n<div class=\"aawp-product aawp-product--horizontal aawp-product--css-adjust-image-large\"  data-aawp-product-asin=\"B018KA687U\" data-aawp-product-id=\"11915\" data-aawp-tracking-id=\"equivalenzapr-21\" data-aawp-product-title=\"iap PHARMA PARFUMS N\u00ba 21 - Profumo Floreale da Donna Agrumata 150 Millilitri\" data-aawp-geotargeting=\"true\" data-aawp-local-click-tracking=\"1\">\n\n    \n    <div class=\"aawp-product__thumb\">\n        <a class=\"aawp-product__image-link\" href=\"https:\/\/www.amazon.it\/dp\/B018KA687U?tag=equivalenzapr-21&#038;linkCode=ogi&#038;th=1&#038;psc=1\" title=\"iap PHARMA PARFUMS N\u00ba 21 - Profumo Floreale da Donna, Agrumata, 150 Millilitri\" rel=\"nofollow noopener sponsored\" target=\"_blank\">\n            <img decoding=\"async\" class=\"aawp-product__image\" src=\"https:\/\/m.media-amazon.com\/images\/I\/310IyJriWUL.jpg\" alt=\"iap PHARMA PARFUMS N\u00ba 21 - Profumo Floreale da Donna, Agrumata, 150 Millilitri\"  \/>\n        <\/a>\n\n            <\/div>\n\n    <div class=\"aawp-product__content\">\n        <a class=\"aawp-product__title\" href=\"https:\/\/www.amazon.it\/dp\/B018KA687U?tag=equivalenzapr-21&#038;linkCode=ogi&#038;th=1&#038;psc=1\" title=\"iap PHARMA PARFUMS N\u00ba 21 - Profumo Floreale da Donna, Agrumata, 150 Millilitri\" rel=\"nofollow noopener sponsored\" target=\"_blank\">\n            iap PHARMA PARFUMS N\u00ba 21 &#8211; Profumo Floreale da Donna, Agrumata, 150 Millilitri        <\/a>\n        <div class=\"aawp-product__description\">\n            <ul><li>Cubetti Beretta: una gamma ricca e completa di prodotti a servizio del consumatore. Aiuti in cucina, comodi e pratici, per la preparazione di piatti gustosi e ricchi di fantasia<\/li><li>Maxi confezione da 230g.Cubetti di pancetta dolce, delicati e ricchi di gusto, da usare in cucina con creativit\u00e0. Ideali per amatriciana. Senza glutine.<\/li><li>Conservare a temperatura max +4\u00b0C. Consumare entro 48 ore dall&#8217;apertura. Da consumare previa cottura.<\/li><li>Ingredienti: Carne di suino, sale, spezie, aromi naturali. Antiossidante: ascorbato di sodio. Conservanti: nitrito di sodio, nitrato di potassio.<\/li><li>Luogo di origine : Italia<\/li><\/ul>        <\/div>\n    <\/div>\n\n    <div class=\"aawp-product__footer\">\n\n        <div class=\"aawp-product__pricing\">\n            \n                            <span class=\"aawp-product__price aawp-product__price--current\"><\/span>\n            \n                    <\/div>\n\n                <a class=\"aawp-button aawp-button--buy aawp-button aawp-button--amazon\" href=\"https:\/\/www.amazon.it\/dp\/B018KA687U?tag=equivalenzapr-21&#038;linkCode=ogi&#038;th=1&#038;psc=1\" title=\"AUF AMAZON ANSEHEN\" target=\"_blank\" rel=\"nofollow noopener sponsored\">AUF AMAZON ANSEHEN<\/a>\n            <\/div>\n\n<\/div>\n\n    \n<\/div>\n<p class=\"aawp-disclaimer\"><span style=\"vertical-align: inherit;\"><span style=\"vertical-align: inherit;\">Preise und Verf\u00fcgbarkeit aktualisiert am 29.04.2026 (\u00c4nderungen vorbehalten). Als Amazon-Partner verdienen wir an qualifizierten Verk\u00e4ufen \u2013 ohne Mehrkosten f\u00fcr dich.<\/span><\/span><\/p>\n\n\n<p><\/p>\n\n\n\n<div style=\"height:50px\" aria-hidden=\"true\" class=\"wp-block-spacer\"><\/div>\n\n\n\n<p><\/p>\n\n\n\n<h2 class=\"wp-block-heading\"><strong>Was ist die beste Alternative zu Donna Karan?<\/strong><\/h2>\n\n\n\n<p>Sowohl <strong>Saphir Sph Woman<\/strong> als auch <strong>iAP Pharma N\u00ba 21<\/strong> sind ausgezeichnete Alternativen zu <strong>Donna Karan<\/strong>. Wenn Sie einen intensiveren, sinnlichen Duft mit holzigen Noten bevorzugen, ist <strong>Saphir Sph Woman<\/strong> die ideale Wahl. Wenn Sie hingegen einen frischeren, blumigeren Duft suchen, ist <strong>iAP Pharma N\u00ba 21<\/strong> die perfekte L\u00f6sung.  <\/p>\n\n\n\n<p><\/p>\n\n\n\n<div style=\"height:50px\" aria-hidden=\"true\" class=\"wp-block-spacer\"><\/div>\n\n\n\n<p><\/p>\n\n\n\n<div style=\"height:50px\" aria-hidden=\"true\" class=\"wp-block-spacer\"><\/div>\n","protected":false},"excerpt":{"rendered":"<p>Donna Karan ist ein Duft , der f\u00fcr elegante und sinnliche Weiblichkeit steht, perfekt f\u00fcr alle, die einen anspruchsvollen und unverwechselbaren Duft suchen. Wenn Sie eine erschwinglichere Alternative suchen , ohne auf Qualit\u00e4t verzichten zu m\u00fcssen, finden Sie hier die besten \u00c4quivalente zu Donna Karan. [&hellip;]<\/p>\n","protected":false},"author":1,"featured_media":6447,"parent":0,"menu_order":0,"comment_status":"closed","ping_status":"closed","template":"","meta":{"site-sidebar-layout":"default","site-content-layout":"","ast-site-content-layout":"default","site-content-style":"default","site-sidebar-style":"default","ast-global-header-display":"","ast-banner-title-visibility":"","ast-main-header-display":"","ast-hfb-above-header-display":"","ast-hfb-below-header-display":"","ast-hfb-mobile-header-display":"","site-post-title":"","ast-breadcrumbs-content":"","ast-featured-img":"","footer-sml-layout":"","theme-transparent-header-meta":"","adv-header-id-meta":"","stick-header-meta":"","header-above-stick-meta":"","header-main-stick-meta":"","header-below-stick-meta":"","astra-migrate-meta-layouts":"set","ast-page-background-enabled":"default","ast-page-background-meta":{"desktop":{"background-color":"var(--ast-global-color-4)","background-image":"","background-repeat":"repeat","background-position":"center center","background-size":"auto","background-attachment":"scroll","background-type":"","background-media":"","overlay-type":"","overlay-color":"","overlay-opacity":"","overlay-gradient":""},"tablet":{"background-color":"","background-image":"","background-repeat":"repeat","background-position":"center center","background-size":"auto","background-attachment":"scroll","background-type":"","background-media":"","overlay-type":"","overlay-color":"","overlay-opacity":"","overlay-gradient":""},"mobile":{"background-color":"","background-image":"","background-repeat":"repeat","background-position":"center center","background-size":"auto","background-attachment":"scroll","background-type":"","background-media":"","overlay-type":"","overlay-color":"","overlay-opacity":"","overlay-gradient":""}},"ast-content-background-meta":{"desktop":{"background-color":"var(--ast-global-color-5)","background-image":"","background-repeat":"repeat","background-position":"center center","background-size":"auto","background-attachment":"scroll","background-type":"","background-media":"","overlay-type":"","overlay-color":"","overlay-opacity":"","overlay-gradient":""},"tablet":{"background-color":"var(--ast-global-color-5)","background-image":"","background-repeat":"repeat","background-position":"center center","background-size":"auto","background-attachment":"scroll","background-type":"","background-media":"","overlay-type":"","overlay-color":"","overlay-opacity":"","overlay-gradient":""},"mobile":{"background-color":"var(--ast-global-color-5)","background-image":"","background-repeat":"repeat","background-position":"center center","background-size":"auto","background-attachment":"scroll","background-type":"","background-media":"","overlay-type":"","overlay-color":"","overlay-opacity":"","overlay-gradient":""}},"footnotes":""},"class_list":["post-6446","page","type-page","status-publish","has-post-thumbnail","hentry"],"_links":{"self":[{"href":"https:\/\/equivalenzaprofumi.com\/de\/wp-json\/wp\/v2\/pages\/6446","targetHints":{"allow":["GET"]}}],"collection":[{"href":"https:\/\/equivalenzaprofumi.com\/de\/wp-json\/wp\/v2\/pages"}],"about":[{"href":"https:\/\/equivalenzaprofumi.com\/de\/wp-json\/wp\/v2\/types\/page"}],"author":[{"embeddable":true,"href":"https:\/\/equivalenzaprofumi.com\/de\/wp-json\/wp\/v2\/users\/1"}],"replies":[{"embeddable":true,"href":"https:\/\/equivalenzaprofumi.com\/de\/wp-json\/wp\/v2\/comments?post=6446"}],"version-history":[{"count":4,"href":"https:\/\/equivalenzaprofumi.com\/de\/wp-json\/wp\/v2\/pages\/6446\/revisions"}],"predecessor-version":[{"id":15171,"href":"https:\/\/equivalenzaprofumi.com\/de\/wp-json\/wp\/v2\/pages\/6446\/revisions\/15171"}],"wp:featuredmedia":[{"embeddable":true,"href":"https:\/\/equivalenzaprofumi.com\/de\/wp-json\/wp\/v2\/media\/6447"}],"wp:attachment":[{"href":"https:\/\/equivalenzaprofumi.com\/de\/wp-json\/wp\/v2\/media?parent=6446"}],"curies":[{"name":"wp","href":"https:\/\/api.w.org\/{rel}","templated":true}]}}