{"id":5270,"date":"2022-10-11T10:25:25","date_gmt":"2022-10-11T10:25:25","guid":{"rendered":"https:\/\/equivalenzaprofumi.com\/equivalencia-iap-pharma-nr-27"},"modified":"2025-11-21T09:20:13","modified_gmt":"2025-11-21T09:20:13","slug":"equivalencia-iap-pharma-nr-27","status":"publish","type":"page","link":"https:\/\/equivalenzaprofumi.com\/es\/equivalencia-iap-pharma-nr-27\/","title":{"rendered":"Equivalencia iAP Pharma Nr. 27"},"content":{"rendered":"\n<div style=\"height:40px\" aria-hidden=\"true\" class=\"wp-block-spacer\"><\/div>\n\n\n\n<p class=\"has-text-align-center\"><em><strong>Los clientes que lo han comprado dicen que les recuerda a Halloween<\/strong><\/em><\/p>\n\n\n\n<p><\/p>\n\n\n\n<div style=\"height:50px\" aria-hidden=\"true\" class=\"wp-block-spacer\"><\/div>\n\n\n\n<p><\/p>\n\n\n\n<p>El perfume Halloween es un cl\u00e1sico que se ha ganado el coraz\u00f3n de muchos aficionados a las fragancias. Con sus notas \u00fanicas y envolventes, es ideal para quienes buscan una fragancia intrigante y misteriosa. Sin embargo, su precio puede no estar al alcance de todos.<\/p>\n\n\n\n<p>En este art\u00edculo, exploramos el equivalente de Halloween que ofrece <strong><a href=\"https:\/\/amzn.to\/4a16irl\" rel=\"nofollow noopener\" target=\"_blank\">iAP Pharma n\u00ba 27<\/a><\/strong>, una alternativa de alta calidad y asequible.<\/p>\n\n\n\n<p><\/p>\n\n\n\n<div style=\"height:50px\" aria-hidden=\"true\" class=\"wp-block-spacer\"><\/div>\n\n\n\n<p><\/p>\n\n\n\n<script async src=\"https:\/\/pagead2.googlesyndication.com\/pagead\/js\/adsbygoogle.js?client=ca-pub-4977985283184409\"\n     crossorigin=\"anonymous\"><\/script>\n<!-- EP Vert -->\n<ins class=\"adsbygoogle\"\n     style=\"display:block\"\n     data-ad-client=\"ca-pub-4977985283184409\"\n     data-ad-slot=\"1926247845\"\n     data-ad-format=\"auto\"\n     data-full-width-responsive=\"true\"><\/ins>\n<script>\n     (adsbygoogle = window.adsbygoogle || []).push({});\n<\/script>\n\n\n\n<div style=\"height:20px\" aria-hidden=\"true\" class=\"wp-block-spacer\"><\/div>\n\n\n\n<p><\/p>\n\n\n\n<div style=\"height:50px\" aria-hidden=\"true\" class=\"wp-block-spacer\"><\/div>\n\n\n\n<p><\/p>\n\n\n\n<div class=\"aawp\">\n\n            \n            \n<div class=\"aawp-product aawp-product--horizontal aawp-product--css-adjust-image-large\"  data-aawp-product-asin=\"B01DZ3BJKI\" data-aawp-product-id=\"59\" data-aawp-tracking-id=\"equivalenzapr-21\" data-aawp-product-title=\"iap PHARMA PARFUMS N\u00ba 27 Profumo Floreale da Donna 150 Ml\" data-aawp-geotargeting=\"true\" data-aawp-local-click-tracking=\"1\">\n\n    \n    <div class=\"aawp-product__thumb\">\n        <a class=\"aawp-product__image-link\" href=\"https:\/\/www.amazon.it\/dp\/B01DZ3BJKI?tag=equivalenzapr-21&#038;linkCode=ogi&#038;th=1&#038;psc=1\" title=\"iap PHARMA PARFUMS N\u00ba 27, Profumo Floreale da Donna, 150 Ml\" rel=\"nofollow noopener sponsored\" target=\"_blank\">\n            <img decoding=\"async\" class=\"aawp-product__image\" src=\"https:\/\/m.media-amazon.com\/images\/I\/311c1bqJKtL.jpg\" alt=\"iap PHARMA PARFUMS N\u00ba 27, Profumo Floreale da Donna, 150 Ml\"  \/>\n        <\/a>\n\n                    <div class=\"aawp-product__rating\">\n                <a class=\"aawp-star-rating aawp-star-rating--small aawp-star-rating--v2\" href=\"https:\/\/www.amazon.it\/product-reviews\/B01DZ3BJKI?tag=equivalenzapr-21\" title=\"Opiniones en Amazon\" rel=\"nofollow noopener sponsored\" target=\"_blank\"><span style=\"width: 80%;\"><\/span><\/a>\n                            <\/div>\n            <\/div>\n\n    <div class=\"aawp-product__content\">\n        <a class=\"aawp-product__title\" href=\"https:\/\/www.amazon.it\/dp\/B01DZ3BJKI?tag=equivalenzapr-21&#038;linkCode=ogi&#038;th=1&#038;psc=1\" title=\"iap PHARMA PARFUMS N\u00ba 27, Profumo Floreale da Donna, 150 Ml\" rel=\"nofollow noopener sponsored\" target=\"_blank\">\n            iap PHARMA PARFUMS N\u00ba 27, Profumo Floreale da Donna, 150 Ml        <\/a>\n        <div class=\"aawp-product__description\">\n            <ul><li>Eau de parfum la donna di lunga durata che rimangono a lungo sulla pelle<\/li><li>Goditi il suo aroma fruttato<\/li><li>Profumo dolce e fresco<\/li><li>Profumo 150 ml con vaporizzatore da donna<\/li><li>Ottimo per l&#8217;uso quotidiano<\/li><\/ul>        <\/div>\n    <\/div>\n\n    <div class=\"aawp-product__footer\">\n\n        <div class=\"aawp-product__pricing\">\n            \n                            <span class=\"aawp-product__price aawp-product__price--current\">15,95 EUR<\/span>\n            \n                    <\/div>\n\n                <a class=\"aawp-button aawp-button--buy aawp-button aawp-button--amazon\" href=\"https:\/\/www.amazon.it\/dp\/B01DZ3BJKI?tag=equivalenzapr-21&#038;linkCode=ogi&#038;th=1&#038;psc=1\" title=\"VER EN AMAZON\" target=\"_blank\" rel=\"nofollow noopener sponsored\">VER EN AMAZON<\/a>\n            <\/div>\n\n<\/div>\n\n    \n<\/div>\n<p class=\"aawp-disclaimer\"><span style=\"vertical-align: inherit;\"><span style=\"vertical-align: inherit;\">Precios y disponibilidad actualizados el 2026-05-12 (sujetos a cambios). Como Afiliados de Amazon, podemos obtener ingresos por compras que cumplan los requisitos, sin coste adicional para ti.<\/span><\/span><\/p>\n\n\n<p><\/p>\n\n\n\n<div style=\"height:50px\" aria-hidden=\"true\" class=\"wp-block-spacer\"><\/div>\n\n\n\n<p><\/p>\n\n\n\n<h2 class=\"wp-block-heading\">iAP Pharma No. 27: Una alternativa a Halloween<\/h2>\n\n\n\n<div style=\"height:20px\" aria-hidden=\"true\" class=\"wp-block-spacer\"><\/div>\n\n\n\n<h3 class=\"wp-block-heading\">1. Caracter\u00edsticas de la fragancia<\/h3>\n\n\n\n<p><strong><a href=\"https:\/\/amzn.to\/4a16irl\" rel=\"nofollow noopener\" target=\"_blank\">iAP Pharma Nr. 27<\/a><\/strong> destaca por su capacidad para reproducir las notas distintivas de Halloween. Esta fragancia combina elementos frescos y especiados, creando un perfil arom\u00e1tico que recuerda al original pero con un precio m\u00e1s asequible. Es perfecta para los amantes de las fragancias intensas y misteriosas.<\/p>\n\n\n\n<p><\/p>\n\n\n\n<div style=\"height:20px\" aria-hidden=\"true\" class=\"wp-block-spacer\"><\/div>\n\n\n\n<p><\/p>\n\n\n\n<h3 class=\"wp-block-heading\">2. Notas olfativas<\/h3>\n\n\n\n<p><a href=\"https:\/\/amzn.to\/4a16irl\" rel=\"nofollow noopener\" target=\"_blank\">iAP Pharma N\u00ba 27<\/a> ofrece una armoniosa combinaci\u00f3n de notas de salida afrutadas, seguidas de un coraz\u00f3n floral y un fondo c\u00e1lido y envolvente. Las notas iniciales c\u00edtricas combinan a la perfecci\u00f3n con las notas florales y especiadas, dando como resultado una fragancia equilibrada y duradera.<\/p>\n\n\n\n<p><\/p>\n\n\n\n<div style=\"height:50px\" aria-hidden=\"true\" class=\"wp-block-spacer\"><\/div>\n\n\n\n<p><\/p>\n\n\n\n<script async src=\"https:\/\/pagead2.googlesyndication.com\/pagead\/js\/adsbygoogle.js?client=ca-pub-4977985283184409\"\n     crossorigin=\"anonymous\"><\/script>\n<!-- EP Vert -->\n<ins class=\"adsbygoogle\"\n     style=\"display:block\"\n     data-ad-client=\"ca-pub-4977985283184409\"\n     data-ad-slot=\"1926247845\"\n     data-ad-format=\"auto\"\n     data-full-width-responsive=\"true\"><\/ins>\n<script>\n     (adsbygoogle = window.adsbygoogle || []).push({});\n<\/script>\n\n\n\n<div style=\"height:20px\" aria-hidden=\"true\" class=\"wp-block-spacer\"><\/div>\n\n\n\n<p><\/p>\n\n\n\n<div style=\"height:50px\" aria-hidden=\"true\" class=\"wp-block-spacer\"><\/div>\n\n\n\n<div style=\"height:20px\" aria-hidden=\"true\" class=\"wp-block-spacer\"><\/div>\n\n\n\n<p><\/p>\n\n\n\n<h2 class=\"wp-block-heading\">Conclusiones<\/h2>\n\n\n\n<p>En resumen, <strong><a href=\"https:\/\/amzn.to\/4a16irl\" rel=\"nofollow noopener\" target=\"_blank\">iAP Pharma N\u00ba 27<\/a><\/strong> es una excelente alternativa a la fragancia de Halloween. Con su combinaci\u00f3n de notas envolventes y un precio asequible, es la opci\u00f3n ideal para quienes desean una fragancia intrigante sin gastarse una fortuna. Si eres aficionado a los perfumes, no pierdas la oportunidad de probar esta alternativa de alta calidad.<\/p>\n\n\n\n<p><\/p>\n\n\n\n<div style=\"height:50px\" aria-hidden=\"true\" class=\"wp-block-spacer\"><\/div>\n\n\n\n<p><\/p>\n\n\n\n<div class=\"aawp\">\n\n            \n            \n<div class=\"aawp-product aawp-product--horizontal aawp-product--css-adjust-image-large\"  data-aawp-product-asin=\"B01DZ3BJKI\" data-aawp-product-id=\"59\" data-aawp-tracking-id=\"equivalenzapr-21\" data-aawp-product-title=\"iap PHARMA PARFUMS N\u00ba 27 Profumo Floreale da Donna 150 Ml\" data-aawp-geotargeting=\"true\" data-aawp-local-click-tracking=\"1\">\n\n    \n    <div class=\"aawp-product__thumb\">\n        <a class=\"aawp-product__image-link\" href=\"https:\/\/www.amazon.it\/dp\/B01DZ3BJKI?tag=equivalenzapr-21&#038;linkCode=ogi&#038;th=1&#038;psc=1\" title=\"iap PHARMA PARFUMS N\u00ba 27, Profumo Floreale da Donna, 150 Ml\" rel=\"nofollow noopener sponsored\" target=\"_blank\">\n            <img decoding=\"async\" class=\"aawp-product__image\" src=\"https:\/\/m.media-amazon.com\/images\/I\/311c1bqJKtL.jpg\" alt=\"iap PHARMA PARFUMS N\u00ba 27, Profumo Floreale da Donna, 150 Ml\"  \/>\n        <\/a>\n\n                    <div class=\"aawp-product__rating\">\n                <a class=\"aawp-star-rating aawp-star-rating--small aawp-star-rating--v2\" href=\"https:\/\/www.amazon.it\/product-reviews\/B01DZ3BJKI?tag=equivalenzapr-21\" title=\"Opiniones en Amazon\" rel=\"nofollow noopener sponsored\" target=\"_blank\"><span style=\"width: 80%;\"><\/span><\/a>\n                            <\/div>\n            <\/div>\n\n    <div class=\"aawp-product__content\">\n        <a class=\"aawp-product__title\" href=\"https:\/\/www.amazon.it\/dp\/B01DZ3BJKI?tag=equivalenzapr-21&#038;linkCode=ogi&#038;th=1&#038;psc=1\" title=\"iap PHARMA PARFUMS N\u00ba 27, Profumo Floreale da Donna, 150 Ml\" rel=\"nofollow noopener sponsored\" target=\"_blank\">\n            iap PHARMA PARFUMS N\u00ba 27, Profumo Floreale da Donna, 150 Ml        <\/a>\n        <div class=\"aawp-product__description\">\n            <ul><li>Eau de parfum la donna di lunga durata che rimangono a lungo sulla pelle<\/li><li>Goditi il suo aroma fruttato<\/li><li>Profumo dolce e fresco<\/li><li>Profumo 150 ml con vaporizzatore da donna<\/li><li>Ottimo per l&#8217;uso quotidiano<\/li><\/ul>        <\/div>\n    <\/div>\n\n    <div class=\"aawp-product__footer\">\n\n        <div class=\"aawp-product__pricing\">\n            \n                            <span class=\"aawp-product__price aawp-product__price--current\">15,95 EUR<\/span>\n            \n                    <\/div>\n\n                <a class=\"aawp-button aawp-button--buy aawp-button aawp-button--amazon\" href=\"https:\/\/www.amazon.it\/dp\/B01DZ3BJKI?tag=equivalenzapr-21&#038;linkCode=ogi&#038;th=1&#038;psc=1\" title=\"VER EN AMAZON\" target=\"_blank\" rel=\"nofollow noopener sponsored\">VER EN AMAZON<\/a>\n            <\/div>\n\n<\/div>\n\n    \n<\/div>\n<p class=\"aawp-disclaimer\"><span style=\"vertical-align: inherit;\"><span style=\"vertical-align: inherit;\">Precios y disponibilidad actualizados el 2026-05-12 (sujetos a cambios). Como Afiliados de Amazon, podemos obtener ingresos por compras que cumplan los requisitos, sin coste adicional para ti.<\/span><\/span><\/p>\n\n\n<p><\/p>\n\n\n\n<div style=\"height:50px\" aria-hidden=\"true\" class=\"wp-block-spacer\"><\/div>\n\n\n\n<p><\/p>\n\n\n\n<p><\/p>\n","protected":false},"excerpt":{"rendered":"<p>Los clientes que lo han comprado dicen que les recuerda a Halloween El perfume Halloween es un cl\u00e1sico que se ha ganado el coraz\u00f3n de muchos aficionados a las fragancias. Con sus notas \u00fanicas y envolventes, es ideal para quienes buscan una fragancia intrigante y [&hellip;]<\/p>\n","protected":false},"author":1,"featured_media":0,"parent":0,"menu_order":0,"comment_status":"closed","ping_status":"closed","template":"","meta":{"site-sidebar-layout":"default","site-content-layout":"","ast-site-content-layout":"default","site-content-style":"default","site-sidebar-style":"default","ast-global-header-display":"","ast-banner-title-visibility":"","ast-main-header-display":"","ast-hfb-above-header-display":"","ast-hfb-below-header-display":"","ast-hfb-mobile-header-display":"","site-post-title":"","ast-breadcrumbs-content":"","ast-featured-img":"","footer-sml-layout":"","theme-transparent-header-meta":"","adv-header-id-meta":"","stick-header-meta":"","header-above-stick-meta":"","header-main-stick-meta":"","header-below-stick-meta":"","astra-migrate-meta-layouts":"set","ast-page-background-enabled":"default","ast-page-background-meta":{"desktop":{"background-color":"var(--ast-global-color-4)","background-image":"","background-repeat":"repeat","background-position":"center center","background-size":"auto","background-attachment":"scroll","background-type":"","background-media":"","overlay-type":"","overlay-color":"","overlay-opacity":"","overlay-gradient":""},"tablet":{"background-color":"","background-image":"","background-repeat":"repeat","background-position":"center center","background-size":"auto","background-attachment":"scroll","background-type":"","background-media":"","overlay-type":"","overlay-color":"","overlay-opacity":"","overlay-gradient":""},"mobile":{"background-color":"","background-image":"","background-repeat":"repeat","background-position":"center center","background-size":"auto","background-attachment":"scroll","background-type":"","background-media":"","overlay-type":"","overlay-color":"","overlay-opacity":"","overlay-gradient":""}},"ast-content-background-meta":{"desktop":{"background-color":"var(--ast-global-color-5)","background-image":"","background-repeat":"repeat","background-position":"center center","background-size":"auto","background-attachment":"scroll","background-type":"","background-media":"","overlay-type":"","overlay-color":"","overlay-opacity":"","overlay-gradient":""},"tablet":{"background-color":"var(--ast-global-color-5)","background-image":"","background-repeat":"repeat","background-position":"center center","background-size":"auto","background-attachment":"scroll","background-type":"","background-media":"","overlay-type":"","overlay-color":"","overlay-opacity":"","overlay-gradient":""},"mobile":{"background-color":"var(--ast-global-color-5)","background-image":"","background-repeat":"repeat","background-position":"center center","background-size":"auto","background-attachment":"scroll","background-type":"","background-media":"","overlay-type":"","overlay-color":"","overlay-opacity":"","overlay-gradient":""}},"footnotes":""},"class_list":["post-5270","page","type-page","status-publish","hentry"],"_links":{"self":[{"href":"https:\/\/equivalenzaprofumi.com\/es\/wp-json\/wp\/v2\/pages\/5270","targetHints":{"allow":["GET"]}}],"collection":[{"href":"https:\/\/equivalenzaprofumi.com\/es\/wp-json\/wp\/v2\/pages"}],"about":[{"href":"https:\/\/equivalenzaprofumi.com\/es\/wp-json\/wp\/v2\/types\/page"}],"author":[{"embeddable":true,"href":"https:\/\/equivalenzaprofumi.com\/es\/wp-json\/wp\/v2\/users\/1"}],"replies":[{"embeddable":true,"href":"https:\/\/equivalenzaprofumi.com\/es\/wp-json\/wp\/v2\/comments?post=5270"}],"version-history":[{"count":3,"href":"https:\/\/equivalenzaprofumi.com\/es\/wp-json\/wp\/v2\/pages\/5270\/revisions"}],"predecessor-version":[{"id":15704,"href":"https:\/\/equivalenzaprofumi.com\/es\/wp-json\/wp\/v2\/pages\/5270\/revisions\/15704"}],"wp:attachment":[{"href":"https:\/\/equivalenzaprofumi.com\/es\/wp-json\/wp\/v2\/media?parent=5270"}],"curies":[{"name":"wp","href":"https:\/\/api.w.org\/{rel}","templated":true}]}}