{"id":5282,"date":"2025-09-01T19:14:06","date_gmt":"2025-09-01T19:14:06","guid":{"rendered":"https:\/\/equivalenzaprofumi.com\/perfume-narciso-rodriguez-for-her-y-sus-mejores-equivalencias"},"modified":"2025-11-03T13:01:57","modified_gmt":"2025-11-03T13:01:57","slug":"fragranza-numero-19","status":"publish","type":"page","link":"https:\/\/equivalenzaprofumi.com\/es\/fragranza-numero-19\/","title":{"rendered":"Perfume Narciso Rodriguez For Her y sus mejores equivalencias"},"content":{"rendered":"\n<div style=\"height:40px\" aria-hidden=\"true\" class=\"wp-block-spacer\"><\/div>\n\n\n\n<p><strong>Narciso Rodriguez For Her<\/strong> es una fragancia ic\u00f3nica que encarna la elegancia y la feminidad con sus notas florales, almizcladas y ambarinas. Es perfecta para quienes buscan una fragancia sofisticada, pero a veces su versi\u00f3n original puede resultar cara.  <\/p>\n\n\n\n<p>Si buscas alternativas que se hagan eco de su atractivo, pero a un precio m\u00e1s asequible, aqu\u00ed tienes los mejores equivalentes a Narciso Rodriguez For Her.<\/p>\n\n\n\n<p><\/p>\n\n\n\n<div style=\"height:50px\" aria-hidden=\"true\" class=\"wp-block-spacer\"><\/div>\n\n\n\n<p><\/p>\n\n\n\n<h2 class=\"wp-block-heading\"><strong>Las mejores alternativas a Narciso Rodriguez For Her<\/strong><\/h2>\n\n\n\n<p>Aqu\u00ed tienes algunas fragancias que capturan la esencia de <strong>Narciso Rodriguez For<\/strong> Her, con notas similares de almizcle, flores y madera, pero a un precio mucho m\u00e1s asequible.<\/p>\n\n\n\n<p><\/p>\n\n\n\n<div style=\"height:20px\" aria-hidden=\"true\" class=\"wp-block-spacer\"><\/div>\n\n\n\n<h3 class=\"wp-block-heading\"><strong>Saphir For Her: Elegancia y feminidad<\/strong><\/h3>\n\n\n\n<p><strong>Saphir For Her<\/strong> es una de las alternativas m\u00e1s populares a <strong>Narciso Rodriguez For Her<\/strong>. Con un coraz\u00f3n floral y una base almizclada y amaderada, <strong>Saphir For Her<\/strong> ofrece una sensaci\u00f3n de sofisticaci\u00f3n y sensualidad similar a la de la fragancia original, pero a un precio considerablemente inferior. <\/p>\n\n\n\n<p><strong>Notas principales:<\/strong><\/p>\n\n\n\n<ul class=\"wp-block-list\">\n<li><strong>Notas de salida<\/strong>: Rosa, mandarina, bergamota.<\/li>\n<\/ul>\n\n\n\n<p><\/p>\n\n\n\n<ul class=\"wp-block-list\">\n<li><strong>Notas de coraz\u00f3n<\/strong>: Az\u00facar, madera de cedro, almizcle.<\/li>\n<\/ul>\n\n\n\n<p><\/p>\n\n\n\n<ul class=\"wp-block-list\">\n<li><strong>Notas de fondo<\/strong>: S\u00e1ndalo, \u00e1mbar.<\/li>\n<\/ul>\n\n\n\n<p><\/p>\n\n\n\n<p><a href=\"https:\/\/equivalenzaprofumi.com\/equivalenza-saphir-per-lei\/\"><strong>M\u00e1s informaci\u00f3n sobre Saphir For Her aqu\u00ed.<\/strong><\/a><\/p>\n\n\n\n<p><\/p>\n\n\n\n<div style=\"height:20px\" aria-hidden=\"true\" class=\"wp-block-spacer\"><\/div>\n\n\n\n<p><\/p>\n\n\n\n<div class=\"aawp\">\n\n            \n            \n<div class=\"aawp-product aawp-product--horizontal aawp-product--css-adjust-image-large\"  data-aawp-product-asin=\"B00OUVGSM4\" data-aawp-product-id=\"11798\" data-aawp-tracking-id=\"equivalenzapr-21\" data-aawp-product-title=\"PARFUMS SAPHIR Saphir Per Lei Eau de Parfum con Vaporizzatore da Donna 200 Ml\" data-aawp-geotargeting=\"true\" data-aawp-local-click-tracking=\"1\">\n\n    \n    <div class=\"aawp-product__thumb\">\n        <a class=\"aawp-product__image-link\" href=\"https:\/\/www.amazon.it\/dp\/B00OUVGSM4?tag=equivalenzapr-21&#038;linkCode=ogi&#038;th=1&#038;psc=1\" title=\"PARFUMS SAPHIR Saphir Per Lei Eau de Parfum con Vaporizzatore da Donna, 200 Ml\" rel=\"nofollow noopener sponsored\" target=\"_blank\">\n            <img decoding=\"async\" class=\"aawp-product__image\" src=\"https:\/\/m.media-amazon.com\/images\/I\/31toXY-N74L.jpg\" alt=\"PARFUMS SAPHIR Saphir Per Lei Eau de Parfum con Vaporizzatore da Donna, 200 Ml\"  \/>\n        <\/a>\n\n            <\/div>\n\n    <div class=\"aawp-product__content\">\n        <a class=\"aawp-product__title\" href=\"https:\/\/www.amazon.it\/dp\/B00OUVGSM4?tag=equivalenzapr-21&#038;linkCode=ogi&#038;th=1&#038;psc=1\" title=\"PARFUMS SAPHIR Saphir Per Lei Eau de Parfum con Vaporizzatore da Donna, 200 Ml\" rel=\"nofollow noopener sponsored\" target=\"_blank\">\n            PARFUMS SAPHIR Saphir Per Lei Eau de Parfum con Vaporizzatore da Donna, 200 Ml        <\/a>\n        <div class=\"aawp-product__description\">\n            <ul><li>Profumo fresco e floreale<\/li><li>La sua piramide olfattiva inizia con note di pesca, per continuare con dettagli di rosa che ci trasportano in un ambiente elegante.<\/li><li>Le eau de parfums SAPHIR Parfums sono ideali per le donne che vogliono prendersi cura di se stesse quotidianamente, perch\u00e9 sono fragranze piacevoli e di lunga durata.<\/li><li>Con pochi tocchi sui polsi e sul collo, otterrete la fragranza che vi accompagner\u00e0 tutto il giorno.<\/li><li>Inoltre, il suo flacone spray da 200 ml lo rende un profumo conveniente per l&#8217;uso quotidiano.<\/li><\/ul>        <\/div>\n    <\/div>\n\n    <div class=\"aawp-product__footer\">\n\n        <div class=\"aawp-product__pricing\">\n            \n                            <span class=\"aawp-product__price aawp-product__price--current\"><\/span>\n            \n                    <\/div>\n\n                <a class=\"aawp-button aawp-button--buy aawp-button aawp-button--amazon\" href=\"https:\/\/www.amazon.it\/dp\/B00OUVGSM4?tag=equivalenzapr-21&#038;linkCode=ogi&#038;th=1&#038;psc=1\" title=\"VER EN AMAZON\" target=\"_blank\" rel=\"nofollow noopener sponsored\">VER EN AMAZON<\/a>\n            <\/div>\n\n<\/div>\n\n    \n<\/div>\n<p class=\"aawp-disclaimer\"><span style=\"vertical-align: inherit;\"><span style=\"vertical-align: inherit;\">Precios y disponibilidad actualizados el 2026-05-02 (sujetos a cambios). Como Afiliados de Amazon, podemos obtener ingresos por compras que cumplan los requisitos, sin coste adicional para ti.<\/span><\/span><\/p>\n\n\n<p><\/p>\n\n\n\n<div style=\"height:50px\" aria-hidden=\"true\" class=\"wp-block-spacer\"><\/div>\n\n\n\n<p><\/p>\n\n\n\n<h3 class=\"wp-block-heading\"><strong>iAP Pharma No. 15: Elegancia y frescura floral<\/strong><\/h3>\n\n\n\n<p><strong>iAP Pharma N\u00ba 15<\/strong> es una fragancia que evoca la elegancia y dulzura de <strong>Narciso Rodriguez For Her<\/strong>, con un toque de frescor floral. Esta alternativa almizclada y floral es ideal para quienes buscan una fragancia similar, pero con m\u00e1s frescura y delicadeza. Perfecta para cualquier ocasi\u00f3n.  <\/p>\n\n\n\n<p><strong>Notas principales:<\/strong><\/p>\n\n\n\n<ul class=\"wp-block-list\">\n<li><strong>Notas de salida<\/strong>: Bergamota, mandarina.<\/li>\n<\/ul>\n\n\n\n<p><\/p>\n\n\n\n<ul class=\"wp-block-list\">\n<li><strong>Notas de coraz\u00f3n<\/strong>: Rosa, jazm\u00edn.<\/li>\n<\/ul>\n\n\n\n<p><\/p>\n\n\n\n<ul class=\"wp-block-list\">\n<li><strong>Notas de fondo<\/strong>: almizcle, s\u00e1ndalo.<\/li>\n<\/ul>\n\n\n\n<p><\/p>\n\n\n\n<p><strong><a href=\"https:\/\/equivalenzaprofumi.com\/equivalencia-iap-pharma-nr-15\/\">M\u00e1s informaci\u00f3n sobre iAP Pharma n\u00ba 15 aqu\u00ed.<\/a><\/strong><\/p>\n\n\n\n<p><\/p>\n\n\n\n<div style=\"height:20px\" aria-hidden=\"true\" class=\"wp-block-spacer\"><\/div>\n\n\n\n<p><\/p>\n\n\n\n<div class=\"aawp\">\n\n            \n            \n<div class=\"aawp-product aawp-product--horizontal aawp-product--css-adjust-image-large\"  data-aawp-product-asin=\"B00W79WQBS\" data-aawp-product-id=\"11916\" data-aawp-tracking-id=\"equivalenzapr-21\" data-aawp-product-title=\"iap PHARMA PARFUMS N\u00ba 15 - Eau de Parfum Floreale Spray per Donna Inceso 150 Millilitri\" data-aawp-geotargeting=\"true\" data-aawp-local-click-tracking=\"1\">\n\n    \n    <div class=\"aawp-product__thumb\">\n        <a class=\"aawp-product__image-link\" href=\"https:\/\/www.amazon.it\/dp\/B00W79WQBS?tag=equivalenzapr-21&#038;linkCode=ogi&#038;th=1&#038;psc=1\" title=\"iap PHARMA PARFUMS N\u00ba 15 - Eau de Parfum Floreale Spray per Donna, Inceso, 150 Millilitri\" rel=\"nofollow noopener sponsored\" target=\"_blank\">\n            <img decoding=\"async\" class=\"aawp-product__image\" src=\"https:\/\/m.media-amazon.com\/images\/I\/31ZfaRKhv-L.jpg\" alt=\"iap PHARMA PARFUMS N\u00ba 15 - Eau de Parfum Floreale Spray per Donna, Inceso, 150 Millilitri\"  \/>\n        <\/a>\n\n            <\/div>\n\n    <div class=\"aawp-product__content\">\n        <a class=\"aawp-product__title\" href=\"https:\/\/www.amazon.it\/dp\/B00W79WQBS?tag=equivalenzapr-21&#038;linkCode=ogi&#038;th=1&#038;psc=1\" title=\"iap PHARMA PARFUMS N\u00ba 15 - Eau de Parfum Floreale Spray per Donna, Inceso, 150 Millilitri\" rel=\"nofollow noopener sponsored\" target=\"_blank\">\n            iap PHARMA PARFUMS N\u00ba 15 &#8211; Eau de Parfum Floreale Spray per Donna, Inceso, 150 Millilitri        <\/a>\n        <div class=\"aawp-product__description\">\n            <ul><li>Eau de parfum la donna di lunga durata che rimangono a lungo sulla pelle<\/li><li>Goditi il suo aroma dolce e orientale<\/li><li>Con tocchi di ambra e incenso<\/li><li>Profumo 150ml con vaporizzatore da donna<\/li><li>Ottimo per l&#8217;uso quotidiano<\/li><\/ul>        <\/div>\n    <\/div>\n\n    <div class=\"aawp-product__footer\">\n\n        <div class=\"aawp-product__pricing\">\n            \n                            <span class=\"aawp-product__price aawp-product__price--current\"><\/span>\n            \n                    <\/div>\n\n                <a class=\"aawp-button aawp-button--buy aawp-button aawp-button--amazon\" href=\"https:\/\/www.amazon.it\/dp\/B00W79WQBS?tag=equivalenzapr-21&#038;linkCode=ogi&#038;th=1&#038;psc=1\" title=\"VER EN AMAZON\" target=\"_blank\" rel=\"nofollow noopener sponsored\">VER EN AMAZON<\/a>\n            <\/div>\n\n<\/div>\n\n    \n<\/div>\n<p class=\"aawp-disclaimer\"><span style=\"vertical-align: inherit;\"><span style=\"vertical-align: inherit;\">Precios y disponibilidad actualizados el 2026-05-02 (sujetos a cambios). Como Afiliados de Amazon, podemos obtener ingresos por compras que cumplan los requisitos, sin coste adicional para ti.<\/span><\/span><\/p>\n\n\n<p><\/p>\n\n\n\n<div style=\"height:50px\" aria-hidden=\"true\" class=\"wp-block-spacer\"><\/div>\n\n\n\n<p><\/p>\n\n\n\n<h3 class=\"wp-block-heading\"><strong>Yodeyma Nicol\u00e1s For Her: Dulzura y Elegancia<\/strong><\/h3>\n\n\n\n<p><strong>Yodeyma Nicol\u00e1s For Her<\/strong> es una fragancia que encarna la dulzura y la sensualidad, similar a <strong>Narciso Rodriguez For Her<\/strong>, pero con un toque m\u00e1s suave y envolvente. Las notas de rosa, almizcle y madera lo convierten en una excelente alternativa a un precio asequible. <\/p>\n\n\n\n<p><strong>Notas principales:<\/strong><\/p>\n\n\n\n<ul class=\"wp-block-list\">\n<li><strong>Notas de salida<\/strong>: frutos rojos, mandarina.<\/li>\n<\/ul>\n\n\n\n<p><\/p>\n\n\n\n<ul class=\"wp-block-list\">\n<li><strong>Notas de coraz\u00f3n<\/strong>: Rosa, jazm\u00edn.<\/li>\n<\/ul>\n\n\n\n<p><\/p>\n\n\n\n<ul class=\"wp-block-list\">\n<li><strong>Notas de fondo<\/strong>: almizcle, s\u00e1ndalo.<\/li>\n<\/ul>\n\n\n\n<p><\/p>\n\n\n\n<p><strong><a href=\"https:\/\/equivalenzaprofumi.com\/equivalencia-yodeyma-nicolas-for-her\/\">M\u00e1s informaci\u00f3n sobre Yodeyma Nicol\u00e1s For Her aqu\u00ed.<\/a><\/strong><\/p>\n\n\n\n<p><\/p>\n\n\n\n<div style=\"height:20px\" aria-hidden=\"true\" class=\"wp-block-spacer\"><\/div>\n\n\n\n<p><\/p>\n\n\n\n<div class=\"aawp\">\n\n            \n            \n<div class=\"aawp-product aawp-product--horizontal aawp-product--css-adjust-image-large\"  data-aawp-product-asin=\"B09H4V73FM\" data-aawp-product-id=\"11811\" data-aawp-tracking-id=\"equivalenzapr-21\" data-aawp-product-title=\"YODEYMA PARFUMS S.L.U C\/ Felix Boix 7 1\u00aa Planta 28012 Madrid Yodeyma Nicolas per lei 100 millilitri Eau de Parfum  100 millilitri\" data-aawp-geotargeting=\"true\" data-aawp-local-click-tracking=\"1\">\n\n    \n    <div class=\"aawp-product__thumb\">\n        <a class=\"aawp-product__image-link\" href=\"https:\/\/www.amazon.it\/dp\/B09H4V73FM?tag=equivalenzapr-21&#038;linkCode=ogi&#038;th=1&#038;psc=1\" title=\"YODEYMA PARFUMS, S.L.U C\/. Felix Boix, 7 1\u00aa Planta 28012 Madrid Yodeyma Nicolas per lei 100 millilitri Eau de Parfum (100 millilitri)\" rel=\"nofollow noopener sponsored\" target=\"_blank\">\n            <img decoding=\"async\" class=\"aawp-product__image\" src=\"https:\/\/m.media-amazon.com\/images\/I\/41h-Oo9q5AL.jpg\" alt=\"YODEYMA PARFUMS, S.L.U C\/. Felix Boix, 7 1\u00aa Planta 28012 Madrid Yodeyma Nicolas per lei 100 millilitri Eau de Parfum (100 millilitri)\"  \/>\n        <\/a>\n\n            <\/div>\n\n    <div class=\"aawp-product__content\">\n        <a class=\"aawp-product__title\" href=\"https:\/\/www.amazon.it\/dp\/B09H4V73FM?tag=equivalenzapr-21&#038;linkCode=ogi&#038;th=1&#038;psc=1\" title=\"YODEYMA PARFUMS, S.L.U C\/. Felix Boix, 7 1\u00aa Planta 28012 Madrid Yodeyma Nicolas per lei 100 millilitri Eau de Parfum (100 millilitri)\" rel=\"nofollow noopener sponsored\" target=\"_blank\">\n            YODEYMA PARFUMS, S.L.U C\/. Felix Boix, 7 1\u00aa Planta 28012 Madrid Yodeyma Nicolas per lei 100 millilitri Eau de Parfum (100 millilitri)        <\/a>\n        <div class=\"aawp-product__description\">\n            <ul><li>Woody Nicol\u00e1s per lei \u00e8 un profumo sofisticato per una donna moderna e contemporanea<\/li><li>Le note di testa sono le prime che vengono apprezzate nel profumo.<\/li><li>Le note di cuore sono l&#8217;anima del profumo.<\/li><li>Le note di fondo sono le note che sono il muschio bianco.<\/li><\/ul>        <\/div>\n    <\/div>\n\n    <div class=\"aawp-product__footer\">\n\n        <div class=\"aawp-product__pricing\">\n            \n                            <span class=\"aawp-product__price aawp-product__price--current\"><\/span>\n            \n                    <\/div>\n\n                <a class=\"aawp-button aawp-button--buy aawp-button aawp-button--amazon\" href=\"https:\/\/www.amazon.it\/dp\/B09H4V73FM?tag=equivalenzapr-21&#038;linkCode=ogi&#038;th=1&#038;psc=1\" title=\"VER EN AMAZON\" target=\"_blank\" rel=\"nofollow noopener sponsored\">VER EN AMAZON<\/a>\n            <\/div>\n\n<\/div>\n\n    \n<\/div>\n<p class=\"aawp-disclaimer\"><span style=\"vertical-align: inherit;\"><span style=\"vertical-align: inherit;\">Precios y disponibilidad actualizados el 2026-05-02 (sujetos a cambios). Como Afiliados de Amazon, podemos obtener ingresos por compras que cumplan los requisitos, sin coste adicional para ti.<\/span><\/span><\/p>\n\n\n<p><\/p>\n\n\n\n<div style=\"height:50px\" aria-hidden=\"true\" class=\"wp-block-spacer\"><\/div>\n\n\n\n<p><\/p>\n\n\n\n<h3 class=\"wp-block-heading\"><strong>Verset Andrea For Her: Elegancia floral y almizclada<\/strong><\/h3>\n\n\n\n<p><strong>Verset Andrea For Her<\/strong> es otra alternativa viable a <strong>Narciso Rodriguez For Her<\/strong>. Con un perfil floral-almizclado, este perfume desprende una energ\u00eda fresca y femenina, conservando la elegancia del original, pero a un precio m\u00e1s asequible. <\/p>\n\n\n\n<p><strong>Notas principales:<\/strong><\/p>\n\n\n\n<ul class=\"wp-block-list\">\n<li><strong>Notas de salida<\/strong>: Mandarina, bergamota.<\/li>\n<\/ul>\n\n\n\n<p><\/p>\n\n\n\n<ul class=\"wp-block-list\">\n<li><strong>Notas de coraz\u00f3n<\/strong>: Azahar, jazm\u00edn.<\/li>\n<\/ul>\n\n\n\n<p><\/p>\n\n\n\n<ul class=\"wp-block-list\">\n<li><strong>Notas de fondo<\/strong>: almizcle, s\u00e1ndalo.<\/li>\n<\/ul>\n\n\n\n<p><\/p>\n\n\n\n<p><strong><a href=\"https:\/\/equivalenzaprofumi.com\/equivalencia-verset-andrea-for-her\/\">M\u00e1s informaci\u00f3n sobre Verset Andrea For Her aqu\u00ed.<\/a><\/strong><\/p>\n\n\n\n<p><\/p>\n\n\n\n<div style=\"height:20px\" aria-hidden=\"true\" class=\"wp-block-spacer\"><\/div>\n\n\n\n<p><\/p>\n\n\n\n<div class=\"aawp\">\n\n            \n            \n<div class=\"aawp-product aawp-product--horizontal aawp-product--css-adjust-image-large\"  data-aawp-product-asin=\"B07QZHV9KW\" data-aawp-product-id=\"11940\" data-aawp-tracking-id=\"equivalenzapr-21\" data-aawp-product-title=\"VERSET PARFUMS ANDREA FOR HER 50 ml\" data-aawp-geotargeting=\"true\" data-aawp-local-click-tracking=\"1\">\n\n    \n    <div class=\"aawp-product__thumb\">\n        <a class=\"aawp-product__image-link\" href=\"https:\/\/www.amazon.it\/dp\/B07QZHV9KW?tag=equivalenzapr-21&#038;linkCode=ogi&#038;th=1&#038;psc=1\" title=\"VERSET PARFUMS ANDREA FOR HER 50 ml\" rel=\"nofollow noopener sponsored\" target=\"_blank\">\n            <img decoding=\"async\" class=\"aawp-product__image\" src=\"https:\/\/m.media-amazon.com\/images\/I\/31tE+lwyI9L.jpg\" alt=\"VERSET PARFUMS ANDREA FOR HER 50 ml\"  \/>\n        <\/a>\n\n            <\/div>\n\n    <div class=\"aawp-product__content\">\n        <a class=\"aawp-product__title\" href=\"https:\/\/www.amazon.it\/dp\/B07QZHV9KW?tag=equivalenzapr-21&#038;linkCode=ogi&#038;th=1&#038;psc=1\" title=\"VERSET PARFUMS ANDREA FOR HER 50 ml\" rel=\"nofollow noopener sponsored\" target=\"_blank\">\n            VERSET PARFUMS ANDREA FOR HER 50 ml        <\/a>\n        <div class=\"aawp-product__description\">\n            <ul><li>FLACONE DA 50 ml<\/li><li>PROFUMO PERSISTENTE<\/li><li>ISPIRATI A FAMOSE FRAGRANZE<\/li><\/ul>        <\/div>\n    <\/div>\n\n    <div class=\"aawp-product__footer\">\n\n        <div class=\"aawp-product__pricing\">\n            \n                            <span class=\"aawp-product__price aawp-product__price--current\"><\/span>\n            \n                    <\/div>\n\n                <a class=\"aawp-button aawp-button--buy aawp-button aawp-button--amazon\" href=\"https:\/\/www.amazon.it\/dp\/B07QZHV9KW?tag=equivalenzapr-21&#038;linkCode=ogi&#038;th=1&#038;psc=1\" title=\"VER EN AMAZON\" target=\"_blank\" rel=\"nofollow noopener sponsored\">VER EN AMAZON<\/a>\n            <\/div>\n\n<\/div>\n\n    \n<\/div>\n<p class=\"aawp-disclaimer\"><span style=\"vertical-align: inherit;\"><span style=\"vertical-align: inherit;\">Precios y disponibilidad actualizados el 2026-05-02 (sujetos a cambios). Como Afiliados de Amazon, podemos obtener ingresos por compras que cumplan los requisitos, sin coste adicional para ti.<\/span><\/span><\/p>\n\n\n<p><\/p>\n\n\n\n<div style=\"height:50px\" aria-hidden=\"true\" class=\"wp-block-spacer\"><\/div>\n\n\n\n<p><\/p>\n\n\n\n<h2 class=\"wp-block-heading\"><strong>\u00bfCu\u00e1l es la mejor alternativa a Narciso Rodriguez For Her?<\/strong><\/h2>\n\n\n\n<p>Todas las alternativas presentadas tienen su propio atractivo y reflejan el perfil olfativo de <strong>Narciso Rodriguez For<\/strong> Her, pero a un precio m\u00e1s asequible. Si buscas una fragancia que destaque por su sensualidad almizclada, <strong>Saphir For<\/strong> Her podr\u00eda ser la opci\u00f3n ideal.  <\/p>\n\n\n\n<p>Si , por el contrario, quieres algo fresco y floral pero elegante, <strong>iAP Pharma n\u00ba 15<\/strong> es una gran opci\u00f3n. Por \u00faltimo, <strong>Yodeyma Nicol\u00e1s For<\/strong> Her es perfecto para quienes buscan una dulzura refinada y suave. <\/p>\n\n\n\n<p>son perfectas para quienes buscan elegancia y encanto a un precio asequible. No pierdas la oportunidad de descubrir estas equivalencias y expresar tu personalidad con estilo. <\/p>\n\n\n\n<p><\/p>\n\n\n\n<div style=\"height:50px\" aria-hidden=\"true\" class=\"wp-block-spacer\"><\/div>\n\n\n\n<p><\/p>\n\n\n\n<div style=\"height:50px\" aria-hidden=\"true\" class=\"wp-block-spacer\"><\/div>\n","protected":false},"excerpt":{"rendered":"<p>Narciso Rodriguez For Her es una fragancia ic\u00f3nica que encarna la elegancia y la feminidad con sus notas florales, almizcladas y ambarinas. Es perfecta para quienes buscan una fragancia sofisticada, pero a veces su versi\u00f3n original puede resultar cara. Si buscas alternativas que se hagan [&hellip;]<\/p>\n","protected":false},"author":1,"featured_media":4014,"parent":0,"menu_order":0,"comment_status":"closed","ping_status":"closed","template":"","meta":{"site-sidebar-layout":"default","site-content-layout":"","ast-site-content-layout":"default","site-content-style":"default","site-sidebar-style":"default","ast-global-header-display":"","ast-banner-title-visibility":"","ast-main-header-display":"","ast-hfb-above-header-display":"","ast-hfb-below-header-display":"","ast-hfb-mobile-header-display":"","site-post-title":"","ast-breadcrumbs-content":"","ast-featured-img":"disabled","footer-sml-layout":"","theme-transparent-header-meta":"","adv-header-id-meta":"","stick-header-meta":"","header-above-stick-meta":"","header-main-stick-meta":"","header-below-stick-meta":"","astra-migrate-meta-layouts":"set","ast-page-background-enabled":"default","ast-page-background-meta":{"desktop":{"background-color":"var(--ast-global-color-4)","background-image":"","background-repeat":"repeat","background-position":"center center","background-size":"auto","background-attachment":"scroll","background-type":"","background-media":"","overlay-type":"","overlay-color":"","overlay-opacity":"","overlay-gradient":""},"tablet":{"background-color":"","background-image":"","background-repeat":"repeat","background-position":"center center","background-size":"auto","background-attachment":"scroll","background-type":"","background-media":"","overlay-type":"","overlay-color":"","overlay-opacity":"","overlay-gradient":""},"mobile":{"background-color":"","background-image":"","background-repeat":"repeat","background-position":"center center","background-size":"auto","background-attachment":"scroll","background-type":"","background-media":"","overlay-type":"","overlay-color":"","overlay-opacity":"","overlay-gradient":""}},"ast-content-background-meta":{"desktop":{"background-color":"var(--ast-global-color-5)","background-image":"","background-repeat":"repeat","background-position":"center center","background-size":"auto","background-attachment":"scroll","background-type":"","background-media":"","overlay-type":"","overlay-color":"","overlay-opacity":"","overlay-gradient":""},"tablet":{"background-color":"var(--ast-global-color-5)","background-image":"","background-repeat":"repeat","background-position":"center center","background-size":"auto","background-attachment":"scroll","background-type":"","background-media":"","overlay-type":"","overlay-color":"","overlay-opacity":"","overlay-gradient":""},"mobile":{"background-color":"var(--ast-global-color-5)","background-image":"","background-repeat":"repeat","background-position":"center center","background-size":"auto","background-attachment":"scroll","background-type":"","background-media":"","overlay-type":"","overlay-color":"","overlay-opacity":"","overlay-gradient":""}},"footnotes":""},"class_list":["post-5282","page","type-page","status-publish","has-post-thumbnail","hentry"],"_links":{"self":[{"href":"https:\/\/equivalenzaprofumi.com\/es\/wp-json\/wp\/v2\/pages\/5282","targetHints":{"allow":["GET"]}}],"collection":[{"href":"https:\/\/equivalenzaprofumi.com\/es\/wp-json\/wp\/v2\/pages"}],"about":[{"href":"https:\/\/equivalenzaprofumi.com\/es\/wp-json\/wp\/v2\/types\/page"}],"author":[{"embeddable":true,"href":"https:\/\/equivalenzaprofumi.com\/es\/wp-json\/wp\/v2\/users\/1"}],"replies":[{"embeddable":true,"href":"https:\/\/equivalenzaprofumi.com\/es\/wp-json\/wp\/v2\/comments?post=5282"}],"version-history":[{"count":4,"href":"https:\/\/equivalenzaprofumi.com\/es\/wp-json\/wp\/v2\/pages\/5282\/revisions"}],"predecessor-version":[{"id":14297,"href":"https:\/\/equivalenzaprofumi.com\/es\/wp-json\/wp\/v2\/pages\/5282\/revisions\/14297"}],"wp:featuredmedia":[{"embeddable":true,"href":"https:\/\/equivalenzaprofumi.com\/es\/wp-json\/wp\/v2\/media\/4014"}],"wp:attachment":[{"href":"https:\/\/equivalenzaprofumi.com\/es\/wp-json\/wp\/v2\/media?parent=5282"}],"curies":[{"name":"wp","href":"https:\/\/api.w.org\/{rel}","templated":true}]}}