{"id":6077,"date":"2022-10-13T17:56:36","date_gmt":"2022-10-13T17:56:36","guid":{"rendered":"https:\/\/equivalenzaprofumi.com\/perfume-euphoria-de-calvin-klein-y-sus-mejores-alternativas"},"modified":"2025-11-18T16:22:24","modified_gmt":"2025-11-18T16:22:24","slug":"fragranza-numero-23","status":"publish","type":"page","link":"https:\/\/equivalenzaprofumi.com\/es\/fragranza-numero-23\/","title":{"rendered":"Perfume Euphoria de Calvin Klein y sus mejores alternativas"},"content":{"rendered":"\n<div style=\"height:40px\" aria-hidden=\"true\" class=\"wp-block-spacer\"><\/div>\n\n\n\n<p><strong>Euphoria de Calvin Klein<\/strong> es una fragancia sensual y envolvente, perfecta para quienes buscan un aroma que encandile y deje una estela imborrable. Si te encanta esta fragancia pero prefieres explorar alternativas m\u00e1s econ\u00f3micas, aqu\u00ed tienes las mejores opciones que ofrecen caracter\u00edsticas similares. <\/p>\n\n\n\n<p><\/p>\n\n\n\n<div style=\"height:50px\" aria-hidden=\"true\" class=\"wp-block-spacer\"><\/div>\n\n\n\n<p><\/p>\n\n\n\n<h2 class=\"wp-block-heading\"><strong>Las mejores alternativas a Euphoria by Calvin Klein<\/strong><\/h2>\n\n\n\n<p>He aqu\u00ed algunas fragancias que retoman la esencia de <strong>Euphoria de Calvin Klein<\/strong>, con notas florales, afrutadas y orientales, pero a un precio mucho m\u00e1s ventajoso.<\/p>\n\n\n\n<p><\/p>\n\n\n\n<div style=\"height:20px\" aria-hidden=\"true\" class=\"wp-block-spacer\"><\/div>\n\n\n\n<h3 class=\"wp-block-heading\"><strong>Saphir Furor: elegancia e intensidad<\/strong><\/h3>\n\n\n\n<p><strong>Saphir Furor<\/strong> es una excelente alternativa a <strong>Euphoria de Calvin Klein<\/strong>, con una composici\u00f3n que expresa sensualidad y calidez. Notas afrutadas y florales se mezclan a la perfecci\u00f3n con un fondo de maderas y almizcle, creando una fragancia intensa y envolvente. <\/p>\n\n\n\n<p><strong>Notas principales:<\/strong><\/p>\n\n\n\n<ul class=\"wp-block-list\">\n<li><strong>Notas de salida<\/strong>: frutos rojos, bergamota.<\/li>\n\n\n\n<li><strong>Notas de coraz\u00f3n<\/strong>: Rosa, jazm\u00edn, iris.<\/li>\n\n\n\n<li><strong>Notas de fondo<\/strong>: almizcle, s\u00e1ndalo.<\/li>\n<\/ul>\n\n\n\n<p><\/p>\n\n\n\n<p><strong><a href=\"https:\/\/equivalenzaprofumi.com\/equivalenza-saphir-furor\/\">M\u00e1s informaci\u00f3n sobre Saphir Furor aqu\u00ed.<\/a><\/strong><\/p>\n\n\n\n<p><\/p>\n\n\n\n<div style=\"height:20px\" aria-hidden=\"true\" class=\"wp-block-spacer\"><\/div>\n\n\n\n<p><\/p>\n\n\n\n<div class=\"aawp\">\n\n            \n            \n<div class=\"aawp-product aawp-product--horizontal aawp-product--css-adjust-image-large\"  data-aawp-product-asin=\"B00OUV62QG\" data-aawp-product-id=\"11754\" data-aawp-tracking-id=\"equivalenzapr-21\" data-aawp-product-title=\"PARFUMS SAPHIR Furor De Saphir - Eau De Parfum Con Vaporizzatore Da Donna - 200 ml\" data-aawp-geotargeting=\"true\" data-aawp-local-click-tracking=\"1\">\n\n    \n    <div class=\"aawp-product__thumb\">\n        <a class=\"aawp-product__image-link\" href=\"https:\/\/www.amazon.it\/dp\/B00OUV62QG?tag=equivalenzapr-21&#038;linkCode=ogi&#038;th=1&#038;psc=1\" title=\"PARFUMS SAPHIR Furor De Saphir - Eau De Parfum Con Vaporizzatore Da Donna - 200 ml\" rel=\"nofollow noopener sponsored\" target=\"_blank\">\n            <img decoding=\"async\" class=\"aawp-product__image\" src=\"https:\/\/m.media-amazon.com\/images\/I\/31AbfnocLqL.jpg\" alt=\"PARFUMS SAPHIR Furor De Saphir - Eau De Parfum Con Vaporizzatore Da Donna - 200 ml\"  \/>\n        <\/a>\n\n            <\/div>\n\n    <div class=\"aawp-product__content\">\n        <a class=\"aawp-product__title\" href=\"https:\/\/www.amazon.it\/dp\/B00OUV62QG?tag=equivalenzapr-21&#038;linkCode=ogi&#038;th=1&#038;psc=1\" title=\"PARFUMS SAPHIR Furor De Saphir - Eau De Parfum Con Vaporizzatore Da Donna - 200 ml\" rel=\"nofollow noopener sponsored\" target=\"_blank\">\n            PARFUMS SAPHIR Furor De Saphir &#8211; Eau De Parfum Con Vaporizzatore Da Donna &#8211; 200 ml        <\/a>\n        <div class=\"aawp-product__description\">\n            <ul><li>Profumo fruttato e fresco<\/li><li>La sua piramide olfattiva inizia con note di limone, per continuare con dettagli di rosa che ci trasportano in un paradiso naturale.<\/li><li>Le eau de parfums SAPHIR Parfums sono ideali per le donne che vogliono prendersi cura di se stesse quotidianamente, perch\u00e9 sono fragranze piacevoli e di lunga durata.<\/li><li>Con pochi tocchi sui polsi e sul collo, otterrete la fragranza che vi accompagner\u00e0 tutto il giorno.<\/li><li>Inoltre, il suo flacone spray da 200 ml lo rende un profumo conveniente per l&#8217;uso quotidiano.<\/li><\/ul>        <\/div>\n    <\/div>\n\n    <div class=\"aawp-product__footer\">\n\n        <div class=\"aawp-product__pricing\">\n            \n                            <span class=\"aawp-product__price aawp-product__price--current\"><\/span>\n            \n                    <\/div>\n\n                <a class=\"aawp-button aawp-button--buy aawp-button aawp-button--amazon\" href=\"https:\/\/www.amazon.it\/dp\/B00OUV62QG?tag=equivalenzapr-21&#038;linkCode=ogi&#038;th=1&#038;psc=1\" title=\"VER EN AMAZON\" target=\"_blank\" rel=\"nofollow noopener sponsored\">VER EN AMAZON<\/a>\n            <\/div>\n\n<\/div>\n\n    \n<\/div>\n<p class=\"aawp-disclaimer\"><span style=\"vertical-align: inherit;\"><span style=\"vertical-align: inherit;\">Precios y disponibilidad actualizados el 2026-04-30 (sujetos a cambios). Como Afiliados de Amazon, podemos obtener ingresos por compras que cumplan los requisitos, sin coste adicional para ti.<\/span><\/span><\/p>\n\n\n<p><\/p>\n\n\n\n<div style=\"height:50px\" aria-hidden=\"true\" class=\"wp-block-spacer\"><\/div>\n\n\n\n<p><\/p>\n\n\n\n<h3 class=\"wp-block-heading\"><strong>iAP Pharma N\u00ba 20: Frescura y sensualidad<\/strong><\/h3>\n\n\n\n<p><strong>iAP Pharma N\u00ba 20<\/strong> ofrece una fragancia que evoca una sensaci\u00f3n similar a <strong>Euforia<\/strong>, pero con un toque m\u00e1s fresco y vibrante. Sus notas florales y amaderadas crean un equilibrio perfecto entre dulzura e intensidad. <\/p>\n\n\n\n<p><strong>Notas principales:<\/strong><\/p>\n\n\n\n<ul class=\"wp-block-list\">\n<li><strong>Notas de salida<\/strong>: Mandarina, lim\u00f3n.<\/li>\n\n\n\n<li><strong>Notas de coraz\u00f3n<\/strong>: Jazm\u00edn, rosa.<\/li>\n\n\n\n<li><strong>Notas de fondo<\/strong>: almizcle, vainilla, cedro.<\/li>\n<\/ul>\n\n\n\n<p><\/p>\n\n\n\n<p><strong><a href=\"https:\/\/equivalenzaprofumi.com\/es\/equivalencia-iap-pharma-nr-20\/\">M\u00e1s informaci\u00f3n sobre iAP Pharma n\u00ba 20 aqu\u00ed.<\/a><\/strong><\/p>\n\n\n\n<p><\/p>\n\n\n\n<div style=\"height:20px\" aria-hidden=\"true\" class=\"wp-block-spacer\"><\/div>\n\n\n\n<p><\/p>\n\n\n\n<div class=\"aawp\">\n\n            \n            \n<div class=\"aawp-product aawp-product--horizontal aawp-product--css-adjust-image-large\"  data-aawp-product-asin=\"B018KA6776\" data-aawp-product-id=\"11733\" data-aawp-tracking-id=\"equivalenzapr-21\" data-aawp-product-title=\"iap PHARMA PARFUMS N\u00ba 20 - Profumo Floreale da Donna Agrumata 150 Millilitri\" data-aawp-geotargeting=\"true\" data-aawp-local-click-tracking=\"1\">\n\n    \n    <div class=\"aawp-product__thumb\">\n        <a class=\"aawp-product__image-link\" href=\"https:\/\/www.amazon.it\/dp\/B018KA6776?tag=equivalenzapr-21&#038;linkCode=ogi&#038;th=1&#038;psc=1\" title=\"iap PHARMA PARFUMS N\u00ba 20 - Profumo Floreale da Donna, Agrumata, 150 Millilitri\" rel=\"nofollow noopener sponsored\" target=\"_blank\">\n            <img decoding=\"async\" class=\"aawp-product__image\" src=\"https:\/\/m.media-amazon.com\/images\/I\/31z00MpYoyL.jpg\" alt=\"iap PHARMA PARFUMS N\u00ba 20 - Profumo Floreale da Donna, Agrumata, 150 Millilitri\"  \/>\n        <\/a>\n\n            <\/div>\n\n    <div class=\"aawp-product__content\">\n        <a class=\"aawp-product__title\" href=\"https:\/\/www.amazon.it\/dp\/B018KA6776?tag=equivalenzapr-21&#038;linkCode=ogi&#038;th=1&#038;psc=1\" title=\"iap PHARMA PARFUMS N\u00ba 20 - Profumo Floreale da Donna, Agrumata, 150 Millilitri\" rel=\"nofollow noopener sponsored\" target=\"_blank\">\n            iap PHARMA PARFUMS N\u00ba 20 &#8211; Profumo Floreale da Donna, Agrumata, 150 Millilitri        <\/a>\n        <div class=\"aawp-product__description\">\n            <ul><li>Eau de parfum la donna di lunga durata che rimangono a lungo sulla pelle<\/li><li>Goditi il suo aroma fruttato<\/li><li>Profumo dolce e fresco<\/li><li>Profumo 150 ml con vaporizzatore da donna<\/li><li>Ottimo per l&#8217;uso quotidiano<\/li><\/ul>        <\/div>\n    <\/div>\n\n    <div class=\"aawp-product__footer\">\n\n        <div class=\"aawp-product__pricing\">\n            \n                            <span class=\"aawp-product__price aawp-product__price--current\"><\/span>\n            \n                    <\/div>\n\n                <a class=\"aawp-button aawp-button--buy aawp-button aawp-button--amazon\" href=\"https:\/\/www.amazon.it\/dp\/B018KA6776?tag=equivalenzapr-21&#038;linkCode=ogi&#038;th=1&#038;psc=1\" title=\"VER EN AMAZON\" target=\"_blank\" rel=\"nofollow noopener sponsored\">VER EN AMAZON<\/a>\n            <\/div>\n\n<\/div>\n\n    \n<\/div>\n<p class=\"aawp-disclaimer\"><span style=\"vertical-align: inherit;\"><span style=\"vertical-align: inherit;\">Precios y disponibilidad actualizados el 2026-04-30 (sujetos a cambios). Como Afiliados de Amazon, podemos obtener ingresos por compras que cumplan los requisitos, sin coste adicional para ti.<\/span><\/span><\/p>\n\n\n<p><\/p>\n\n\n\n<div style=\"height:50px\" aria-hidden=\"true\" class=\"wp-block-spacer\"><\/div>\n\n\n\n<p><\/p>\n\n\n\n<h3 class=\"wp-block-heading\"><strong>Aroma Yodeyma: una alternativa rom\u00e1ntica e intensa<\/strong><\/h3>\n\n\n\n<p><strong>Yodeyma Aroma<\/strong> es una fragancia que encarna la intensidad y la dulzura de <strong>Euphoria de Calvin Klein<\/strong>, con un toque c\u00e1lido y floral que la hace perfecta para veladas rom\u00e1nticas y ocasiones especiales.<\/p>\n\n\n\n<p><strong>Notas principales:<\/strong><\/p>\n\n\n\n<ul class=\"wp-block-list\">\n<li><strong>Notas de salida<\/strong>: melocot\u00f3n, pera.<\/li>\n\n\n\n<li><strong>Notas de coraz\u00f3n<\/strong>: Orqu\u00eddea, jazm\u00edn.<\/li>\n\n\n\n<li><strong>Notas de fondo<\/strong>: almizcle, s\u00e1ndalo.<\/li>\n<\/ul>\n\n\n\n<p><\/p>\n\n\n\n<p><a href=\"https:\/\/equivalenzaprofumi.com\/es\/equivalencia-yodeyma-aroma\/\"><strong>M\u00e1s informaci\u00f3n sobre Yodeyma Aroma aqu\u00ed.<\/strong><\/a><\/p>\n\n\n\n<p><\/p>\n\n\n\n<div style=\"height:20px\" aria-hidden=\"true\" class=\"wp-block-spacer\"><\/div>\n\n\n\n<p><\/p>\n\n\n\n<div class=\"aawp\">\n\n            \n            \n<div class=\"aawp-product aawp-product--horizontal aawp-product--css-adjust-image-large\"  data-aawp-product-asin=\"B09R3TP3PH\" data-aawp-product-id=\"11953\" data-aawp-tracking-id=\"equivalenzapr-21\" data-aawp-product-title=\"yodeyma parfums AROMA Profumo  DONNA  Eau de Parfum 50 ml 1\" data-aawp-geotargeting=\"true\" data-aawp-local-click-tracking=\"1\">\n\n    \n    <div class=\"aawp-product__thumb\">\n        <a class=\"aawp-product__image-link\" href=\"https:\/\/www.amazon.it\/dp\/B09R3TP3PH?tag=equivalenzapr-21&#038;linkCode=ogi&#038;th=1&#038;psc=1\" title=\"yodeyma parfums AROMA Profumo (DONNA) Eau de Parfum 50 ml, 1\" rel=\"nofollow noopener sponsored\" target=\"_blank\">\n            <img decoding=\"async\" class=\"aawp-product__image\" src=\"https:\/\/m.media-amazon.com\/images\/I\/410xLCtB+lL.jpg\" alt=\"yodeyma parfums AROMA Profumo (DONNA) Eau de Parfum 50 ml, 1\"  \/>\n        <\/a>\n\n            <\/div>\n\n    <div class=\"aawp-product__content\">\n        <a class=\"aawp-product__title\" href=\"https:\/\/www.amazon.it\/dp\/B09R3TP3PH?tag=equivalenzapr-21&#038;linkCode=ogi&#038;th=1&#038;psc=1\" title=\"yodeyma parfums AROMA Profumo (DONNA) Eau de Parfum 50 ml, 1\" rel=\"nofollow noopener sponsored\" target=\"_blank\">\n            yodeyma parfums AROMA Profumo (DONNA) Eau de Parfum 50 ml, 1        <\/a>\n        <div class=\"aawp-product__description\">\n            <ul><li>Composizione della fragranza: miscela sofisticata con note di testa di bergamotto, note di cuore di rosa e una calda base di vaniglia.<\/li><\/ul>        <\/div>\n    <\/div>\n\n    <div class=\"aawp-product__footer\">\n\n        <div class=\"aawp-product__pricing\">\n            \n                            <span class=\"aawp-product__price aawp-product__price--current\"><\/span>\n            \n                    <\/div>\n\n                <a class=\"aawp-button aawp-button--buy aawp-button aawp-button--amazon\" href=\"https:\/\/www.amazon.it\/dp\/B09R3TP3PH?tag=equivalenzapr-21&#038;linkCode=ogi&#038;th=1&#038;psc=1\" title=\"VER EN AMAZON\" target=\"_blank\" rel=\"nofollow noopener sponsored\">VER EN AMAZON<\/a>\n            <\/div>\n\n<\/div>\n\n    \n<\/div>\n<p class=\"aawp-disclaimer\"><span style=\"vertical-align: inherit;\"><span style=\"vertical-align: inherit;\">Precios y disponibilidad actualizados el 2026-04-30 (sujetos a cambios). Como Afiliados de Amazon, podemos obtener ingresos por compras que cumplan los requisitos, sin coste adicional para ti.<\/span><\/span><\/p>\n\n\n<p><\/p>\n\n\n\n<div style=\"height:50px\" aria-hidden=\"true\" class=\"wp-block-spacer\"><\/div>\n\n\n\n<p><\/p>\n\n\n\n<h2 class=\"wp-block-heading\"><strong>\u00bfCu\u00e1l es la mejor alternativa a Euphoria de Calvin Klein?<\/strong><\/h2>\n\n\n\n<p>Tanto <strong>Saphir Furor<\/strong>, <strong>iAP Pharma No 20<\/strong>, como <strong>Yodeyma Aroma<\/strong> son excelentes alternativas a <strong>Euphoria, de Calvin Klein<\/strong>, que ofrecen una combinaci\u00f3n de frescor, sensualidad y calidez. <\/p>\n\n\n\n<p>Si prefiere una fragancia m\u00e1s dulce e intensa, <strong>Saphir Furor<\/strong> es ideal. Si, por el contrario, busca frescor y ligereza, <strong>iAP Pharma N\u00ba 20<\/strong> es la elecci\u00f3n perfecta. <\/p>\n\n\n\n<p><\/p>\n\n\n\n<div style=\"height:50px\" aria-hidden=\"true\" class=\"wp-block-spacer\"><\/div>\n\n\n\n<p><\/p>\n\n\n\n<p><\/p>\n","protected":false},"excerpt":{"rendered":"<p>Euphoria de Calvin Klein es una fragancia sensual y envolvente, perfecta para quienes buscan un aroma que encandile y deje una estela imborrable. Si te encanta esta fragancia pero prefieres explorar alternativas m\u00e1s econ\u00f3micas, aqu\u00ed tienes las mejores opciones que ofrecen caracter\u00edsticas similares. Las mejores [&hellip;]<\/p>\n","protected":false},"author":1,"featured_media":4269,"parent":0,"menu_order":0,"comment_status":"closed","ping_status":"closed","template":"","meta":{"site-sidebar-layout":"default","site-content-layout":"","ast-site-content-layout":"default","site-content-style":"default","site-sidebar-style":"default","ast-global-header-display":"","ast-banner-title-visibility":"","ast-main-header-display":"","ast-hfb-above-header-display":"","ast-hfb-below-header-display":"","ast-hfb-mobile-header-display":"","site-post-title":"","ast-breadcrumbs-content":"","ast-featured-img":"disabled","footer-sml-layout":"","theme-transparent-header-meta":"","adv-header-id-meta":"","stick-header-meta":"","header-above-stick-meta":"","header-main-stick-meta":"","header-below-stick-meta":"","astra-migrate-meta-layouts":"set","ast-page-background-enabled":"default","ast-page-background-meta":{"desktop":{"background-color":"var(--ast-global-color-4)","background-image":"","background-repeat":"repeat","background-position":"center center","background-size":"auto","background-attachment":"scroll","background-type":"","background-media":"","overlay-type":"","overlay-color":"","overlay-opacity":"","overlay-gradient":""},"tablet":{"background-color":"","background-image":"","background-repeat":"repeat","background-position":"center center","background-size":"auto","background-attachment":"scroll","background-type":"","background-media":"","overlay-type":"","overlay-color":"","overlay-opacity":"","overlay-gradient":""},"mobile":{"background-color":"","background-image":"","background-repeat":"repeat","background-position":"center center","background-size":"auto","background-attachment":"scroll","background-type":"","background-media":"","overlay-type":"","overlay-color":"","overlay-opacity":"","overlay-gradient":""}},"ast-content-background-meta":{"desktop":{"background-color":"var(--ast-global-color-5)","background-image":"","background-repeat":"repeat","background-position":"center center","background-size":"auto","background-attachment":"scroll","background-type":"","background-media":"","overlay-type":"","overlay-color":"","overlay-opacity":"","overlay-gradient":""},"tablet":{"background-color":"var(--ast-global-color-5)","background-image":"","background-repeat":"repeat","background-position":"center center","background-size":"auto","background-attachment":"scroll","background-type":"","background-media":"","overlay-type":"","overlay-color":"","overlay-opacity":"","overlay-gradient":""},"mobile":{"background-color":"var(--ast-global-color-5)","background-image":"","background-repeat":"repeat","background-position":"center center","background-size":"auto","background-attachment":"scroll","background-type":"","background-media":"","overlay-type":"","overlay-color":"","overlay-opacity":"","overlay-gradient":""}},"footnotes":""},"class_list":["post-6077","page","type-page","status-publish","has-post-thumbnail","hentry"],"_links":{"self":[{"href":"https:\/\/equivalenzaprofumi.com\/es\/wp-json\/wp\/v2\/pages\/6077","targetHints":{"allow":["GET"]}}],"collection":[{"href":"https:\/\/equivalenzaprofumi.com\/es\/wp-json\/wp\/v2\/pages"}],"about":[{"href":"https:\/\/equivalenzaprofumi.com\/es\/wp-json\/wp\/v2\/types\/page"}],"author":[{"embeddable":true,"href":"https:\/\/equivalenzaprofumi.com\/es\/wp-json\/wp\/v2\/users\/1"}],"replies":[{"embeddable":true,"href":"https:\/\/equivalenzaprofumi.com\/es\/wp-json\/wp\/v2\/comments?post=6077"}],"version-history":[{"count":3,"href":"https:\/\/equivalenzaprofumi.com\/es\/wp-json\/wp\/v2\/pages\/6077\/revisions"}],"predecessor-version":[{"id":15442,"href":"https:\/\/equivalenzaprofumi.com\/es\/wp-json\/wp\/v2\/pages\/6077\/revisions\/15442"}],"wp:featuredmedia":[{"embeddable":true,"href":"https:\/\/equivalenzaprofumi.com\/es\/wp-json\/wp\/v2\/media\/4269"}],"wp:attachment":[{"href":"https:\/\/equivalenzaprofumi.com\/es\/wp-json\/wp\/v2\/media?parent=6077"}],"curies":[{"name":"wp","href":"https:\/\/api.w.org\/{rel}","templated":true}]}}