{"id":6097,"date":"2022-10-13T09:53:54","date_gmt":"2022-10-13T09:53:54","guid":{"rendered":"https:\/\/equivalenzaprofumi.com\/el-perfume-clasico-de-dolce-gabbana-y-sus-mejores-equivalencias"},"modified":"2025-11-24T11:27:50","modified_gmt":"2025-11-24T11:27:50","slug":"fragranza-numero-11","status":"publish","type":"page","link":"https:\/\/equivalenzaprofumi.com\/es\/fragranza-numero-11\/","title":{"rendered":"El perfume cl\u00e1sico de Dolce &amp; Gabbana y sus mejores equivalencias"},"content":{"rendered":"\n<div style=\"height:40px\" aria-hidden=\"true\" class=\"wp-block-spacer\"><\/div>\n\n\n\n<p><strong>Dolce &amp; Gabbana Classic<\/strong> es una fragancia ic\u00f3nica que evoca el lujo y la sensualidad t\u00edpicos de la casa de moda italiana. Con una refinada mezcla de notas florales y orientales, esta fragancia es perfecta para quienes buscan un toque de elegancia atemporal.  <\/p>\n\n\n\n<p>Si quieres alternativas m\u00e1s baratas sin renunciar a la calidad, descubre los mejores equivalentes <strong>de Dolce &amp; Gabbana Classic<\/strong>.<\/p>\n\n\n\n<p><\/p>\n\n\n\n<div style=\"height:50px\" aria-hidden=\"true\" class=\"wp-block-spacer\"><\/div>\n\n\n\n<p><\/p>\n\n\n\n<h2 class=\"wp-block-heading\"><strong>Las mejores alternativas a Dolce &amp; Gabbana Classic<\/strong><\/h2>\n\n\n\n<p>He aqu\u00ed tres fragancias que capturan la esencia de <strong>Dolce &amp; Gabbana Classic<\/strong>, pero a un precio m\u00e1s asequible, conservando la elegancia y la sensualidad de la fragancia original.<\/p>\n\n\n\n<p><\/p>\n\n\n\n<div style=\"height:20px\" aria-hidden=\"true\" class=\"wp-block-spacer\"><\/div>\n\n\n\n<h3 class=\"wp-block-heading\"><strong>Saphir Select Woman: Elegancia y refinamiento<\/strong><\/h3>\n\n\n\n<p><strong>Saphir Select Woman<\/strong> es una de las mejores alternativas a <strong>Dolce &amp; Gabbana Classic<\/strong>. Con un equilibrio de notas florales y amaderadas, esta fragancia expresa elegancia y frescura, perfecta para una mujer sofisticada. Sus notas de salida c\u00edtricas y su coraz\u00f3n floral la convierten en una opci\u00f3n ideal para cualquier ocasi\u00f3n.  <\/p>\n\n\n\n<p><strong>Notas principales:<\/strong><\/p>\n\n\n\n<ul class=\"wp-block-list\">\n<li><strong>Notas de salida<\/strong>: Bergamota, frutos rojos.<\/li>\n\n\n\n<li><strong>Notas de coraz\u00f3n<\/strong>: Jazm\u00edn, iris, rosa.<\/li>\n\n\n\n<li><strong>Notas de fond<\/strong>o: s\u00e1ndalo, almizcle, vainilla.descubre las fragancias para hombre<\/li>\n<\/ul>\n\n\n\n<p><\/p>\n\n\n\n<p><strong><a href=\"https:\/\/equivalenzaprofumi.com\/equivalenza-saphir-select-woman\/\">M\u00e1s informaci\u00f3n sobre Saphir Select Woman aqu\u00ed.<\/a><\/strong><\/p>\n\n\n\n<p><\/p>\n\n\n\n<div style=\"height:20px\" aria-hidden=\"true\" class=\"wp-block-spacer\"><\/div>\n\n\n\n<p><\/p>\n\n\n\n<div class=\"aawp\">\n\n            \n            \n<div class=\"aawp-product aawp-product--horizontal aawp-product--css-adjust-image-large\"  data-aawp-product-asin=\"B00V88KEFY\" data-aawp-product-id=\"11775\" data-aawp-tracking-id=\"equivalenzapr-21\" data-aawp-product-title=\"PARFUMS SAPHIR Select Woman - Eau De Parfum Con Vaporizzatore Da Donna - 200 ml\" data-aawp-geotargeting=\"true\" data-aawp-local-click-tracking=\"1\">\n\n    \n    <div class=\"aawp-product__thumb\">\n        <a class=\"aawp-product__image-link\" href=\"https:\/\/www.amazon.it\/dp\/B00V88KEFY?tag=equivalenzapr-21&#038;linkCode=ogi&#038;th=1&#038;psc=1\" title=\"PARFUMS SAPHIR Select Woman - Eau De Parfum Con Vaporizzatore Da Donna - 200 ml\" rel=\"nofollow noopener sponsored\" target=\"_blank\">\n            <img decoding=\"async\" class=\"aawp-product__image\" src=\"https:\/\/m.media-amazon.com\/images\/I\/31sn6kC7J3S.jpg\" alt=\"PARFUMS SAPHIR Select Woman - Eau De Parfum Con Vaporizzatore Da Donna - 200 ml\"  \/>\n        <\/a>\n\n            <\/div>\n\n    <div class=\"aawp-product__content\">\n        <a class=\"aawp-product__title\" href=\"https:\/\/www.amazon.it\/dp\/B00V88KEFY?tag=equivalenzapr-21&#038;linkCode=ogi&#038;th=1&#038;psc=1\" title=\"PARFUMS SAPHIR Select Woman - Eau De Parfum Con Vaporizzatore Da Donna - 200 ml\" rel=\"nofollow noopener sponsored\" target=\"_blank\">\n            PARFUMS SAPHIR Select Woman &#8211; Eau De Parfum Con Vaporizzatore Da Donna &#8211; 200 ml        <\/a>\n        <div class=\"aawp-product__description\">\n            <ul><li>Morbido profumo floreale<\/li><li>la sua piramide olfattiva inizia con note di mandarino, per continuare con dettagli di fiori d&#8217;arancio che risvegliano un aroma fruttato e dolce<\/li><li>le eau de parfums SAPHIR Parfums sono ideali per le donne che vogliono prendersi cura di se stesse quotidianamente, perch\u00e9 sono fragranze piacevoli e di lunga durata<\/li><li>con pochi tocchi sui polsi e sul collo, otterrete la fragranza che vi accompagner\u00e0 tutto il giorno<\/li><li>Inoltre, il suo flacone spray da 200 ml lo rende un profumo conveniente per l&#8217;uso quotidiano<\/li><\/ul>        <\/div>\n    <\/div>\n\n    <div class=\"aawp-product__footer\">\n\n        <div class=\"aawp-product__pricing\">\n            \n                            <span class=\"aawp-product__price aawp-product__price--current\"><\/span>\n            \n                    <\/div>\n\n                <a class=\"aawp-button aawp-button--buy aawp-button aawp-button--amazon\" href=\"https:\/\/www.amazon.it\/dp\/B00V88KEFY?tag=equivalenzapr-21&#038;linkCode=ogi&#038;th=1&#038;psc=1\" title=\"VER EN AMAZON\" target=\"_blank\" rel=\"nofollow noopener sponsored\">VER EN AMAZON<\/a>\n            <\/div>\n\n<\/div>\n\n    \n<\/div>\n<p class=\"aawp-disclaimer\"><span style=\"vertical-align: inherit;\"><span style=\"vertical-align: inherit;\">Precios y disponibilidad actualizados el 2026-05-01 (sujetos a cambios). Como Afiliados de Amazon, podemos obtener ingresos por compras que cumplan los requisitos, sin coste adicional para ti.<\/span><\/span><\/p>\n\n\n<p><\/p>\n\n\n\n<div style=\"height:50px\" aria-hidden=\"true\" class=\"wp-block-spacer\"><\/div>\n\n\n\n<p><\/p>\n\n\n\n<h3 class=\"wp-block-heading\"><strong>iAP Pharma n\u00ba 4: una alternativa fresca y elegante<\/strong><\/h3>\n\n\n\n<p><strong>iAP Pharma N\u00ba 4<\/strong> es una fragancia que evoca la misma elegancia que <strong>Dolce &amp; Gabbana Classic<\/strong>, con una frescura delicada y floral. Perfecta para quienes buscan una fragancia ligera pero sofisticada, esta alternativa es una excelente opci\u00f3n a un precio m\u00e1s asequible. <\/p>\n\n\n\n<p><strong>Notas principales:<\/strong><\/p>\n\n\n\n<ul class=\"wp-block-list\">\n<li><strong>Notas de salida<\/strong>: Bergamota, lim\u00f3n.<\/li>\n\n\n\n<li><strong>Notas de coraz\u00f3n<\/strong>: Rosa, jazm\u00edn, iris.<\/li>\n\n\n\n<li><strong>Notas de fondo<\/strong>: almizcle, cedro, \u00e1mbar.<\/li>\n<\/ul>\n\n\n\n<p><\/p>\n\n\n\n<p><strong><a href=\"https:\/\/equivalenzaprofumi.com\/equivalenza-iap-pharma-nr-4\/\">M\u00e1s informaci\u00f3n sobre iAP Pharma n\u00ba 4 aqu\u00ed.<\/a><\/strong><\/p>\n\n\n\n<p><\/p>\n\n\n\n<div style=\"height:20px\" aria-hidden=\"true\" class=\"wp-block-spacer\"><\/div>\n\n\n\n<p><\/p>\n\n\n\n<div class=\"aawp\">\n\n            \n            \n<div class=\"aawp-product aawp-product--horizontal aawp-product--css-adjust-image-large\"  data-aawp-product-asin=\"B07KM766QQ\" data-aawp-product-id=\"11990\" data-aawp-tracking-id=\"equivalenzapr-21\" data-aawp-product-title=\"iap PHARMA PARFUMS N\u00ba 4 - Profumo con Vaporizzatore da Donna Fresca 150 Millilitri\" data-aawp-geotargeting=\"true\" data-aawp-local-click-tracking=\"1\">\n\n    \n    <div class=\"aawp-product__thumb\">\n        <a class=\"aawp-product__image-link\" href=\"https:\/\/www.amazon.it\/dp\/B07KM766QQ?tag=equivalenzapr-21&#038;linkCode=ogi&#038;th=1&#038;psc=1\" title=\"iap PHARMA PARFUMS N\u00ba 4 - Profumo con Vaporizzatore da Donna, Fresca, 150 Millilitri\" rel=\"nofollow noopener sponsored\" target=\"_blank\">\n            <img decoding=\"async\" class=\"aawp-product__image\" src=\"https:\/\/m.media-amazon.com\/images\/I\/310nxhXFTKL.jpg\" alt=\"iap PHARMA PARFUMS N\u00ba 4 - Profumo con Vaporizzatore da Donna, Fresca, 150 Millilitri\"  \/>\n        <\/a>\n\n            <\/div>\n\n    <div class=\"aawp-product__content\">\n        <a class=\"aawp-product__title\" href=\"https:\/\/www.amazon.it\/dp\/B07KM766QQ?tag=equivalenzapr-21&#038;linkCode=ogi&#038;th=1&#038;psc=1\" title=\"iap PHARMA PARFUMS N\u00ba 4 - Profumo con Vaporizzatore da Donna, Fresca, 150 Millilitri\" rel=\"nofollow noopener sponsored\" target=\"_blank\">\n            iap PHARMA PARFUMS N\u00ba 4 &#8211; Profumo con Vaporizzatore da Donna, Fresca, 150 Millilitri        <\/a>\n        <div class=\"aawp-product__description\">\n            <ul><li>Eau de parfum la donna di lunga durata che rimangono a lungo sulla pelle<\/li><li>Goditi il suo intenso aroma tutto il giorno<\/li><li>Prendi un tocco di glamour al tuo profumo<\/li><li>Profumo 150ml con vaporizzatore da donna<\/li><li>Ottimo per l&#8217;uso quotidiano<\/li><\/ul>        <\/div>\n    <\/div>\n\n    <div class=\"aawp-product__footer\">\n\n        <div class=\"aawp-product__pricing\">\n            \n                            <span class=\"aawp-product__price aawp-product__price--current\"><\/span>\n            \n                    <\/div>\n\n                <a class=\"aawp-button aawp-button--buy aawp-button aawp-button--amazon\" href=\"https:\/\/www.amazon.it\/dp\/B07KM766QQ?tag=equivalenzapr-21&#038;linkCode=ogi&#038;th=1&#038;psc=1\" title=\"VER EN AMAZON\" target=\"_blank\" rel=\"nofollow noopener sponsored\">VER EN AMAZON<\/a>\n            <\/div>\n\n<\/div>\n\n    \n<\/div>\n<p class=\"aawp-disclaimer\"><span style=\"vertical-align: inherit;\"><span style=\"vertical-align: inherit;\">Precios y disponibilidad actualizados el 2026-05-01 (sujetos a cambios). Como Afiliados de Amazon, podemos obtener ingresos por compras que cumplan los requisitos, sin coste adicional para ti.<\/span><\/span><\/p>\n\n\n<p><\/p>\n\n\n\n<div style=\"height:50px\" aria-hidden=\"true\" class=\"wp-block-spacer\"><\/div>\n\n\n\n<p><\/p>\n\n\n\n<h3 class=\"wp-block-heading\"><strong>Yodeyma Gianna: Elegancia y feminidad<\/strong><\/h3>\n\n\n\n<p><strong>Yodeyma Gianna<\/strong> es una alternativa a <strong>Dolce&amp;Gabbana Classic<\/strong> que ofrece un aroma floral y envolvente. Con su mezcla de notas frescas y sensuales, <strong>Gianna<\/strong> es perfecta para quienes buscan una fragancia sofisticada para llevar durante todo el d\u00eda. <\/p>\n\n\n\n<p><strong>Notas principales:<\/strong><\/p>\n\n\n\n<ul class=\"wp-block-list\">\n<li><strong>Notas de salida<\/strong>: Mandarina, frutos rojos.<\/li>\n\n\n\n<li><strong>Notas de coraz\u00f3n<\/strong>: Jazm\u00edn, rosa, lila.<\/li>\n\n\n\n<li><strong>Notas de fondo<\/strong>: almizcle, vainilla, cedro.<\/li>\n<\/ul>\n\n\n\n<p><\/p>\n\n\n\n<p><strong><a href=\"https:\/\/equivalenzaprofumi.com\/es\/equivalencia-yodeyma-gianna\/\">M\u00e1s informaci\u00f3n sobre Yodeyma Gianna aqu\u00ed.<\/a><\/strong><\/p>\n\n\n\n<p><\/p>\n\n\n\n<p><\/p>\n\n\n\n<p><\/p>\n\n\n\n<p><\/p>\n\n\n\n<p><\/p>\n\n\n\n<p><\/p>\n\n\n\n<p><\/p>\n\n\n\n<div class=\"aawp\">\n\n            \n            \n<div class=\"aawp-product aawp-product--horizontal aawp-product--css-adjust-image-large\"  data-aawp-product-asin=\"B0CTR3MN8X\" data-aawp-product-id=\"11875\" data-aawp-tracking-id=\"equivalenzapr-21\" data-aawp-product-title=\"Giannas Profumo Donna Eau de Parfum 50ml Yodeym\" data-aawp-geotargeting=\"true\" data-aawp-local-click-tracking=\"1\">\n\n    \n    <div class=\"aawp-product__thumb\">\n        <a class=\"aawp-product__image-link\" href=\"https:\/\/www.amazon.it\/dp\/B0CTR3MN8X?tag=equivalenzapr-21&#038;linkCode=ogi&#038;th=1&#038;psc=1\" title=\"Giannas Profumo Donna Eau de Parfum 50ml Yodeym\" rel=\"nofollow noopener sponsored\" target=\"_blank\">\n            <img decoding=\"async\" class=\"aawp-product__image\" src=\"https:\/\/m.media-amazon.com\/images\/I\/31pVwAdVPYL.jpg\" alt=\"Giannas Profumo Donna Eau de Parfum 50ml Yodeym\"  \/>\n        <\/a>\n\n            <\/div>\n\n    <div class=\"aawp-product__content\">\n        <a class=\"aawp-product__title\" href=\"https:\/\/www.amazon.it\/dp\/B0CTR3MN8X?tag=equivalenzapr-21&#038;linkCode=ogi&#038;th=1&#038;psc=1\" title=\"Giannas Profumo Donna Eau de Parfum 50ml Yodeym\" rel=\"nofollow noopener sponsored\" target=\"_blank\">\n            Giannas Profumo Donna Eau de Parfum 50ml Yodeym        <\/a>\n        <div class=\"aawp-product__description\">\n                    <\/div>\n    <\/div>\n\n    <div class=\"aawp-product__footer\">\n\n        <div class=\"aawp-product__pricing\">\n            \n                            <span class=\"aawp-product__price aawp-product__price--current\"><\/span>\n            \n                    <\/div>\n\n                <a class=\"aawp-button aawp-button--buy aawp-button aawp-button--amazon\" href=\"https:\/\/www.amazon.it\/dp\/B0CTR3MN8X?tag=equivalenzapr-21&#038;linkCode=ogi&#038;th=1&#038;psc=1\" title=\"VER EN AMAZON\" target=\"_blank\" rel=\"nofollow noopener sponsored\">VER EN AMAZON<\/a>\n            <\/div>\n\n<\/div>\n\n    \n<\/div>\n<p class=\"aawp-disclaimer\"><span style=\"vertical-align: inherit;\"><span style=\"vertical-align: inherit;\">Precios y disponibilidad actualizados el 2026-05-01 (sujetos a cambios). Como Afiliados de Amazon, podemos obtener ingresos por compras que cumplan los requisitos, sin coste adicional para ti.<\/span><\/span><\/p>\n\n\n<p><\/p>\n\n\n\n<div style=\"height:50px\" aria-hidden=\"true\" class=\"wp-block-spacer\"><\/div>\n\n\n\n<p><\/p>\n\n\n\n<h2 class=\"wp-block-heading\"><strong>\u00bfCu\u00e1l es la mejor alternativa a Dolce &amp; Gabbana Classic?<\/strong><\/h2>\n\n\n\n<p>Tanto <strong>Saphir Select Woman<\/strong>, como <strong>iAP Pharma N\u00ba 4<\/strong> y <strong>Yodeyma Gianna<\/strong> son excelentes alternativas a <strong>Dolce &amp; Gabbana Classic<\/strong>. Si desea una fragancia fresca y refinada, <strong>Saphir Select Woman<\/strong> es una excelente elecci\u00f3n. Si prefiere una fragancia floral pero fresca, <strong>iAP Pharma N\u00ba 4<\/strong> puede ser la soluci\u00f3n ideal. <strong>Yodeyma Gianna<\/strong>, en cambio, es perfecta para quienes buscan una fragancia envolvente y sensual.  <\/p>\n\n\n\n<p><\/p>\n\n\n\n<div style=\"height:50px\" aria-hidden=\"true\" class=\"wp-block-spacer\"><\/div>\n","protected":false},"excerpt":{"rendered":"<p>Dolce &amp; Gabbana Classic es una fragancia ic\u00f3nica que evoca el lujo y la sensualidad t\u00edpicos de la casa de moda italiana. Con una refinada mezcla de notas florales y orientales, esta fragancia es perfecta para quienes buscan un toque de elegancia atemporal. Si quieres [&hellip;]<\/p>\n","protected":false},"author":1,"featured_media":4164,"parent":0,"menu_order":0,"comment_status":"closed","ping_status":"closed","template":"","meta":{"site-sidebar-layout":"default","site-content-layout":"","ast-site-content-layout":"default","site-content-style":"default","site-sidebar-style":"default","ast-global-header-display":"","ast-banner-title-visibility":"","ast-main-header-display":"","ast-hfb-above-header-display":"","ast-hfb-below-header-display":"","ast-hfb-mobile-header-display":"","site-post-title":"","ast-breadcrumbs-content":"","ast-featured-img":"disabled","footer-sml-layout":"","theme-transparent-header-meta":"","adv-header-id-meta":"","stick-header-meta":"","header-above-stick-meta":"","header-main-stick-meta":"","header-below-stick-meta":"","astra-migrate-meta-layouts":"set","ast-page-background-enabled":"default","ast-page-background-meta":{"desktop":{"background-color":"var(--ast-global-color-4)","background-image":"","background-repeat":"repeat","background-position":"center center","background-size":"auto","background-attachment":"scroll","background-type":"","background-media":"","overlay-type":"","overlay-color":"","overlay-opacity":"","overlay-gradient":""},"tablet":{"background-color":"","background-image":"","background-repeat":"repeat","background-position":"center center","background-size":"auto","background-attachment":"scroll","background-type":"","background-media":"","overlay-type":"","overlay-color":"","overlay-opacity":"","overlay-gradient":""},"mobile":{"background-color":"","background-image":"","background-repeat":"repeat","background-position":"center center","background-size":"auto","background-attachment":"scroll","background-type":"","background-media":"","overlay-type":"","overlay-color":"","overlay-opacity":"","overlay-gradient":""}},"ast-content-background-meta":{"desktop":{"background-color":"var(--ast-global-color-5)","background-image":"","background-repeat":"repeat","background-position":"center center","background-size":"auto","background-attachment":"scroll","background-type":"","background-media":"","overlay-type":"","overlay-color":"","overlay-opacity":"","overlay-gradient":""},"tablet":{"background-color":"var(--ast-global-color-5)","background-image":"","background-repeat":"repeat","background-position":"center center","background-size":"auto","background-attachment":"scroll","background-type":"","background-media":"","overlay-type":"","overlay-color":"","overlay-opacity":"","overlay-gradient":""},"mobile":{"background-color":"var(--ast-global-color-5)","background-image":"","background-repeat":"repeat","background-position":"center center","background-size":"auto","background-attachment":"scroll","background-type":"","background-media":"","overlay-type":"","overlay-color":"","overlay-opacity":"","overlay-gradient":""}},"footnotes":""},"class_list":["post-6097","page","type-page","status-publish","has-post-thumbnail","hentry"],"_links":{"self":[{"href":"https:\/\/equivalenzaprofumi.com\/es\/wp-json\/wp\/v2\/pages\/6097","targetHints":{"allow":["GET"]}}],"collection":[{"href":"https:\/\/equivalenzaprofumi.com\/es\/wp-json\/wp\/v2\/pages"}],"about":[{"href":"https:\/\/equivalenzaprofumi.com\/es\/wp-json\/wp\/v2\/types\/page"}],"author":[{"embeddable":true,"href":"https:\/\/equivalenzaprofumi.com\/es\/wp-json\/wp\/v2\/users\/1"}],"replies":[{"embeddable":true,"href":"https:\/\/equivalenzaprofumi.com\/es\/wp-json\/wp\/v2\/comments?post=6097"}],"version-history":[{"count":5,"href":"https:\/\/equivalenzaprofumi.com\/es\/wp-json\/wp\/v2\/pages\/6097\/revisions"}],"predecessor-version":[{"id":15990,"href":"https:\/\/equivalenzaprofumi.com\/es\/wp-json\/wp\/v2\/pages\/6097\/revisions\/15990"}],"wp:featuredmedia":[{"embeddable":true,"href":"https:\/\/equivalenzaprofumi.com\/es\/wp-json\/wp\/v2\/media\/4164"}],"wp:attachment":[{"href":"https:\/\/equivalenzaprofumi.com\/es\/wp-json\/wp\/v2\/media?parent=6097"}],"curies":[{"name":"wp","href":"https:\/\/api.w.org\/{rel}","templated":true}]}}