{"id":3922,"date":"2025-09-02T05:58:24","date_gmt":"2025-09-02T05:58:24","guid":{"rendered":"https:\/\/equivalenzaprofumi.com\/le-parfum-armani-code-woman-et-ses-meilleurs-equivalents"},"modified":"2025-11-01T21:35:10","modified_gmt":"2025-11-01T21:35:10","slug":"le-parfum-armani-code-woman-et-ses-meilleurs-equivalents","status":"publish","type":"page","link":"https:\/\/equivalenzaprofumi.com\/fr\/le-parfum-armani-code-woman-et-ses-meilleurs-equivalents\/","title":{"rendered":"Le parfum Armani Code Woman et ses meilleurs \u00e9quivalents"},"content":{"rendered":"\n<div style=\"height:40px\" aria-hidden=\"true\" class=\"wp-block-spacer\"><\/div>\n\n\n\n<p><strong>Armani Code Woman<\/strong> est un parfum embl\u00e9matique qui combine des notes florales et \u00e9pic\u00e9es avec une touche orientale qui le rend sophistiqu\u00e9 et s\u00e9duisant. Si vous aimez ce parfum mais que vous cherchez des alternatives plus abordables ou nuanc\u00e9es diff\u00e9remment, voici les meilleurs \u00e9quivalents d&rsquo;Armani Code Woman, Voici les <strong>meilleurs \u00e9quivalents d&rsquo; Armani Code Woman.<\/strong> <\/p>\n\n\n\n<p><\/p>\n\n\n\n<div style=\"height:50px\" aria-hidden=\"true\" class=\"wp-block-spacer\"><\/div>\n\n\n\n<p><\/p>\n\n\n\n<h2 class=\"wp-block-heading\">Les meilleures alternatives \u00e0 Armani Code Woman<\/h2>\n\n\n\n<p>Voici trois parfums qui imitent efficacement la fragrance Armani Code Woman. Ces parfums offrent des exp\u00e9riences similaires \u00e0 la fragrance originale, mais \u00e0 des prix plus abordables ou avec des variations subtiles dans la composition. <\/p>\n\n\n\n<div style=\"height:20px\" aria-hidden=\"true\" class=\"wp-block-spacer\"><\/div>\n\n\n\n<h3 class=\"wp-block-heading\">Saphir Black pour femmes : une alternative \u00e9l\u00e9gante et sophistiqu\u00e9e<\/h3>\n\n\n\n<p><strong>Saphir Black Femme<\/strong> est l&rsquo;une des alternatives les plus importantes \u00e0 <strong>Armani Code Woman<\/strong>. Ce parfum capture la sophistication et la sensualit\u00e9 de l&rsquo;original, avec des notes de fleur d&rsquo;oranger, de jasmin, de musc et de vanille, offrant une sensation chaude et enveloppante. Il est id\u00e9al pour celles qui recherchent un parfum \u00e9l\u00e9gant et durable \u00e0 un prix plus abordable.  <\/p>\n\n\n\n<p><a href=\"https:\/\/equivalenzaprofumi.com\/equivalenza-saphir-black-femme\/\">Pour en savoir plus sur Saphir Black Femme, cliquez ici.<\/a><\/p>\n\n\n\n<p><\/p>\n\n\n\n<div style=\"height:20px\" aria-hidden=\"true\" class=\"wp-block-spacer\"><\/div>\n\n\n\n<p><\/p>\n\n\n\n<div class=\"aawp\">\n\n            \n            \n<div class=\"aawp-product aawp-product--horizontal aawp-product--css-adjust-image-large\"  data-aawp-product-asin=\"B00OUVA9CO\" data-aawp-product-id=\"11641\" data-aawp-tracking-id=\"equivalenzapr-21\" data-aawp-product-title=\"PARFUMS SAPHIR Black Femme Eau de Parfum con Vaporizzatore da Donna 200 Ml\" data-aawp-geotargeting=\"true\" data-aawp-local-click-tracking=\"1\">\n\n    \n    <div class=\"aawp-product__thumb\">\n        <a class=\"aawp-product__image-link\" href=\"https:\/\/www.amazon.it\/dp\/B00OUVA9CO?tag=equivalenzapr-21&#038;linkCode=ogi&#038;th=1&#038;psc=1\" title=\"PARFUMS SAPHIR Black Femme Eau de Parfum con Vaporizzatore da Donna, 200 Ml\" rel=\"nofollow noopener sponsored\" target=\"_blank\">\n            <img decoding=\"async\" class=\"aawp-product__image\" src=\"https:\/\/m.media-amazon.com\/images\/I\/31uzE5fpHBL.jpg\" alt=\"PARFUMS SAPHIR Black Femme Eau de Parfum con Vaporizzatore da Donna, 200 Ml\"  \/>\n        <\/a>\n\n            <\/div>\n\n    <div class=\"aawp-product__content\">\n        <a class=\"aawp-product__title\" href=\"https:\/\/www.amazon.it\/dp\/B00OUVA9CO?tag=equivalenzapr-21&#038;linkCode=ogi&#038;th=1&#038;psc=1\" title=\"PARFUMS SAPHIR Black Femme Eau de Parfum con Vaporizzatore da Donna, 200 Ml\" rel=\"nofollow noopener sponsored\" target=\"_blank\">\n            PARFUMS SAPHIR Black Femme Eau de Parfum con Vaporizzatore da Donna, 200 Ml        <\/a>\n        <div class=\"aawp-product__description\">\n            <ul><li>Morbido profumo orientale<\/li><li>La sua piramide olfattiva inizia con note di mandarino, per continuare con dettagli di fiori d&rsquo;arancio che ci trasportano in un ambiente naturale.<\/li><li>Le eau de parfums SAPHIR Parfums sono ideali per le donne che vogliono prendersi cura di se stesse quotidianamente, perch\u00e9 sono fragranze piacevoli e di lunga durata.<\/li><li>Con pochi tocchi sui polsi e sul collo, otterrete la fragranza che vi accompagner\u00e0 tutto il giorno.<\/li><li>Inoltre, il suo flacone spray da 200 ml lo rende un profumo conveniente per l&rsquo;uso quotidiano.<\/li><\/ul>        <\/div>\n    <\/div>\n\n    <div class=\"aawp-product__footer\">\n\n        <div class=\"aawp-product__pricing\">\n            \n                            <span class=\"aawp-product__price aawp-product__price--current\"><\/span>\n            \n                    <\/div>\n\n                <a class=\"aawp-button aawp-button--buy aawp-button aawp-button--amazon\" href=\"https:\/\/www.amazon.it\/dp\/B00OUVA9CO?tag=equivalenzapr-21&#038;linkCode=ogi&#038;th=1&#038;psc=1\" title=\"VOIR SUR AMAZON\" target=\"_blank\" rel=\"nofollow noopener sponsored\">VOIR SUR AMAZON<\/a>\n            <\/div>\n\n<\/div>\n\n    \n<\/div>\n<p class=\"aawp-disclaimer\"><span style=\"vertical-align: inherit;\"><span style=\"vertical-align: inherit;\">Prix et disponibilit\u00e9s mis \u00e0 jour le 2026-04-30 (susceptibles d\u2019\u00e9voluer). En tant que Partenaires Amazon, nous pouvons percevoir une commission sur les achats \u00e9ligibles, sans co\u00fbt suppl\u00e9mentaire pour vous.<\/span><\/span><\/p>\n\n\n<p><\/p>\n\n\n\n<div style=\"height:50px\" aria-hidden=\"true\" class=\"wp-block-spacer\"><\/div>\n\n\n\n<p><\/p>\n\n\n\n<h3 class=\"wp-block-heading\">iAP Pharma No 28 : une option abordable aux notes sensuelles <\/h3>\n\n\n\n<p><strong>iAP Pharma No. 28<\/strong> est un excellent choix si vous \u00eates \u00e0 la recherche d&rsquo;un parfum similaire \u00e0 celui d&rsquo; Armani Code Woman. recherchez un parfum similaire \u00e0 <strong>Armani Code Woman<\/strong>, mais \u00e0 un prix plus abordable. Avec ses notes d&rsquo; agrumes, de fleur d&rsquo; oranger et de subtiles touches d &lsquo; \u00e9pices, iAP Pharma N\u00ba 28 recr\u00e9e l&rsquo;essence orientale et f\u00e9minine du parfum original, <strong>iAP Pharma N\u00ba 28<\/strong> recr\u00e9e l&rsquo; essence orientale et f\u00e9minine du parfum original, offrant une option \u00e9conomique sans sacrifier la qualit\u00e9. <\/p>\n\n\n\n<p><a href=\"https:\/\/equivalenzaprofumi.com\/equivalence-iap-pharma-nr-28\/\">Plus de d\u00e9tails sur <strong>iAP Pharma n. 28 <\/strong> qui.<\/a><\/p>\n\n\n\n<p><\/p>\n\n\n\n<div style=\"height:20px\" aria-hidden=\"true\" class=\"wp-block-spacer\"><\/div>\n\n\n\n<p><\/p>\n\n\n\n<div class=\"aawp\">\n\n            \n            \n<div class=\"aawp-product aawp-product--horizontal aawp-product--css-adjust-image-large\"  data-aawp-product-asin=\"B018KA6BEA\" data-aawp-product-id=\"11605\" data-aawp-tracking-id=\"equivalenzapr-21\" data-aawp-product-title=\"iap PHARMA PARFUMS N\u00ba 28 - Profumo Floreale da Donna Fresca 150 Millilitri\" data-aawp-geotargeting=\"true\" data-aawp-local-click-tracking=\"1\">\n\n    \n    <div class=\"aawp-product__thumb\">\n        <a class=\"aawp-product__image-link\" href=\"https:\/\/www.amazon.it\/dp\/B018KA6BEA?tag=equivalenzapr-21&#038;linkCode=ogi&#038;th=1&#038;psc=1\" title=\"iap PHARMA PARFUMS N\u00ba 28 - Profumo Floreale da Donna, Fresca, 150 Millilitri\" rel=\"nofollow noopener sponsored\" target=\"_blank\">\n            <img decoding=\"async\" class=\"aawp-product__image\" src=\"https:\/\/m.media-amazon.com\/images\/I\/31ZI3I4p78L.jpg\" alt=\"iap PHARMA PARFUMS N\u00ba 28 - Profumo Floreale da Donna, Fresca, 150 Millilitri\"  \/>\n        <\/a>\n\n            <\/div>\n\n    <div class=\"aawp-product__content\">\n        <a class=\"aawp-product__title\" href=\"https:\/\/www.amazon.it\/dp\/B018KA6BEA?tag=equivalenzapr-21&#038;linkCode=ogi&#038;th=1&#038;psc=1\" title=\"iap PHARMA PARFUMS N\u00ba 28 - Profumo Floreale da Donna, Fresca, 150 Millilitri\" rel=\"nofollow noopener sponsored\" target=\"_blank\">\n            iap PHARMA PARFUMS N\u00ba 28 &#8211; Profumo Floreale da Donna, Fresca, 150 Millilitri        <\/a>\n        <div class=\"aawp-product__description\">\n            <ul><li>Eau de parfum la donna di lunga durata che rimangono a lungo sulla pelle<\/li><li>Goditi il suo aroma dolce e orientale<\/li><li>Con tocchi di ambra e incenso<\/li><li>Profumo 150 ml con vaporizzatore da donna<\/li><li>Ottimo per l&rsquo;uso quotidiano<\/li><\/ul>        <\/div>\n    <\/div>\n\n    <div class=\"aawp-product__footer\">\n\n        <div class=\"aawp-product__pricing\">\n            \n                            <span class=\"aawp-product__price aawp-product__price--current\"><\/span>\n            \n                    <\/div>\n\n                <a class=\"aawp-button aawp-button--buy aawp-button aawp-button--amazon\" href=\"https:\/\/www.amazon.it\/dp\/B018KA6BEA?tag=equivalenzapr-21&#038;linkCode=ogi&#038;th=1&#038;psc=1\" title=\"VOIR SUR AMAZON\" target=\"_blank\" rel=\"nofollow noopener sponsored\">VOIR SUR AMAZON<\/a>\n            <\/div>\n\n<\/div>\n\n    \n<\/div>\n<p class=\"aawp-disclaimer\"><span style=\"vertical-align: inherit;\"><span style=\"vertical-align: inherit;\">Prix et disponibilit\u00e9s mis \u00e0 jour le 2026-04-30 (susceptibles d\u2019\u00e9voluer). En tant que Partenaires Amazon, nous pouvons percevoir une commission sur les achats \u00e9ligibles, sans co\u00fbt suppl\u00e9mentaire pour vous.<\/span><\/span><\/p>\n\n\n<p><\/p>\n\n\n\n<div style=\"height:50px\" aria-hidden=\"true\" class=\"wp-block-spacer\"><\/div>\n\n\n\n<p><\/p>\n\n\n\n<h3 class=\"wp-block-heading\">Yodeyma Dauro pour elle : un parfum aux notes \u00e9l\u00e9gantes et sucr\u00e9es<\/h3>\n\n\n\n<p><strong>Yodeyma Dauro For Her<\/strong> est une autre excellente alternative \u00e0 <strong>Armani Code Woman<\/strong>. Ce parfum associe des notes florales et sucr\u00e9es \u00e0 un soup\u00e7on de vanille et de bois, cr\u00e9ant un m\u00e9lange sensuel et sophistiqu\u00e9. Il est id\u00e9al pour ceux qui recherchent une option de bonne qualit\u00e9 qui offre un parfum similaire mais avec un profil l\u00e9g\u00e8rement plus doux.  <\/p>\n\n\n\n<p><a href=\"https:\/\/equivalenzaprofumi.com\/equivalence-yodeyma-dauro-for-her\/\">Cliquez ici pour en savoir plus sur <strong>Yodeyma Dauro For Her<\/strong>.<\/a><\/p>\n\n\n\n<p><\/p>\n\n\n\n<div style=\"height:20px\" aria-hidden=\"true\" class=\"wp-block-spacer\"><\/div>\n\n\n\n<p><\/p>\n\n\n\n<div class=\"aawp\">\n\n            \n            \n<div class=\"aawp-product aawp-product--horizontal aawp-product--css-adjust-image-large\"  data-aawp-product-asin=\"B0CD85L4Q9\" data-aawp-product-id=\"11639\" data-aawp-tracking-id=\"equivalenzapr-21\" data-aawp-product-title=\"Dauros For Her Eau de Parfum 100ml Profumo Donna\" data-aawp-geotargeting=\"true\" data-aawp-local-click-tracking=\"1\">\n\n    \n    <div class=\"aawp-product__thumb\">\n        <a class=\"aawp-product__image-link\" href=\"https:\/\/www.amazon.it\/dp\/B0CD85L4Q9?tag=equivalenzapr-21&#038;linkCode=ogi&#038;th=1&#038;psc=1\" title=\"Dauros For Her Eau de Parfum 100ml. Profumo Donna\" rel=\"nofollow noopener sponsored\" target=\"_blank\">\n            <img decoding=\"async\" class=\"aawp-product__image\" src=\"https:\/\/m.media-amazon.com\/images\/I\/51i9g82SD9L.jpg\" alt=\"Dauros For Her Eau de Parfum 100ml. Profumo Donna\"  \/>\n        <\/a>\n\n            <\/div>\n\n    <div class=\"aawp-product__content\">\n        <a class=\"aawp-product__title\" href=\"https:\/\/www.amazon.it\/dp\/B0CD85L4Q9?tag=equivalenzapr-21&#038;linkCode=ogi&#038;th=1&#038;psc=1\" title=\"Dauros For Her Eau de Parfum 100ml. Profumo Donna\" rel=\"nofollow noopener sponsored\" target=\"_blank\">\n            Dauros For Her Eau de Parfum 100ml. Profumo Donna        <\/a>\n        <div class=\"aawp-product__description\">\n            <ul><li>Dauros For Her Eau de Parfum 100ml. Profumo Donna<\/li><li>FRAGRANZA PERSONALE<\/li><li>Generico<\/li><\/ul>        <\/div>\n    <\/div>\n\n    <div class=\"aawp-product__footer\">\n\n        <div class=\"aawp-product__pricing\">\n            \n                            <span class=\"aawp-product__price aawp-product__price--current\"><\/span>\n            \n                    <\/div>\n\n                <a class=\"aawp-button aawp-button--buy aawp-button aawp-button--amazon\" href=\"https:\/\/www.amazon.it\/dp\/B0CD85L4Q9?tag=equivalenzapr-21&#038;linkCode=ogi&#038;th=1&#038;psc=1\" title=\"VOIR SUR AMAZON\" target=\"_blank\" rel=\"nofollow noopener sponsored\">VOIR SUR AMAZON<\/a>\n            <\/div>\n\n<\/div>\n\n    \n<\/div>\n<p class=\"aawp-disclaimer\"><span style=\"vertical-align: inherit;\"><span style=\"vertical-align: inherit;\">Prix et disponibilit\u00e9s mis \u00e0 jour le 2026-04-30 (susceptibles d\u2019\u00e9voluer). En tant que Partenaires Amazon, nous pouvons percevoir une commission sur les achats \u00e9ligibles, sans co\u00fbt suppl\u00e9mentaire pour vous.<\/span><\/span><\/p>\n\n\n<p><\/p>\n\n\n\n<p><\/p>\n\n\n\n<div style=\"height:50px\" aria-hidden=\"true\" class=\"wp-block-spacer\"><\/div>\n\n\n\n<p><\/p>\n\n\n\n<h2 class=\"wp-block-heading\">Quelle est la meilleure alternative \u00e0 Armani Code Woman?<\/h2>\n\n\n\n<p>Chacune de ces options a quelque chose d&rsquo; unique \u00e0 offrir. Si vous recherchez un parfum sophistiqu\u00e9 et durable, <strong>Saphir Black Femme<\/strong> est l&rsquo;une des meilleures alternatives. Si vous pr\u00e9f\u00e9rez une option plus abordable, <strong>iAP Pharma No. 28<\/strong> offre un excellent rapport qualit\u00e9-prix. Pour celles qui pr\u00e9f\u00e8rent un parfum plus doux et plus chaud, <strong>Yodeyma Dauro For Her<\/strong> est une option \u00e0 consid\u00e9rer.   <\/p>\n\n\n\n<p>N&rsquo;oubliez pas que la meilleure alternative d\u00e9pend de vos go\u00fbts personnels. Nous vous recommandons donc de les essayer pour trouver celle qui vous convient le mieux.<\/p>\n\n\n\n<div style=\"height:50px\" aria-hidden=\"true\" class=\"wp-block-spacer\"><\/div>\n\n\n\n<p><\/p>\n\n\n\n<div style=\"height:50px\" aria-hidden=\"true\" class=\"wp-block-spacer\"><\/div>\n\n\n\n<p><\/p>\n","protected":false},"excerpt":{"rendered":"<p>Armani Code Woman est un parfum embl\u00e9matique qui combine des notes florales et \u00e9pic\u00e9es avec une touche orientale qui le rend sophistiqu\u00e9 et s\u00e9duisant. Si vous aimez ce parfum mais que vous cherchez des alternatives plus abordables ou nuanc\u00e9es diff\u00e9remment, voici les meilleurs \u00e9quivalents d&rsquo;Armani [&hellip;]<\/p>\n","protected":false},"author":1,"featured_media":3901,"parent":0,"menu_order":0,"comment_status":"closed","ping_status":"closed","template":"","meta":{"site-sidebar-layout":"default","site-content-layout":"","ast-site-content-layout":"default","site-content-style":"default","site-sidebar-style":"default","ast-global-header-display":"","ast-banner-title-visibility":"","ast-main-header-display":"","ast-hfb-above-header-display":"","ast-hfb-below-header-display":"","ast-hfb-mobile-header-display":"","site-post-title":"","ast-breadcrumbs-content":"","ast-featured-img":"disabled","footer-sml-layout":"","theme-transparent-header-meta":"","adv-header-id-meta":"","stick-header-meta":"","header-above-stick-meta":"","header-main-stick-meta":"","header-below-stick-meta":"","astra-migrate-meta-layouts":"set","ast-page-background-enabled":"default","ast-page-background-meta":{"desktop":{"background-color":"var(--ast-global-color-4)","background-image":"","background-repeat":"repeat","background-position":"center center","background-size":"auto","background-attachment":"scroll","background-type":"","background-media":"","overlay-type":"","overlay-color":"","overlay-opacity":"","overlay-gradient":""},"tablet":{"background-color":"","background-image":"","background-repeat":"repeat","background-position":"center center","background-size":"auto","background-attachment":"scroll","background-type":"","background-media":"","overlay-type":"","overlay-color":"","overlay-opacity":"","overlay-gradient":""},"mobile":{"background-color":"","background-image":"","background-repeat":"repeat","background-position":"center center","background-size":"auto","background-attachment":"scroll","background-type":"","background-media":"","overlay-type":"","overlay-color":"","overlay-opacity":"","overlay-gradient":""}},"ast-content-background-meta":{"desktop":{"background-color":"var(--ast-global-color-5)","background-image":"","background-repeat":"repeat","background-position":"center center","background-size":"auto","background-attachment":"scroll","background-type":"","background-media":"","overlay-type":"","overlay-color":"","overlay-opacity":"","overlay-gradient":""},"tablet":{"background-color":"var(--ast-global-color-5)","background-image":"","background-repeat":"repeat","background-position":"center center","background-size":"auto","background-attachment":"scroll","background-type":"","background-media":"","overlay-type":"","overlay-color":"","overlay-opacity":"","overlay-gradient":""},"mobile":{"background-color":"var(--ast-global-color-5)","background-image":"","background-repeat":"repeat","background-position":"center center","background-size":"auto","background-attachment":"scroll","background-type":"","background-media":"","overlay-type":"","overlay-color":"","overlay-opacity":"","overlay-gradient":""}},"footnotes":""},"class_list":["post-3922","page","type-page","status-publish","has-post-thumbnail","hentry"],"_links":{"self":[{"href":"https:\/\/equivalenzaprofumi.com\/fr\/wp-json\/wp\/v2\/pages\/3922","targetHints":{"allow":["GET"]}}],"collection":[{"href":"https:\/\/equivalenzaprofumi.com\/fr\/wp-json\/wp\/v2\/pages"}],"about":[{"href":"https:\/\/equivalenzaprofumi.com\/fr\/wp-json\/wp\/v2\/types\/page"}],"author":[{"embeddable":true,"href":"https:\/\/equivalenzaprofumi.com\/fr\/wp-json\/wp\/v2\/users\/1"}],"replies":[{"embeddable":true,"href":"https:\/\/equivalenzaprofumi.com\/fr\/wp-json\/wp\/v2\/comments?post=3922"}],"version-history":[{"count":3,"href":"https:\/\/equivalenzaprofumi.com\/fr\/wp-json\/wp\/v2\/pages\/3922\/revisions"}],"predecessor-version":[{"id":14212,"href":"https:\/\/equivalenzaprofumi.com\/fr\/wp-json\/wp\/v2\/pages\/3922\/revisions\/14212"}],"wp:featuredmedia":[{"embeddable":true,"href":"https:\/\/equivalenzaprofumi.com\/fr\/wp-json\/wp\/v2\/media\/3901"}],"wp:attachment":[{"href":"https:\/\/equivalenzaprofumi.com\/fr\/wp-json\/wp\/v2\/media?parent=3922"}],"curies":[{"name":"wp","href":"https:\/\/api.w.org\/{rel}","templated":true}]}}