{"id":6520,"date":"2025-06-05T19:01:39","date_gmt":"2025-06-05T19:01:39","guid":{"rendered":"https:\/\/equivalenzaprofumi.com\/parfum-emporio-armani-she-et-ses-meilleures-equivalences"},"modified":"2025-11-28T15:34:18","modified_gmt":"2025-11-28T15:34:18","slug":"fragranza-numero-51","status":"publish","type":"page","link":"https:\/\/equivalenzaprofumi.com\/fr\/fragranza-numero-51\/","title":{"rendered":"Parfum Emporio Armani She et ses meilleures \u00e9quivalences"},"content":{"rendered":"\n<div style=\"height:40px\" aria-hidden=\"true\" class=\"wp-block-spacer\"><\/div>\n\n\n\n<p>Si vous aimez les parfums f\u00e9minins \u00e9l\u00e9gants et intemporels, <strong>Emporio Armani She<\/strong> de Giorgio Armani est un choix parfait. Iconique et discret, il est le compagnon id\u00e9al de celles qui souhaitent un parfum enveloppant et raffin\u00e9. <\/p>\n\n\n\n<p>Vous aimez le parfum <strong>Emporio Armani She<\/strong>, mais vous cherchez une alternative plus abordable ? Voici les meilleures \u00e9quivalences bon march\u00e9 \u00e0 d\u00e9couvrir en 2025.<\/p>\n\n\n\n<p><\/p>\n\n\n\n<div style=\"height:50px\" aria-hidden=\"true\" class=\"wp-block-spacer\"><\/div>\n\n\n\n<p><\/p>\n\n\n\n<h2 class=\"wp-block-heading\">Emporio Armani She : Les caract\u00e9ristiques<\/h2>\n\n\n\n<div style=\"height:20px\" aria-hidden=\"true\" class=\"wp-block-spacer\"><\/div>\n\n\n\n<p><strong>Emporio Armani She<\/strong> est un parfum qui allie d\u00e9licatesse et sophistication, offrant un bouquet olfactif harmonieux :<\/p>\n\n\n\n<ul class=\"wp-block-list\">\n<li><strong>Notes de t\u00eate<\/strong>: Bergamote, Mandarine, Poire, Ananas, Citron<\/li>\n\n\n\n<li><strong>Notes de c\u0153ur<\/strong>: H\u00e9liotrope, Muguet, Jasmin<\/li>\n\n\n\n<li><strong>Notes de fond<\/strong>: Bois de c\u00e8dre, bois de santal, musc, vanille, amande.<\/li>\n<\/ul>\n\n\n\n<p><\/p>\n\n\n\n<p>Cette combinaison cr\u00e9e un ar\u00f4me frais et velout\u00e9, parfait pour la journ\u00e9e et le soir.<\/p>\n\n\n\n<p><\/p>\n\n\n\n<div style=\"height:50px\" aria-hidden=\"true\" class=\"wp-block-spacer\"><\/div>\n\n\n\n<p><\/p>\n\n\n\n<h2 class=\"wp-block-heading\">Meilleure alternative budg\u00e9taire : Yodeyma Avec Toi<\/h2>\n\n\n\n<div style=\"height:20px\" aria-hidden=\"true\" class=\"wp-block-spacer\"><\/div>\n\n\n\n<p>Si vous souhaitez une alternative plus abordable sans sacrifier la qualit\u00e9, nous vous recommandons <strong>Yodeyma Avec Toi<\/strong>.<\/p>\n\n\n\n<p><strong>Yodeyma Avec Toi<\/strong> reproduit fid\u00e8lement les caract\u00e9ristiques de l&rsquo;<strong>Emporio Armani She<\/strong>:<\/p>\n\n\n\n<ul class=\"wp-block-list\">\n<li><strong>Ar\u00f4me<\/strong>: Frais, floral et l\u00e9g\u00e8rement poudr\u00e9.<\/li>\n\n\n\n<li><strong>Durabilit\u00e9<\/strong>: Bonne persistance sur la peau, id\u00e9ale tout au long de la journ\u00e9e.<\/li>\n\n\n\n<li><strong>Prix<\/strong>: Beaucoup moins cher que l&rsquo;original.<\/li>\n<\/ul>\n\n\n\n<p><\/p>\n\n\n\n<p><\/p>\n\n\n\n<p><\/p>\n\n\n\n<div class=\"aawp\">\n\n            \n            \n<div class=\"aawp-product aawp-product--horizontal aawp-product--css-adjust-image-large\"  data-aawp-product-asin=\"B07SN9DMNG\" data-aawp-product-id=\"11986\" data-aawp-tracking-id=\"equivalenzapr-21\" data-aawp-product-title=\"YODEYMA AVEC TOI Eau De Parfum Profumo Donna 15 ml\" data-aawp-geotargeting=\"true\" data-aawp-local-click-tracking=\"1\">\n\n    \n    <div class=\"aawp-product__thumb\">\n        <a class=\"aawp-product__image-link\" href=\"https:\/\/www.amazon.it\/dp\/B07SN9DMNG?tag=equivalenzapr-21&#038;linkCode=ogi&#038;th=1&#038;psc=1\" title=\"YODEYMA AVEC TOI Eau De Parfum Profumo Donna 15 ml\" rel=\"nofollow noopener sponsored\" target=\"_blank\">\n            <img decoding=\"async\" class=\"aawp-product__image\" src=\"https:\/\/m.media-amazon.com\/images\/I\/31sjiYDTmaL.jpg\" alt=\"YODEYMA AVEC TOI Eau De Parfum Profumo Donna 15 ml\"  \/>\n        <\/a>\n\n            <\/div>\n\n    <div class=\"aawp-product__content\">\n        <a class=\"aawp-product__title\" href=\"https:\/\/www.amazon.it\/dp\/B07SN9DMNG?tag=equivalenzapr-21&#038;linkCode=ogi&#038;th=1&#038;psc=1\" title=\"YODEYMA AVEC TOI Eau De Parfum Profumo Donna 15 ml\" rel=\"nofollow noopener sponsored\" target=\"_blank\">\n            YODEYMA AVEC TOI Eau De Parfum Profumo Donna 15 ml        <\/a>\n        <div class=\"aawp-product__description\">\n            <ul><li>15 ml<\/li><li>Nota di testa: ananas<\/li><li>Nota di cuore del mughetto<\/li><li>Nota di fondo: legno di sandalo<\/li><\/ul>        <\/div>\n    <\/div>\n\n    <div class=\"aawp-product__footer\">\n\n        <div class=\"aawp-product__pricing\">\n            \n                            <span class=\"aawp-product__price aawp-product__price--current\"><\/span>\n            \n                    <\/div>\n\n                <a class=\"aawp-button aawp-button--buy aawp-button aawp-button--amazon\" href=\"https:\/\/www.amazon.it\/dp\/B07SN9DMNG?tag=equivalenzapr-21&#038;linkCode=ogi&#038;th=1&#038;psc=1\" title=\"VOIR SUR AMAZON\" target=\"_blank\" rel=\"nofollow noopener sponsored\">VOIR SUR AMAZON<\/a>\n            <\/div>\n\n<\/div>\n\n    \n<\/div>\n<p class=\"aawp-disclaimer\"><span style=\"vertical-align: inherit;\"><span style=\"vertical-align: inherit;\">Prix et disponibilit\u00e9s mis \u00e0 jour le 2026-04-29 (susceptibles d\u2019\u00e9voluer). En tant que Partenaires Amazon, nous pouvons percevoir une commission sur les achats \u00e9ligibles, sans co\u00fbt suppl\u00e9mentaire pour vous.<\/span><\/span><\/p>\n\n\n<p><\/p>\n\n\n\n<div style=\"height:50px\" aria-hidden=\"true\" class=\"wp-block-spacer\"><\/div>\n\n\n\n<p><\/p>\n\n\n\n<h2 class=\"wp-block-heading\">Cela vaut-il la peine de choisir Yodeyma Avec Toi ?<\/h2>\n\n\n\n<div style=\"height:20px\" aria-hidden=\"true\" class=\"wp-block-spacer\"><\/div>\n\n\n\n<p>Absolument ! Si vous aimez les parfums d\u00e9licats et sophistiqu\u00e9s, <strong>Yodeyma Avec Toi<\/strong> est un excellent choix. Il offre un parfum \u00e9l\u00e9gant et durable \u00e0 un prix abordable, parfait pour un usage quotidien.  <\/p>\n\n\n\n<p><\/p>\n\n\n\n<div style=\"height:50px\" aria-hidden=\"true\" class=\"wp-block-spacer\"><\/div>\n\n\n\n<p><\/p>\n\n\n\n<div style=\"background-color: #f9f9f9; padding: 30px 20px; border-radius: 12px; margin-top: 40px;\">\n  <h2 style=\"text-align: center; font-size: 24px; margin-bottom: 25px; color: #333;\">Questions fr\u00e9quentes<\/h2>\n  \n  <div style=\"margin-bottom: 20px;\">\n    <p style=\"margin: 0; font-weight: 600; color: #1a1a1a;\">Quanto dura Yodeyma Avec Toi sulla pelle?<\/p>\n    <p style=\"margin: 5px 0 0; color: #555;\">G\u00e9n\u00e9ralement entre 5 et 7 heures, mais la dur\u00e9e peut varier en fonction du type de peau.<\/p>\n  <\/div>\n  \n  <div style=\"margin-bottom: 20px;\">\n    <p style=\"margin: 0; font-weight: 600; color: #1a1a1a;\">Yodeyma Avec Toi peut-il \u00eatre offert en cadeau ?<\/p>\n    <p style=\"margin: 5px 0 0; color: #555;\">Oui, gr\u00e2ce \u00e0 sa composition raffin\u00e9e, c&rsquo;est un excellent choix pour ceux qui appr\u00e9cient les parfums frais et discrets. <\/p>\n  <\/div>\n  \n  <div>\n    <p style=\"margin: 0; font-weight: 600; color: #1a1a1a;\">O\u00f9 puis-je acheter Yodeyma Avec Toi ?<\/p>\n    <p style=\"margin: 5px 0 0; color: #555;\">Il est disponible en ligne sur le site officiel de Yodeyma et chez les revendeurs agr\u00e9\u00e9s.<\/p>\n  <\/div>\n<\/div>\n\n\n<script type=\"application\/ld+json\">\n{\n  \"@context\": \"https:\/\/schema.org\",\n  \"@type\": \"FAQPage\",\n  \"mainEntity\": [\n    {\n      \"@type\": \"Question\",\n      \"name\": \"Quanto dura Yodeyma Avec Toi sulla pelle?\",\n      \"acceptedAnswer\": {\n        \"@type\": \"Answer\",\n        \"text\": \"Generalmente tra le 5 e le 7 ore, ma la durata pu\u00f2 variare a seconda del tipo di pelle.\"\n      }\n    },\n    {\n      \"@type\": \"Question\",\n      \"name\": \"Yodeyma Avec Toi \u00e8 adatto come regalo?\",\n      \"acceptedAnswer\": {\n        \"@type\": \"Answer\",\n        \"text\": \"S\u00ec! Grazie alla sua composizione raffinata, \u00e8 un'ottima scelta per chi apprezza i profumi freschi e discreti.\"\n      }\n    },\n    {\n      \"@type\": \"Question\",\n      \"name\": \"Dove posso acquistare Yodeyma Avec Toi?\",\n      \"acceptedAnswer\": {\n        \"@type\": \"Answer\",\n        \"text\": \"\u00c8 disponibile online sul sito ufficiale di Yodeyma e presso rivenditori autorizzati.\"\n      }\n    }\n  ]\n}\n<\/script>\n\n\n\n<div style=\"height:20px\" aria-hidden=\"true\" class=\"wp-block-spacer\"><\/div>\n\n\n\n<p><\/p>\n\n\n\n<p><\/p>\n\n\n\n<div style=\"height:50px\" aria-hidden=\"true\" class=\"wp-block-spacer\"><\/div>\n\n\n\n<p><\/p>\n","protected":false},"excerpt":{"rendered":"<p>Si vous aimez les parfums f\u00e9minins \u00e9l\u00e9gants et intemporels, Emporio Armani She de Giorgio Armani est un choix parfait. Iconique et discret, il est le compagnon id\u00e9al de celles qui souhaitent un parfum enveloppant et raffin\u00e9. Vous aimez le parfum Emporio Armani She, mais vous [&hellip;]<\/p>\n","protected":false},"author":1,"featured_media":5927,"parent":0,"menu_order":0,"comment_status":"closed","ping_status":"closed","template":"","meta":{"site-sidebar-layout":"default","site-content-layout":"","ast-site-content-layout":"default","site-content-style":"default","site-sidebar-style":"default","ast-global-header-display":"","ast-banner-title-visibility":"","ast-main-header-display":"","ast-hfb-above-header-display":"","ast-hfb-below-header-display":"","ast-hfb-mobile-header-display":"","site-post-title":"","ast-breadcrumbs-content":"","ast-featured-img":"disabled","footer-sml-layout":"","theme-transparent-header-meta":"","adv-header-id-meta":"","stick-header-meta":"","header-above-stick-meta":"","header-main-stick-meta":"","header-below-stick-meta":"","astra-migrate-meta-layouts":"set","ast-page-background-enabled":"default","ast-page-background-meta":{"desktop":{"background-color":"var(--ast-global-color-4)","background-image":"","background-repeat":"repeat","background-position":"center center","background-size":"auto","background-attachment":"scroll","background-type":"","background-media":"","overlay-type":"","overlay-color":"","overlay-opacity":"","overlay-gradient":""},"tablet":{"background-color":"","background-image":"","background-repeat":"repeat","background-position":"center center","background-size":"auto","background-attachment":"scroll","background-type":"","background-media":"","overlay-type":"","overlay-color":"","overlay-opacity":"","overlay-gradient":""},"mobile":{"background-color":"","background-image":"","background-repeat":"repeat","background-position":"center center","background-size":"auto","background-attachment":"scroll","background-type":"","background-media":"","overlay-type":"","overlay-color":"","overlay-opacity":"","overlay-gradient":""}},"ast-content-background-meta":{"desktop":{"background-color":"var(--ast-global-color-5)","background-image":"","background-repeat":"repeat","background-position":"center center","background-size":"auto","background-attachment":"scroll","background-type":"","background-media":"","overlay-type":"","overlay-color":"","overlay-opacity":"","overlay-gradient":""},"tablet":{"background-color":"var(--ast-global-color-5)","background-image":"","background-repeat":"repeat","background-position":"center center","background-size":"auto","background-attachment":"scroll","background-type":"","background-media":"","overlay-type":"","overlay-color":"","overlay-opacity":"","overlay-gradient":""},"mobile":{"background-color":"var(--ast-global-color-5)","background-image":"","background-repeat":"repeat","background-position":"center center","background-size":"auto","background-attachment":"scroll","background-type":"","background-media":"","overlay-type":"","overlay-color":"","overlay-opacity":"","overlay-gradient":""}},"footnotes":""},"class_list":["post-6520","page","type-page","status-publish","has-post-thumbnail","hentry"],"_links":{"self":[{"href":"https:\/\/equivalenzaprofumi.com\/fr\/wp-json\/wp\/v2\/pages\/6520","targetHints":{"allow":["GET"]}}],"collection":[{"href":"https:\/\/equivalenzaprofumi.com\/fr\/wp-json\/wp\/v2\/pages"}],"about":[{"href":"https:\/\/equivalenzaprofumi.com\/fr\/wp-json\/wp\/v2\/types\/page"}],"author":[{"embeddable":true,"href":"https:\/\/equivalenzaprofumi.com\/fr\/wp-json\/wp\/v2\/users\/1"}],"replies":[{"embeddable":true,"href":"https:\/\/equivalenzaprofumi.com\/fr\/wp-json\/wp\/v2\/comments?post=6520"}],"version-history":[{"count":3,"href":"https:\/\/equivalenzaprofumi.com\/fr\/wp-json\/wp\/v2\/pages\/6520\/revisions"}],"predecessor-version":[{"id":16487,"href":"https:\/\/equivalenzaprofumi.com\/fr\/wp-json\/wp\/v2\/pages\/6520\/revisions\/16487"}],"wp:featuredmedia":[{"embeddable":true,"href":"https:\/\/equivalenzaprofumi.com\/fr\/wp-json\/wp\/v2\/media\/5927"}],"wp:attachment":[{"href":"https:\/\/equivalenzaprofumi.com\/fr\/wp-json\/wp\/v2\/media?parent=6520"}],"curies":[{"name":"wp","href":"https:\/\/api.w.org\/{rel}","templated":true}]}}